{"id":24230,"date":"2025-05-09T08:55:24","date_gmt":"2025-05-09T08:55:24","guid":{"rendered":"https:\/\/www.nogometnizaotroke.com\/?post_type=product&#038;p=24230"},"modified":"2025-05-14T10:08:32","modified_gmt":"2025-05-14T10:08:32","slug":"otroski-nogometni-dres-fc-barcelona-vratar-2024-25-siva-szczesny-25","status":"publish","type":"product","link":"https:\/\/www.nogometnizaotroke.com\/it\/product\/otroski-nogometni-dres-fc-barcelona-vratar-2024-25-siva-szczesny-25\/","title":{"rendered":"Otro\u0161ki Nogometni dres FC Barcelona Vratar 2024\u201325 Siva \u2013 SZCZESNY 25"},"content":{"rendered":"<h3>Naj va\u0161 mali nogometni navdu\u0161enec zasije v vratarjevem dresu FC Barcelona 2024\u201325! Ta poseben otro\u0161ki komplet vklju\u010duje:<\/h3>\n<p>\ud83e\udde4 Siva kratka majica in kratke hla\u010de, navdihnjena po vratarjih Bar\u00e7e<\/p>\n<p>\ud83c\udfbd Personaliziran z imenom in \u0161tevilko: SZCZESNY 25<\/p>\n<p>\ud83d\udca8 Lahek, zra\u010den material za popolno udobje pri igri ali vsakodnevni rabi<\/p>\n<p>\ud83c\udfc3\u200d\u2642\ufe0f Prilagojeno za otroke \u2013 na voljo razli\u010dne velikosti<\/p>\n<p>\u2705 Odli\u010dna izbira za treninge, navija\u0161ke prilo\u017enosti ali darilo<\/p>\n<p>Podprite svojega malega \u010duvaja mre\u017ee z avtenti\u010dnim videzom vratarjev Bar\u00e7e!<\/p>\n<p>Suggerimenti per i calzini: la maglietta non include i calzini per impostazione predefinita. Se si desiderano i calzini, selezionare le opzioni relative ai calzini per pagarli.<\/p>\n<p>Suggerimento per la stampa: se il nome e il numero nell'immagine sono esattamente quelli desiderati, non \u00e8 necessario inserirli di nuovo. In caso contrario, inserire il nome e il numero desiderati.<\/p>\n<p>Consiglio per il lavaggio: si consiglia di lavare le maglie da calcio a mano. Se si desidera utilizzare una lavatrice, ricordarsi di girare la maglia e poi lavarla. Riempire la macchina con acqua fredda e utilizzare un ciclo di lavaggio delicato per proteggere maggiormente i colori.<\/p>","protected":false},"excerpt":{"rendered":"<p>Naj va\u0161 mali nogometni navdu\u0161enec zasije v vratarjevem dresu FC Barcelona 2024\u201325! Ta poseben otro\u0161ki komplet vklju\u010duje: \ud83e\udde4 Siva kratka majica in kratke hla\u010de, navdihnjena po vratarjih Bar\u00e7e \ud83c\udfbd Personaliziran z imenom in \u0161tevilko: SZCZESNY 25 \ud83d\udca8 Lahek, zra\u010den material za popolno udobje pri igri ali vsakodnevni rabi \ud83c\udfc3\u200d\u2642\ufe0f Prilagojeno za otroke \u2013 na voljo [&hellip;]<\/p>","protected":false},"featured_media":24232,"comment_status":"open","ping_status":"closed","template":"","meta":[],"product_brand":[],"product_cat":[73,34],"product_tag":[1795,1695,220,1779,993,148,1787,147],"class_list":{"0":"post-24230","1":"product","2":"type-product","3":"status-publish","4":"has-post-thumbnail","6":"product_cat-otroski","7":"product_cat-nogometni-dresi-barcelona","8":"product_tag-barcelona-dresi-za-otroke","9":"product_tag-dresi-barcelona-za-otroski","10":"product_tag-nogometni-dresi-za-otroke","11":"product_tag-otroski-dresi","12":"product_tag-otroski-dresi-barcelona-z-lastnim-imenom","13":"product_tag-poceni-nogometni-dresi","14":"product_tag-slovenski-dres","15":"product_tag-slovenski-nogometni-dresi","17":"first","18":"instock","19":"shipping-taxable","20":"purchasable","21":"product-type-variable"},"_links":{"self":[{"href":"https:\/\/www.nogometnizaotroke.com\/it\/wp-json\/wp\/v2\/product\/24230","targetHints":{"allow":["GET"]}}],"collection":[{"href":"https:\/\/www.nogometnizaotroke.com\/it\/wp-json\/wp\/v2\/product"}],"about":[{"href":"https:\/\/www.nogometnizaotroke.com\/it\/wp-json\/wp\/v2\/types\/product"}],"replies":[{"embeddable":true,"href":"https:\/\/www.nogometnizaotroke.com\/it\/wp-json\/wp\/v2\/comments?post=24230"}],"wp:featuredmedia":[{"embeddable":true,"href":"https:\/\/www.nogometnizaotroke.com\/it\/wp-json\/wp\/v2\/media\/24232"}],"wp:attachment":[{"href":"https:\/\/www.nogometnizaotroke.com\/it\/wp-json\/wp\/v2\/media?parent=24230"}],"wp:term":[{"taxonomy":"product_brand","embeddable":true,"href":"https:\/\/www.nogometnizaotroke.com\/it\/wp-json\/wp\/v2\/product_brand?post=24230"},{"taxonomy":"product_cat","embeddable":true,"href":"https:\/\/www.nogometnizaotroke.com\/it\/wp-json\/wp\/v2\/product_cat?post=24230"},{"taxonomy":"product_tag","embeddable":true,"href":"https:\/\/www.nogometnizaotroke.com\/it\/wp-json\/wp\/v2\/product_tag?post=24230"}],"curies":[{"name":"wp","href":"https:\/\/api.w.org\/{rel}","templated":true}]}}