{"id":24176,"date":"2025-05-06T06:44:52","date_gmt":"2025-05-06T06:44:52","guid":{"rendered":"https:\/\/www.nogometnizaotroke.com\/?post_type=product&#038;p=24176"},"modified":"2025-05-06T14:13:03","modified_gmt":"2025-05-06T14:13:03","slug":"kupiti-moski-nogometni-dresi-al-nassr-2025-2026-kratek-rokav-tisk-cristiano-ronaldo-cr7","status":"publish","type":"product","link":"https:\/\/www.nogometnizaotroke.com\/it\/product\/kupiti-moski-nogometni-dresi-al-nassr-2025-2026-kratek-rokav-tisk-cristiano-ronaldo-cr7\/","title":{"rendered":"Kupiti Mo\u0161ki Nogometni dresi Al-Nassr 2025-2026 Kratek Rokav tisk Cristiano Ronaldo CR7"},"content":{"rendered":"<h3>Kupiti Poceni Mo\u0161ki Nogometni dresi Al-Nassr 2025-2026 Kratek Rokav tisk Cristiano Ronaldo CR7<\/h3>\n<p>Suggerimenti per i calzini: la maglietta non include i calzini per impostazione predefinita. Se si desiderano i calzini, selezionare le opzioni relative ai calzini per pagarli.<\/p>\n<p>Suggerimento per la stampa: se il nome e il numero nell'immagine sono esattamente quelli desiderati, non \u00e8 necessario inserirli di nuovo. In caso contrario, inserire il nome e il numero desiderati.<\/p>\n<p>Consiglio per il lavaggio: si consiglia di lavare le maglie da calcio a mano. Se si desidera utilizzare una lavatrice, ricordarsi di girare la maglia e poi lavarla. Riempire la macchina con acqua fredda e utilizzare un ciclo di lavaggio delicato per proteggere maggiormente i colori.<\/p>","protected":false},"excerpt":{"rendered":"<p>Kupiti Poceni Mo\u0161ki Nogometni dresi Al-Nassr 2025-2026 Kratek Rokav tisk Cristiano Ronaldo CR7 Nasveti za nogavice: Majica ne vsebuje nogavic privzeto. \u010ce \u017eelite nogavice, izberite mo\u017enosti nogavic, da jih pla\u010date. Nasveti za tiskom: \u010ce sta ime in \u0161tevilka na sliki natanko to, kar \u017eelite, vam tega ni treba ve\u010d vna\u0161ati. \u010ce ni, potem vnesite \u017eeleno [&hellip;]<\/p>","protected":false},"featured_media":24178,"comment_status":"open","ping_status":"closed","template":"","meta":[],"product_brand":[],"product_cat":[140,598],"product_tag":[894,1789,150,217,1660,153,667,148,1258,1787,1788],"class_list":{"0":"post-24176","1":"product","2":"type-product","3":"status-publish","4":"has-post-thumbnail","6":"product_cat-moski","7":"product_cat-nogometni-dresi-al-nassr","8":"product_tag-cristiano-ronaldo-dresi","9":"product_tag-dresi-al-nassr-2025-2026","10":"product_tag-moski-nogometni-dresi","11":"product_tag-najcenejsi-nogometni-dresi","12":"product_tag-nogometni-dres","13":"product_tag-nogometni-dresi","14":"product_tag-nogometni-dresi-za-otroski-z-lastnim-tiskom","15":"product_tag-poceni-nogometni-dresi","16":"product_tag-poceni-nogometni-dresi-al-nassr","17":"product_tag-slovenski-dres","18":"product_tag-slovenski-nogometni-dres","20":"first","21":"instock","22":"shipping-taxable","23":"purchasable","24":"product-type-variable"},"_links":{"self":[{"href":"https:\/\/www.nogometnizaotroke.com\/it\/wp-json\/wp\/v2\/product\/24176","targetHints":{"allow":["GET"]}}],"collection":[{"href":"https:\/\/www.nogometnizaotroke.com\/it\/wp-json\/wp\/v2\/product"}],"about":[{"href":"https:\/\/www.nogometnizaotroke.com\/it\/wp-json\/wp\/v2\/types\/product"}],"replies":[{"embeddable":true,"href":"https:\/\/www.nogometnizaotroke.com\/it\/wp-json\/wp\/v2\/comments?post=24176"}],"wp:featuredmedia":[{"embeddable":true,"href":"https:\/\/www.nogometnizaotroke.com\/it\/wp-json\/wp\/v2\/media\/24178"}],"wp:attachment":[{"href":"https:\/\/www.nogometnizaotroke.com\/it\/wp-json\/wp\/v2\/media?parent=24176"}],"wp:term":[{"taxonomy":"product_brand","embeddable":true,"href":"https:\/\/www.nogometnizaotroke.com\/it\/wp-json\/wp\/v2\/product_brand?post=24176"},{"taxonomy":"product_cat","embeddable":true,"href":"https:\/\/www.nogometnizaotroke.com\/it\/wp-json\/wp\/v2\/product_cat?post=24176"},{"taxonomy":"product_tag","embeddable":true,"href":"https:\/\/www.nogometnizaotroke.com\/it\/wp-json\/wp\/v2\/product_tag?post=24176"}],"curies":[{"name":"wp","href":"https:\/\/api.w.org\/{rel}","templated":true}]}}