{"id":24019,"date":"2025-03-26T13:07:41","date_gmt":"2025-03-26T13:07:41","guid":{"rendered":"https:\/\/www.nogometnizaotroke.com\/?post_type=product&#038;p=24019"},"modified":"2025-04-08T08:18:35","modified_gmt":"2025-04-08T08:18:35","slug":"moske-nogometnih-dresov-portugalska-reprezentance-gostujoci-2025-26-cristiano-ronaldo-7","status":"publish","type":"product","link":"https:\/\/www.nogometnizaotroke.com\/it\/product\/moske-nogometnih-dresov-portugalska-reprezentance-gostujoci-2025-26-cristiano-ronaldo-7\/","title":{"rendered":"Mo\u0161ke Nogometnih dresov Portugalska Reprezentance Gostujo\u010di 2025-26 Cristiano Ronaldo 7"},"content":{"rendered":"<p>Novi Portugalska dres 25-\/26 gostujo\u010di uporablja \u010disto belo barvo kot platno, ki na novo interpretira emblem Quinas v dr\u017eavnem emblemu v futuristi\u010dnem slogu, prekritem s simboli\u010dno rde\u010do in zeleno. Ta dres ni samo spoj umetnosti in tehnologije, ampak tudi prikaz nogometnega duha. \u010crn dizajn z okroglim izrezom doda sodoben pridih, zaradi \u010desar je ta dres edinstven prizor na igri\u0161\u010du.<\/p>\n<p>Nasveti: \u010ce sta ime in \u0161tevilka na sliki nogometni dresi to\u010dno to, kar \u017eelite, vam ju ni treba znova vna\u0161ati. \u010ce ne, potem morate vnesti \u017eeleno ime in \u0161tevilko.<\/p>","protected":false},"excerpt":{"rendered":"<p>Novi Portugalska dres 25-\/26 gostujo\u010di uporablja \u010disto belo barvo kot platno, ki na novo interpretira emblem Quinas v dr\u017eavnem emblemu v futuristi\u010dnem slogu, prekritem s simboli\u010dno rde\u010do in zeleno. Ta dres ni samo spoj umetnosti in tehnologije, ampak tudi prikaz nogometnega duha. \u010crn dizajn z okroglim izrezom doda sodoben pridih, zaradi \u010desar je ta dres [&hellip;]<\/p>","protected":false},"featured_media":24021,"comment_status":"open","ping_status":"closed","template":"","meta":[],"product_brand":[],"product_cat":[140,84],"product_tag":[1763,1756,153,768,1758,1759,147],"class_list":{"0":"post-24019","1":"product","2":"type-product","3":"status-publish","4":"has-post-thumbnail","6":"product_cat-moski","7":"product_cat-dresi-portugalska-reprezentance","8":"product_tag-cristiano-ronaldo-dres","9":"product_tag-moski-dresi-za-nogomet","10":"product_tag-nogometni-dresi","11":"product_tag-poceni-moski-nogometni-dresi","12":"product_tag-poceni-portugalski-dresi","13":"product_tag-portugalska-z-lastnim-imenom","14":"product_tag-slovenski-nogometni-dresi","16":"first","17":"instock","18":"shipping-taxable","19":"purchasable","20":"product-type-variable"},"_links":{"self":[{"href":"https:\/\/www.nogometnizaotroke.com\/it\/wp-json\/wp\/v2\/product\/24019","targetHints":{"allow":["GET"]}}],"collection":[{"href":"https:\/\/www.nogometnizaotroke.com\/it\/wp-json\/wp\/v2\/product"}],"about":[{"href":"https:\/\/www.nogometnizaotroke.com\/it\/wp-json\/wp\/v2\/types\/product"}],"replies":[{"embeddable":true,"href":"https:\/\/www.nogometnizaotroke.com\/it\/wp-json\/wp\/v2\/comments?post=24019"}],"wp:featuredmedia":[{"embeddable":true,"href":"https:\/\/www.nogometnizaotroke.com\/it\/wp-json\/wp\/v2\/media\/24021"}],"wp:attachment":[{"href":"https:\/\/www.nogometnizaotroke.com\/it\/wp-json\/wp\/v2\/media?parent=24019"}],"wp:term":[{"taxonomy":"product_brand","embeddable":true,"href":"https:\/\/www.nogometnizaotroke.com\/it\/wp-json\/wp\/v2\/product_brand?post=24019"},{"taxonomy":"product_cat","embeddable":true,"href":"https:\/\/www.nogometnizaotroke.com\/it\/wp-json\/wp\/v2\/product_cat?post=24019"},{"taxonomy":"product_tag","embeddable":true,"href":"https:\/\/www.nogometnizaotroke.com\/it\/wp-json\/wp\/v2\/product_tag?post=24019"}],"curies":[{"name":"wp","href":"https:\/\/api.w.org\/{rel}","templated":true}]}}