{"id":23527,"date":"2025-02-25T08:27:13","date_gmt":"2025-02-25T08:27:13","guid":{"rendered":"https:\/\/www.nogometnizaotroke.com\/?post_type=product&#038;p=23527"},"modified":"2025-02-25T08:27:14","modified_gmt":"2025-02-25T08:27:14","slug":"zenske-nogometnih-dresov-manchester-city-domaci-2024-25-modra-phil-foden-47","status":"publish","type":"product","link":"https:\/\/www.nogometnizaotroke.com\/it\/product\/zenske-nogometnih-dresov-manchester-city-domaci-2024-25-modra-phil-foden-47\/","title":{"rendered":"Maglie calcio donna Manchester City Home 2024-25 Blu Phil Foden 47"},"content":{"rendered":"<p>Ta majica \u017denske Manchester City FC 2024\/25 dresi v modri barvi je narejena iz gladkega, trpe\u017enega poli blaga za dolgotrajno udobje. Zasnovan s tehnologijo dryCELL za odvajanje znoja, se zgleduje po profesionalnem kompletu z rebrastim ovratnikom in kratkimi rokavi ter kontrastnimi \u010drnimi obrobami. Z imenom Kevina De Bruyna in \u0161t. 10, odtisnjenim na zadnji strani, je podpisan z blagovno znamko PUMA na prsih in legendarno zna\u010dko ekipe MCFC. Pralno v pralnem stroju.<\/p>\n<p>Suggerimenti per i calzini: la maglietta non include i calzini per impostazione predefinita. Se si desiderano i calzini, selezionare le opzioni relative ai calzini per pagarli.<\/p>\n<p>Suggerimento per la stampa: se il nome e il numero nell'immagine sono esattamente quelli desiderati, non \u00e8 necessario inserirli di nuovo. In caso contrario, inserire il nome e il numero desiderati.<\/p>\n<p>Consiglio per il lavaggio: si consiglia di lavare le maglie da calcio a mano. Se si desidera utilizzare una lavatrice, ricordarsi di girare la maglia e poi lavarla. Riempire la macchina con acqua fredda e utilizzare un ciclo di lavaggio delicato per proteggere maggiormente i colori.<\/p>","protected":false},"excerpt":{"rendered":"<p>Ta majica \u017denske Manchester City FC 2024\/25 dresi v modri barvi je narejena iz gladkega, trpe\u017enega poli blaga za dolgotrajno udobje. Zasnovan s tehnologijo dryCELL za odvajanje znoja, se zgleduje po profesionalnem kompletu z rebrastim ovratnikom in kratkimi rokavi ter kontrastnimi \u010drnimi obrobami. Z imenom Kevina De Bruyna in \u0161t. 10, odtisnjenim na zadnji strani, [&hellip;]<\/p>","protected":false},"featured_media":23529,"comment_status":"open","ping_status":"closed","template":"","meta":[],"product_brand":[],"product_cat":[74,44],"product_tag":[1071,1640,1072,1070,1628],"class_list":{"0":"post-23527","1":"product","2":"type-product","3":"status-publish","4":"has-post-thumbnail","6":"product_cat-zenski","7":"product_cat-nogometni-dresi-manchester-city","8":"product_tag-dresi-barcelona-za-zenske","9":"product_tag-phil-foden-dres","10":"product_tag-zenske-dresi-barcelona-z-lastnim-imenom","11":"product_tag-zenske-nogometni-dresi-barcelona","12":"product_tag-zenske-nogometnih-dresov","14":"first","15":"instock","16":"shipping-taxable","17":"purchasable","18":"product-type-variable"},"_links":{"self":[{"href":"https:\/\/www.nogometnizaotroke.com\/it\/wp-json\/wp\/v2\/product\/23527","targetHints":{"allow":["GET"]}}],"collection":[{"href":"https:\/\/www.nogometnizaotroke.com\/it\/wp-json\/wp\/v2\/product"}],"about":[{"href":"https:\/\/www.nogometnizaotroke.com\/it\/wp-json\/wp\/v2\/types\/product"}],"replies":[{"embeddable":true,"href":"https:\/\/www.nogometnizaotroke.com\/it\/wp-json\/wp\/v2\/comments?post=23527"}],"wp:featuredmedia":[{"embeddable":true,"href":"https:\/\/www.nogometnizaotroke.com\/it\/wp-json\/wp\/v2\/media\/23529"}],"wp:attachment":[{"href":"https:\/\/www.nogometnizaotroke.com\/it\/wp-json\/wp\/v2\/media?parent=23527"}],"wp:term":[{"taxonomy":"product_brand","embeddable":true,"href":"https:\/\/www.nogometnizaotroke.com\/it\/wp-json\/wp\/v2\/product_brand?post=23527"},{"taxonomy":"product_cat","embeddable":true,"href":"https:\/\/www.nogometnizaotroke.com\/it\/wp-json\/wp\/v2\/product_cat?post=23527"},{"taxonomy":"product_tag","embeddable":true,"href":"https:\/\/www.nogometnizaotroke.com\/it\/wp-json\/wp\/v2\/product_tag?post=23527"}],"curies":[{"name":"wp","href":"https:\/\/api.w.org\/{rel}","templated":true}]}}