{"id":23502,"date":"2025-02-21T08:49:06","date_gmt":"2025-02-21T08:49:06","guid":{"rendered":"https:\/\/www.nogometnizaotroke.com\/?post_type=product&#038;p=23502"},"modified":"2025-03-03T09:13:02","modified_gmt":"2025-03-03T09:13:02","slug":"zenske-nogometnih-dresov-barcelona-gostujoci-2024-25-lamine-yamal-19","status":"publish","type":"product","link":"https:\/\/www.nogometnizaotroke.com\/it\/product\/zenske-nogometnih-dresov-barcelona-gostujoci-2024-25-lamine-yamal-19\/","title":{"rendered":"Maglie calcio donna Barcellona Away 2024-25 Lamine Yamal 19"},"content":{"rendered":"<p>\u017denske gostujo\u010di dres FC Barcelona 2024\/25 ima ikoni\u010dne blaugrana \u010drte na elegantnem \u010drnem ozadju, kar ustvarja vizualno osupljiv kontrast. Izstopajo\u010d element je klubski grb, upodobljen kot zna\u010dka TPU z odsevnim zaklju\u010dkom, uokvirjen z modrimi in kostanjevimi obrisi. Ta izbira oblikovanja ni samo poklon barvam mo\u0161tva, ampak daje najnovej\u0161i majici FCB tudi sodobno, v prihodnost usmerjeno estetiko.<\/p>\n<p>Suggerimenti per i calzini: la maglietta non include i calzini per impostazione predefinita. Se si desiderano i calzini, selezionare le opzioni relative ai calzini per pagarli.<\/p>\n<p>Suggerimento per la stampa: se il nome e il numero nell'immagine sono esattamente quelli desiderati, non \u00e8 necessario inserirli di nuovo. In caso contrario, inserire il nome e il numero desiderati.<\/p>\n<p>Consiglio per il lavaggio: si consiglia di lavare le maglie da calcio a mano. Se si desidera utilizzare una lavatrice, ricordarsi di girare la maglia e poi lavarla. Riempire la macchina con acqua fredda e utilizzare un ciclo di lavaggio delicato per proteggere maggiormente i colori.<\/p>","protected":false},"excerpt":{"rendered":"<p>\u017denske gostujo\u010di dres FC Barcelona 2024\/25 ima ikoni\u010dne blaugrana \u010drte na elegantnem \u010drnem ozadju, kar ustvarja vizualno osupljiv kontrast. Izstopajo\u010d element je klubski grb, upodobljen kot zna\u010dka TPU z odsevnim zaklju\u010dkom, uokvirjen z modrimi in kostanjevimi obrisi. Ta izbira oblikovanja ni samo poklon barvam mo\u0161tva, ampak daje najnovej\u0161i majici FCB tudi sodobno, v prihodnost usmerjeno [&hellip;]<\/p>","protected":false},"featured_media":23504,"comment_status":"open","ping_status":"closed","template":"","meta":[],"product_brand":[],"product_cat":[74,34],"product_tag":[1071,1632,1072,1070,1628],"class_list":{"0":"post-23502","1":"product","2":"type-product","3":"status-publish","4":"has-post-thumbnail","6":"product_cat-zenski","7":"product_cat-nogometni-dresi-barcelona","8":"product_tag-dresi-barcelona-za-zenske","9":"product_tag-lamine-yamal-dres","10":"product_tag-zenske-dresi-barcelona-z-lastnim-imenom","11":"product_tag-zenske-nogometni-dresi-barcelona","12":"product_tag-zenske-nogometnih-dresov","14":"first","15":"instock","16":"shipping-taxable","17":"purchasable","18":"product-type-variable"},"_links":{"self":[{"href":"https:\/\/www.nogometnizaotroke.com\/it\/wp-json\/wp\/v2\/product\/23502","targetHints":{"allow":["GET"]}}],"collection":[{"href":"https:\/\/www.nogometnizaotroke.com\/it\/wp-json\/wp\/v2\/product"}],"about":[{"href":"https:\/\/www.nogometnizaotroke.com\/it\/wp-json\/wp\/v2\/types\/product"}],"replies":[{"embeddable":true,"href":"https:\/\/www.nogometnizaotroke.com\/it\/wp-json\/wp\/v2\/comments?post=23502"}],"wp:featuredmedia":[{"embeddable":true,"href":"https:\/\/www.nogometnizaotroke.com\/it\/wp-json\/wp\/v2\/media\/23504"}],"wp:attachment":[{"href":"https:\/\/www.nogometnizaotroke.com\/it\/wp-json\/wp\/v2\/media?parent=23502"}],"wp:term":[{"taxonomy":"product_brand","embeddable":true,"href":"https:\/\/www.nogometnizaotroke.com\/it\/wp-json\/wp\/v2\/product_brand?post=23502"},{"taxonomy":"product_cat","embeddable":true,"href":"https:\/\/www.nogometnizaotroke.com\/it\/wp-json\/wp\/v2\/product_cat?post=23502"},{"taxonomy":"product_tag","embeddable":true,"href":"https:\/\/www.nogometnizaotroke.com\/it\/wp-json\/wp\/v2\/product_tag?post=23502"}],"curies":[{"name":"wp","href":"https:\/\/api.w.org\/{rel}","templated":true}]}}