{"id":23490,"date":"2025-02-19T13:10:52","date_gmt":"2025-02-19T13:10:52","guid":{"rendered":"https:\/\/www.nogometnizaotroke.com\/?post_type=product&#038;p=23490"},"modified":"2025-04-08T08:17:20","modified_gmt":"2025-04-08T08:17:20","slug":"zenske-nogometnih-dresov-barcelona-tretji-2024-25-lamine-yamal-19","status":"publish","type":"product","link":"https:\/\/www.nogometnizaotroke.com\/it\/product\/zenske-nogometnih-dresov-barcelona-tretji-2024-25-lamine-yamal-19\/","title":{"rendered":"Maglie calcio femminile Barcellona Terza 2024-25 Lamine Yamal 19"},"content":{"rendered":"<p>Ta \u017denske Barcelona Tretji 2024-25 dres, ki ga nosita tako mo\u0161ka kot \u017eenska ekipa FC Barcelona, je namenjen razvoju igre, ki jo imamo radi. Dvojni Swoosh dizajn ozna\u010duje enotnost med obema ekipama in ka\u017ee navzgor, da proslavi vzpon \u017eenskega nogometa. Skupaj lahko navdihnemo naslednjo generacijo \u0161portnikov. Skupaj se dvignemo. Together We Rise Tretja kolekcija 2024\/25 slavi \u0161portnice, umetnice in kulturna gibanja, ki so pustila pe\u010dat klubu in mestu. Tehnologija Stay Dry Dri-FIT odvaja znoj stran od va\u0161e ko\u017ee za hitrej\u0161e izhlapevanje, kar vam pomaga, da ostanete suhi in vam je udobno.<\/p>\n<p>Suggerimenti per i calzini: la maglietta non include i calzini per impostazione predefinita. Se si desiderano i calzini, selezionare le opzioni relative ai calzini per pagarli.<\/p>\n<p>Suggerimento per la stampa: se il nome e il numero nell'immagine sono esattamente quelli desiderati, non \u00e8 necessario inserirli di nuovo. In caso contrario, inserire il nome e il numero desiderati.<\/p>\n<p>Consiglio per il lavaggio: si consiglia di lavare le maglie da calcio a mano. Se si desidera utilizzare una lavatrice, ricordarsi di girare la maglia e poi lavarla. Riempire la macchina con acqua fredda e utilizzare un ciclo di lavaggio delicato per proteggere maggiormente i colori.<\/p>","protected":false},"excerpt":{"rendered":"<p>Ta \u017denske Barcelona Tretji 2024-25 dres, ki ga nosita tako mo\u0161ka kot \u017eenska ekipa FC Barcelona, je namenjen razvoju igre, ki jo imamo radi. Dvojni Swoosh dizajn ozna\u010duje enotnost med obema ekipama in ka\u017ee navzgor, da proslavi vzpon \u017eenskega nogometa. Skupaj lahko navdihnemo naslednjo generacijo \u0161portnikov. Skupaj se dvignemo. Together We Rise Tretja kolekcija 2024\/25 [&hellip;]<\/p>","protected":false},"featured_media":23492,"comment_status":"open","ping_status":"closed","template":"","meta":[],"product_brand":[],"product_cat":[74,34],"product_tag":[],"class_list":{"0":"post-23490","1":"product","2":"type-product","3":"status-publish","4":"has-post-thumbnail","6":"product_cat-zenski","7":"product_cat-nogometni-dresi-barcelona","9":"first","10":"instock","11":"shipping-taxable","12":"purchasable","13":"product-type-variable"},"_links":{"self":[{"href":"https:\/\/www.nogometnizaotroke.com\/it\/wp-json\/wp\/v2\/product\/23490","targetHints":{"allow":["GET"]}}],"collection":[{"href":"https:\/\/www.nogometnizaotroke.com\/it\/wp-json\/wp\/v2\/product"}],"about":[{"href":"https:\/\/www.nogometnizaotroke.com\/it\/wp-json\/wp\/v2\/types\/product"}],"replies":[{"embeddable":true,"href":"https:\/\/www.nogometnizaotroke.com\/it\/wp-json\/wp\/v2\/comments?post=23490"}],"wp:featuredmedia":[{"embeddable":true,"href":"https:\/\/www.nogometnizaotroke.com\/it\/wp-json\/wp\/v2\/media\/23492"}],"wp:attachment":[{"href":"https:\/\/www.nogometnizaotroke.com\/it\/wp-json\/wp\/v2\/media?parent=23490"}],"wp:term":[{"taxonomy":"product_brand","embeddable":true,"href":"https:\/\/www.nogometnizaotroke.com\/it\/wp-json\/wp\/v2\/product_brand?post=23490"},{"taxonomy":"product_cat","embeddable":true,"href":"https:\/\/www.nogometnizaotroke.com\/it\/wp-json\/wp\/v2\/product_cat?post=23490"},{"taxonomy":"product_tag","embeddable":true,"href":"https:\/\/www.nogometnizaotroke.com\/it\/wp-json\/wp\/v2\/product_tag?post=23490"}],"curies":[{"name":"wp","href":"https:\/\/api.w.org\/{rel}","templated":true}]}}