{"id":23429,"date":"2025-02-01T08:04:28","date_gmt":"2025-02-01T08:04:28","guid":{"rendered":"https:\/\/www.nogometnizaotroke.com\/?post_type=product&#038;p=23429"},"modified":"2025-05-06T14:11:25","modified_gmt":"2025-05-06T14:11:25","slug":"moske-nogometnih-dresov-komplet-argentina-domaci-50th-anniversary-2024-25-lionel-messi-10","status":"publish","type":"product","link":"https:\/\/www.nogometnizaotroke.com\/it\/product\/moske-nogometnih-dresov-komplet-argentina-domaci-50th-anniversary-2024-25-lionel-messi-10\/","title":{"rendered":"Maglie calcio uomo Set Argentina Home 50\u00b0 Anniversario 2024-25 Lionel Messi 10"},"content":{"rendered":"<p>Ta kos ob 50. obletnici Argentine, ki ga je navdihnila dedi\u0161\u010dina, prikazuje ve\u010d zna\u010dilnih elementov, ki ga lo\u010dujejo od obi\u010dajnih kompletov za tekme. Na majici je vidno prikazan posebej oblikovan grb AFA, okra\u0161en z lovorovimi venci, ki predstavlja dose\u017eke reprezentance, vklju\u010dno z njihovimi tremi zmagami na svetovnem prvenstvu FIFA.<br \/>\nKonstrukcija <strong>Argentina dres Doma\u010di 50th Anniversary<\/strong> uporablja tehnologijo AERO READY za uravnavanje vlage in je v celoti izdelana iz recikliranih materialov z aplikacijami TPU, pri \u010demer ohranja sodobne standarde u\u010dinkovitosti, hkrati pa sprejema klasi\u010dno estetiko. Kolekcija vklju\u010duje tudi zeleno razli\u010dico vratarja, ki potrjuje ikoni\u010dno barvo, ki so jo v zadnjih petih desetletjih nosili legendarni argentinski strelci.<\/p>\n<p>Suggerimenti per i calzini: la maglietta non include i calzini per impostazione predefinita. Se si desiderano i calzini, selezionare le opzioni relative ai calzini per pagarli.<\/p>\n<p>Suggerimento per la stampa: se il nome e il numero nell'immagine sono esattamente quelli desiderati, non \u00e8 necessario inserirli di nuovo. In caso contrario, inserire il nome e il numero desiderati.<\/p>\n<p>Consiglio per il lavaggio: si consiglia di lavare le maglie da calcio a mano. Se si desidera utilizzare una lavatrice, ricordarsi di girare la maglia e poi lavarla. Riempire la macchina con acqua fredda e utilizzare un ciclo di lavaggio delicato per proteggere maggiormente i colori.<\/p>","protected":false},"excerpt":{"rendered":"<p>Ta kos ob 50. obletnici Argentine, ki ga je navdihnila dedi\u0161\u010dina, prikazuje ve\u010d zna\u010dilnih elementov, ki ga lo\u010dujejo od obi\u010dajnih kompletov za tekme. Na majici je vidno prikazan posebej oblikovan grb AFA, okra\u0161en z lovorovimi venci, ki predstavlja dose\u017eke reprezentance, vklju\u010dno z njihovimi tremi zmagami na svetovnem prvenstvu FIFA. Konstrukcija Argentina dres Doma\u010di 50th Anniversary [&hellip;]<\/p>","protected":false},"featured_media":23431,"comment_status":"open","ping_status":"closed","template":"","meta":[],"product_brand":[],"product_cat":[140,81],"product_tag":[1592,1623,150,153,545,148,147],"class_list":{"0":"post-23429","1":"product","2":"type-product","3":"status-publish","4":"has-post-thumbnail","6":"product_cat-moski","7":"product_cat-dresi-argentina-reprezentance","8":"product_tag-argentina-50th-anniversary","9":"product_tag-lionel-messi-dres","10":"product_tag-moski-nogometni-dresi","11":"product_tag-nogometni-dresi","12":"product_tag-nogometni-dresi-slovenija","13":"product_tag-poceni-nogometni-dresi","14":"product_tag-slovenski-nogometni-dresi","16":"first","17":"instock","18":"shipping-taxable","19":"purchasable","20":"product-type-variable"},"_links":{"self":[{"href":"https:\/\/www.nogometnizaotroke.com\/it\/wp-json\/wp\/v2\/product\/23429","targetHints":{"allow":["GET"]}}],"collection":[{"href":"https:\/\/www.nogometnizaotroke.com\/it\/wp-json\/wp\/v2\/product"}],"about":[{"href":"https:\/\/www.nogometnizaotroke.com\/it\/wp-json\/wp\/v2\/types\/product"}],"replies":[{"embeddable":true,"href":"https:\/\/www.nogometnizaotroke.com\/it\/wp-json\/wp\/v2\/comments?post=23429"}],"wp:featuredmedia":[{"embeddable":true,"href":"https:\/\/www.nogometnizaotroke.com\/it\/wp-json\/wp\/v2\/media\/23431"}],"wp:attachment":[{"href":"https:\/\/www.nogometnizaotroke.com\/it\/wp-json\/wp\/v2\/media?parent=23429"}],"wp:term":[{"taxonomy":"product_brand","embeddable":true,"href":"https:\/\/www.nogometnizaotroke.com\/it\/wp-json\/wp\/v2\/product_brand?post=23429"},{"taxonomy":"product_cat","embeddable":true,"href":"https:\/\/www.nogometnizaotroke.com\/it\/wp-json\/wp\/v2\/product_cat?post=23429"},{"taxonomy":"product_tag","embeddable":true,"href":"https:\/\/www.nogometnizaotroke.com\/it\/wp-json\/wp\/v2\/product_tag?post=23429"}],"curies":[{"name":"wp","href":"https:\/\/api.w.org\/{rel}","templated":true}]}}