{"id":22715,"date":"2024-12-25T13:53:10","date_gmt":"2024-12-25T13:53:10","guid":{"rendered":"https:\/\/www.nogometnionline.com\/?post_type=product&#038;p=22715"},"modified":"2024-12-25T13:53:13","modified_gmt":"2024-12-25T13:53:13","slug":"moski-nogometni-dresi-liverpool-tretji-2024-25-kratki-rokavi-alexander-arnold-66","status":"publish","type":"product","link":"https:\/\/www.nogometnizaotroke.com\/it\/product\/moski-nogometni-dresi-liverpool-tretji-2024-25-kratki-rokavi-alexander-arnold-66\/","title":{"rendered":"Maglie calcio uomo Liverpool Terzo 2024-25 Maniche corte Alexander-Arnold 66"},"content":{"rendered":"<p>La caratteristica pi\u00f9 evidente della terza maglia del Liverpool FC 2024\/25 \u00e8 il caratteristico doppio Swoosh verticale che si estende su maglia, pantaloncini e calzettoni. Ispirato all'ala di una dea greca, questo elemento di design unico simboleggia velocit\u00e0, movimento, forza e motivazione. Sia la squadra maschile che quella femminile saranno dotate di questo dettaglio innovativo, che sottolinea l'impegno del club per la parit\u00e0 di genere nel calcio.<br \/>\nIspirandosi alla vivace scena punk di Liverpool, il design della nuova maglia dell'LFC \u00e8 descritto come \"ribelle\". Presenta un motivo audace che combina i colori iconici del club con elementi che rendono omaggio agli impavidi artisti punk della citt\u00e0, che hanno introdotto un nuovo sound dove il fiume Mersey incontra il mare d'Irlanda. L'inclusione di piume di uccelli del Liverpool nel disegno collega ulteriormente il design all'identit\u00e0 del club. Il terzo set Liverpool 24\/25, prevalentemente bianco, \u00e8 accentuato da dettagli in platino, mentre sprazzi del tradizionale rosso del club e del giallo cromo completano il look. I pantaloncini neri e i calzettoni bianchi completano la maglia, creando un insieme coeso e accattivante. L'attenzione si \u00e8 concentrata anche sul miglioramento del comfort e della vestibilit\u00e0 del kit, per garantire ai giocatori prestazioni ottimali.<\/p>\n<p>Suggerimenti per i calzini: la maglietta non include i calzini per impostazione predefinita. Se si desiderano i calzini, selezionare le opzioni relative ai calzini per pagarli.<\/p>\n<p>Suggerimento per la stampa: se il nome e il numero nell'immagine sono esattamente quelli desiderati, non \u00e8 necessario inserirli di nuovo. In caso contrario, inserire il nome e il numero desiderati.<\/p>\n<p>Consiglio per il lavaggio: si consiglia di lavare le maglie da calcio a mano. Se si desidera utilizzare una lavatrice, ricordarsi di girare la maglia e poi lavarla. Riempire la macchina con acqua fredda e utilizzare un ciclo di lavaggio delicato per proteggere maggiormente i colori.<\/p>","protected":false},"excerpt":{"rendered":"<p>Najbolj presenetljiva zna\u010dilnost Liverpool FC 2024\/25 Tretji dresi je izrazit navpi\u010dni dvojni Swoosh, ki se razteza \u010dez dres, kratke hla\u010de in nogavice. Ta edinstven oblikovalski element, ki ga je navdihnilo krilo gr\u0161ke boginje, simbolizira hitrost, gibanje, mo\u010d in motivacijo. Tako mo\u0161ka kot \u017eenska ekipa bosta opremljeni s tem inovativnim detajlom, ki poudarja zavezanost kluba enakosti [&hellip;]<\/p>","protected":false},"featured_media":22717,"comment_status":"open","ping_status":"closed","template":"","meta":[],"product_brand":[],"product_cat":[140,39],"product_tag":[971,589,296,150,148,295,147],"class_list":{"0":"post-22715","1":"product","2":"type-product","3":"status-publish","4":"has-post-thumbnail","6":"product_cat-moski","7":"product_cat-nogometni-dresi-liverpool","8":"product_tag-alexander-arnold-dresi","9":"product_tag-dresi-liverpool-za-moski","10":"product_tag-moski-dresi-liverpool-z-lastnim-imenom","11":"product_tag-moski-nogometni-dresi","12":"product_tag-poceni-nogometni-dresi","13":"product_tag-poceni-nogometni-dresi-liverpool-z-lastnim-imenom-online","14":"product_tag-slovenski-nogometni-dresi","16":"first","17":"instock","18":"shipping-taxable","19":"purchasable","20":"product-type-variable"},"_links":{"self":[{"href":"https:\/\/www.nogometnizaotroke.com\/it\/wp-json\/wp\/v2\/product\/22715","targetHints":{"allow":["GET"]}}],"collection":[{"href":"https:\/\/www.nogometnizaotroke.com\/it\/wp-json\/wp\/v2\/product"}],"about":[{"href":"https:\/\/www.nogometnizaotroke.com\/it\/wp-json\/wp\/v2\/types\/product"}],"replies":[{"embeddable":true,"href":"https:\/\/www.nogometnizaotroke.com\/it\/wp-json\/wp\/v2\/comments?post=22715"}],"wp:featuredmedia":[{"embeddable":true,"href":"https:\/\/www.nogometnizaotroke.com\/it\/wp-json\/wp\/v2\/media\/22717"}],"wp:attachment":[{"href":"https:\/\/www.nogometnizaotroke.com\/it\/wp-json\/wp\/v2\/media?parent=22715"}],"wp:term":[{"taxonomy":"product_brand","embeddable":true,"href":"https:\/\/www.nogometnizaotroke.com\/it\/wp-json\/wp\/v2\/product_brand?post=22715"},{"taxonomy":"product_cat","embeddable":true,"href":"https:\/\/www.nogometnizaotroke.com\/it\/wp-json\/wp\/v2\/product_cat?post=22715"},{"taxonomy":"product_tag","embeddable":true,"href":"https:\/\/www.nogometnizaotroke.com\/it\/wp-json\/wp\/v2\/product_tag?post=22715"}],"curies":[{"name":"wp","href":"https:\/\/api.w.org\/{rel}","templated":true}]}}