{"id":22334,"date":"2024-12-19T02:59:13","date_gmt":"2024-12-19T02:59:13","guid":{"rendered":"https:\/\/www.nogometnionline.com\/?post_type=product&#038;p=22334"},"modified":"2024-12-19T02:59:16","modified_gmt":"2024-12-19T02:59:16","slug":"zenski-nogometni-dresi-inter-miami-cf-gostujoci-2024-25-crna-kratek-rokav-luis-suarez-9","status":"publish","type":"product","link":"https:\/\/www.nogometnizaotroke.com\/it\/product\/zenski-nogometni-dresi-inter-miami-cf-gostujoci-2024-25-crna-kratek-rokav-luis-suarez-9\/","title":{"rendered":"Maglie calcio donna Inter Miami CF Away 2024-25 Nero manica corta Luis Suarez 9"},"content":{"rendered":"<p>Ta gostujo\u010di dres Inter Miami CF 2024 2025, ki ga je navdihnila ble\u0161\u010de\u010da mestna obala, o\u010dara z roza detajli in valovito grafiko. Ustvarjen za udobje nogometnih navija\u010dev, zdru\u017euje gladko tkanino in AEROREADY, ki odvaja vlago. Oznaka na vratu prikazuje aspiracijski moto ekipe \u201cSvoboda sanjam\u201d. Ta izdelek je narejen iz 100 % recikliranih materialov.<\/p>\n<p>Suggerimenti per i calzini: la maglietta non include i calzini per impostazione predefinita. Se si desiderano i calzini, selezionare le opzioni relative ai calzini per pagarli.<\/p>\n<p>Suggerimento per la stampa: se il nome e il numero nell'immagine sono esattamente quelli desiderati, non \u00e8 necessario inserirli di nuovo. In caso contrario, inserire il nome e il numero desiderati.<\/p>\n<p>Consiglio per il lavaggio: si consiglia di lavare le maglie da calcio a mano. Se si desidera utilizzare una lavatrice, ricordarsi di girare la maglia e poi lavarla. Riempire la macchina con acqua fredda e utilizzare un ciclo di lavaggio delicato per proteggere maggiormente i colori.<\/p>","protected":false},"excerpt":{"rendered":"<p>Ta gostujo\u010di dres Inter Miami CF 2024 2025, ki ga je navdihnila ble\u0161\u010de\u010da mestna obala, o\u010dara z roza detajli in valovito grafiko. Ustvarjen za udobje nogometnih navija\u010dev, zdru\u017euje gladko tkanino in AEROREADY, ki odvaja vlago. Oznaka na vratu prikazuje aspiracijski moto ekipe \u201cSvoboda sanjam\u201d. Ta izdelek je narejen iz 100 % recikliranih materialov. Nasveti za [&hellip;]<\/p>","protected":false},"featured_media":22336,"comment_status":"open","ping_status":"closed","template":"","meta":[],"product_brand":[],"product_cat":[353,74],"product_tag":[1580,346,1534,153,1085,148,1084,348,1086,147,1581,1579],"class_list":{"0":"post-22334","1":"product","2":"type-product","3":"status-publish","4":"has-post-thumbnail","6":"product_cat-nogometni-dresi-inter-miami","7":"product_cat-zenski","8":"product_tag-dresi-inter-miami-za-zenske","9":"product_tag-inter-miami-dres","10":"product_tag-luis-suarez-dresi","11":"product_tag-nogometni-dresi","12":"product_tag-nogometni-dresi-inter-miami-z-lastnim-imenom","13":"product_tag-poceni-nogometni-dresi","14":"product_tag-poceni-nogometni-dresi-inter-miami","15":"product_tag-poceni-nogometni-dresi-inter-miami-z-lastnim-imenom-online","16":"product_tag-poceni-nogometni-dresi-lionel-messi","17":"product_tag-slovenski-nogometni-dresi","18":"product_tag-zenske-dresi-inter-miami-z-lastnim-imenom","19":"product_tag-zenske-nogometni-dresi-inter-miami","21":"first","22":"instock","23":"shipping-taxable","24":"purchasable","25":"product-type-variable"},"_links":{"self":[{"href":"https:\/\/www.nogometnizaotroke.com\/it\/wp-json\/wp\/v2\/product\/22334","targetHints":{"allow":["GET"]}}],"collection":[{"href":"https:\/\/www.nogometnizaotroke.com\/it\/wp-json\/wp\/v2\/product"}],"about":[{"href":"https:\/\/www.nogometnizaotroke.com\/it\/wp-json\/wp\/v2\/types\/product"}],"replies":[{"embeddable":true,"href":"https:\/\/www.nogometnizaotroke.com\/it\/wp-json\/wp\/v2\/comments?post=22334"}],"wp:featuredmedia":[{"embeddable":true,"href":"https:\/\/www.nogometnizaotroke.com\/it\/wp-json\/wp\/v2\/media\/22336"}],"wp:attachment":[{"href":"https:\/\/www.nogometnizaotroke.com\/it\/wp-json\/wp\/v2\/media?parent=22334"}],"wp:term":[{"taxonomy":"product_brand","embeddable":true,"href":"https:\/\/www.nogometnizaotroke.com\/it\/wp-json\/wp\/v2\/product_brand?post=22334"},{"taxonomy":"product_cat","embeddable":true,"href":"https:\/\/www.nogometnizaotroke.com\/it\/wp-json\/wp\/v2\/product_cat?post=22334"},{"taxonomy":"product_tag","embeddable":true,"href":"https:\/\/www.nogometnizaotroke.com\/it\/wp-json\/wp\/v2\/product_tag?post=22334"}],"curies":[{"name":"wp","href":"https:\/\/api.w.org\/{rel}","templated":true}]}}