{"id":22276,"date":"2024-12-18T02:33:03","date_gmt":"2024-12-18T02:33:03","guid":{"rendered":"https:\/\/www.nogometnionline.com\/?post_type=product&#038;p=22276"},"modified":"2024-12-18T02:33:06","modified_gmt":"2024-12-18T02:33:06","slug":"moski-nogometni-dresi-za-nogomet-rb-leipzig-tretji-2024-2025-xavi-simons-10","status":"publish","type":"product","link":"https:\/\/www.nogometnizaotroke.com\/it\/product\/moski-nogometni-dresi-za-nogomet-rb-leipzig-tretji-2024-2025-xavi-simons-10\/","title":{"rendered":"Maglie calcio uomo RB Lipsia Terzo 2024-2025 Xavi Simons 10"},"content":{"rendered":"<p>Tretji nogometni dres RasenBallsport Leipzig 2024-25 je prete\u017eno temno modre barve s futuristi\u010dno grafiko, ki slavi klubski zagon in naslednjo generacijo.Globok V-izrez in man\u0161ete so v mint zeleni barvi, medtem ko sta grb in Leipzig v beli barvi.<\/p>\n<p>Suggerimenti per i calzini: la maglietta non include i calzini per impostazione predefinita. Se si desiderano i calzini, selezionare le opzioni relative ai calzini per pagarli.<\/p>\n<p>Suggerimento per la stampa: se il nome e il numero nell'immagine sono esattamente quelli desiderati, non \u00e8 necessario inserirli di nuovo. In caso contrario, inserire il nome e il numero desiderati.<\/p>\n<p>Consiglio per il lavaggio: si consiglia di lavare le maglie da calcio a mano. Se si desidera utilizzare una lavatrice, ricordarsi di girare la maglia e poi lavarla. Riempire la macchina con acqua fredda e utilizzare un ciclo di lavaggio delicato per proteggere maggiormente i colori.<\/p>","protected":false},"excerpt":{"rendered":"<p>Tretji nogometni dres RasenBallsport Leipzig 2024-25 je prete\u017eno temno modre barve s futuristi\u010dno grafiko, ki slavi klubski zagon in naslednjo generacijo.Globok V-izrez in man\u0161ete so v mint zeleni barvi, medtem ko sta grb in Leipzig v beli barvi. Nasveti za nogavice: Majica ne vsebuje nogavic privzeto. \u010ce \u017eelite nogavice, izberite mo\u017enosti nogavic, da jih pla\u010date. [&hellip;]<\/p>","protected":false},"featured_media":22278,"comment_status":"open","ping_status":"closed","template":"","meta":[],"product_brand":[],"product_cat":[140,62],"product_tag":[153,555,1193,554,545,159,148,1192,199,1436],"class_list":{"0":"post-22276","1":"product","2":"type-product","3":"status-publish","4":"has-post-thumbnail","6":"product_cat-moski","7":"product_cat-nogometni-dresi-rb-leipzig","8":"product_tag-nogometni-dresi","9":"product_tag-nogometni-dresi-rb-leipzig-prodaja","10":"product_tag-nogometni-dresi-rb-leipzig-z-lastnim-imenom","11":"product_tag-nogometni-dresi-rb-leipzig-z-lastnim-tiskom","12":"product_tag-nogometni-dresi-slovenija","13":"product_tag-otroski-nogometni-dresi","14":"product_tag-poceni-nogometni-dresi","15":"product_tag-poceni-nogometni-dresi-rb-leipzig","16":"product_tag-poceni-nogometni-dresi-rb-leipzig-z-lastnim-imenom-online","17":"product_tag-xavi-simons-dresi","19":"first","20":"instock","21":"shipping-taxable","22":"purchasable","23":"product-type-variable"},"_links":{"self":[{"href":"https:\/\/www.nogometnizaotroke.com\/it\/wp-json\/wp\/v2\/product\/22276","targetHints":{"allow":["GET"]}}],"collection":[{"href":"https:\/\/www.nogometnizaotroke.com\/it\/wp-json\/wp\/v2\/product"}],"about":[{"href":"https:\/\/www.nogometnizaotroke.com\/it\/wp-json\/wp\/v2\/types\/product"}],"replies":[{"embeddable":true,"href":"https:\/\/www.nogometnizaotroke.com\/it\/wp-json\/wp\/v2\/comments?post=22276"}],"wp:featuredmedia":[{"embeddable":true,"href":"https:\/\/www.nogometnizaotroke.com\/it\/wp-json\/wp\/v2\/media\/22278"}],"wp:attachment":[{"href":"https:\/\/www.nogometnizaotroke.com\/it\/wp-json\/wp\/v2\/media?parent=22276"}],"wp:term":[{"taxonomy":"product_brand","embeddable":true,"href":"https:\/\/www.nogometnizaotroke.com\/it\/wp-json\/wp\/v2\/product_brand?post=22276"},{"taxonomy":"product_cat","embeddable":true,"href":"https:\/\/www.nogometnizaotroke.com\/it\/wp-json\/wp\/v2\/product_cat?post=22276"},{"taxonomy":"product_tag","embeddable":true,"href":"https:\/\/www.nogometnizaotroke.com\/it\/wp-json\/wp\/v2\/product_tag?post=22276"}],"curies":[{"name":"wp","href":"https:\/\/api.w.org\/{rel}","templated":true}]}}