{"id":22070,"date":"2024-12-16T06:36:15","date_gmt":"2024-12-16T06:36:15","guid":{"rendered":"https:\/\/www.nogometnionline.com\/?post_type=product&#038;p=22070"},"modified":"2024-12-16T06:36:18","modified_gmt":"2024-12-16T06:36:18","slug":"otroski-nogometni-dresi-as-roma-gostujoci-2024-25-bela-paulo-dybala-21","status":"publish","type":"product","link":"https:\/\/www.nogometnizaotroke.com\/it\/product\/otroski-nogometni-dresi-as-roma-gostujoci-2024-25-bela-paulo-dybala-21\/","title":{"rendered":"Maglie calcio bambini AS Roma Away 2024-25 bianco Paulo Dybala 21"},"content":{"rendered":"<p>Gostujo\u010di dres AS Roma 24-25 je prete\u017eno umazano bel z izrazitimi rde\u010dimi in fluorescentno oran\u017enimi poudarki. Uradne barve so \u201csrebrno bela\/fluorescentno oran\u017ena\/podpe\u010dansko rde\u010da.\u201dNajbolj presenetljiva zna\u010dilnost Gostujo\u010di dresi AS Roma 2024-25 je ognjevita grafika, ki jo navdihujejo uli\u010dni grafiti.Uporabite zna\u010dko Lupetto namesto trenutne zna\u010dke. Slog grafitov se nadaljuje na logotipu.<\/p>\n<p>Suggerimenti per i calzini: la maglietta non include i calzini per impostazione predefinita. Se si desiderano i calzini, selezionare le opzioni relative ai calzini per pagarli.<\/p>\n<p>Suggerimento per la stampa: se il nome e il numero nell'immagine sono esattamente quelli desiderati, non \u00e8 necessario inserirli di nuovo. In caso contrario, inserire il nome e il numero desiderati.<\/p>\n<p>Consiglio per il lavaggio: si consiglia di lavare le maglie da calcio a mano. Se si desidera utilizzare una lavatrice, ricordarsi di girare la maglia e poi lavarla. Riempire la macchina con acqua fredda e utilizzare un ciclo di lavaggio delicato per proteggere maggiormente i colori.<\/p>","protected":false},"excerpt":{"rendered":"<p>Gostujo\u010di dres AS Roma 24-25 je prete\u017eno umazano bel z izrazitimi rde\u010dimi in fluorescentno oran\u017enimi poudarki. Uradne barve so \u201csrebrno bela\/fluorescentno oran\u017ena\/podpe\u010dansko rde\u010da.\u201dNajbolj presenetljiva zna\u010dilnost Gostujo\u010di dresi AS Roma 2024-25 je ognjevita grafika, ki jo navdihujejo uli\u010dni grafiti.Uporabite zna\u010dko Lupetto namesto trenutne zna\u010dke. Slog grafitov se nadaljuje na logotipu. Nasveti za nogavice: Majica ne vsebuje [&hellip;]<\/p>","protected":false},"featured_media":22072,"comment_status":"open","ping_status":"closed","template":"","meta":[],"product_brand":[],"product_cat":[73,48],"product_tag":[754,1564,153,1231,220,1565,159,1563,1233,148,1230,147],"class_list":{"0":"post-22070","1":"product","2":"type-product","3":"status-publish","4":"has-post-thumbnail","6":"product_cat-otroski","7":"product_cat-nogometni-dresi-as-roma","8":"product_tag-as-roma-dresi-2024","9":"product_tag-dresi-as-roma-za-otroke","10":"product_tag-nogometni-dresi","11":"product_tag-nogometni-dresi-as-roma-z-lastnim-imenom","12":"product_tag-nogometni-dresi-za-otroke","13":"product_tag-otroski-dresi-as-roma-z-lastnim-imenom","14":"product_tag-otroski-nogometni-dresi","15":"product_tag-otroski-nogometni-dresi-as-roma","16":"product_tag-paulo-dybala-dresi","17":"product_tag-poceni-nogometni-dresi","18":"product_tag-poceni-nogometni-dresi-as-roma","19":"product_tag-slovenski-nogometni-dresi","21":"first","22":"instock","23":"shipping-taxable","24":"purchasable","25":"product-type-variable"},"_links":{"self":[{"href":"https:\/\/www.nogometnizaotroke.com\/it\/wp-json\/wp\/v2\/product\/22070","targetHints":{"allow":["GET"]}}],"collection":[{"href":"https:\/\/www.nogometnizaotroke.com\/it\/wp-json\/wp\/v2\/product"}],"about":[{"href":"https:\/\/www.nogometnizaotroke.com\/it\/wp-json\/wp\/v2\/types\/product"}],"replies":[{"embeddable":true,"href":"https:\/\/www.nogometnizaotroke.com\/it\/wp-json\/wp\/v2\/comments?post=22070"}],"wp:featuredmedia":[{"embeddable":true,"href":"https:\/\/www.nogometnizaotroke.com\/it\/wp-json\/wp\/v2\/media\/22072"}],"wp:attachment":[{"href":"https:\/\/www.nogometnizaotroke.com\/it\/wp-json\/wp\/v2\/media?parent=22070"}],"wp:term":[{"taxonomy":"product_brand","embeddable":true,"href":"https:\/\/www.nogometnizaotroke.com\/it\/wp-json\/wp\/v2\/product_brand?post=22070"},{"taxonomy":"product_cat","embeddable":true,"href":"https:\/\/www.nogometnizaotroke.com\/it\/wp-json\/wp\/v2\/product_cat?post=22070"},{"taxonomy":"product_tag","embeddable":true,"href":"https:\/\/www.nogometnizaotroke.com\/it\/wp-json\/wp\/v2\/product_tag?post=22070"}],"curies":[{"name":"wp","href":"https:\/\/api.w.org\/{rel}","templated":true}]}}