{"id":22028,"date":"2024-12-16T03:11:19","date_gmt":"2024-12-16T03:11:19","guid":{"rendered":"https:\/\/www.nogometnionline.com\/?post_type=product&#038;p=22028"},"modified":"2024-12-16T03:11:23","modified_gmt":"2024-12-16T03:11:23","slug":"otroski-nogometni-dresi-kompleti-za-otroke-as-roma-domaci-2024-25-enzo-le-fee-28","status":"publish","type":"product","link":"https:\/\/www.nogometnizaotroke.com\/it\/product\/otroski-nogometni-dresi-kompleti-za-otroke-as-roma-domaci-2024-25-enzo-le-fee-28\/","title":{"rendered":"Maglie calcio bambini Kit per bambini AS Roma Home 2024-25 Enzo Le Fee 28"},"content":{"rendered":"<p>Dizajn srajce je poklon DNK Roma s tankimi zlatimi \u010drtami, prekritimi s temno rde\u010do podlago, ki ustvarjajo prefinjen kontrast. Globlji odtenek rde\u010de dodaja dimenzijo celotnemu videzu in uravnove\u0161a tradicijo s sodobno estetiko.Grb AS Roma, ki se nahaja nad srcem, ima enako temno rde\u010do barvo kot dres, kar simbolizira povezavo med klubom in njegovimi navija\u010di. Prepoznavne tri zlate \u010drte krasijo ramena in poudarjajo vrhunsko kakovost kompleta.<br \/>\nPozornost do detajlov je o\u010ditna povsod, z besedilom \u00bbA.S. Roma\u00ab na hrbtni strani ovratnika, ki odra\u017ea slog, uporabljen na sezonskih vstopnicah 1933\/34. Ta subtilen pridih naj bi slu\u017eil kot opomin na dolgoletno dedi\u0161\u010dino kluba in generacije navija\u010dev, ki so podpirali Roma.<\/p>\n<p>Suggerimenti per i calzini: la maglietta non include i calzini per impostazione predefinita. Se si desiderano i calzini, selezionare le opzioni relative ai calzini per pagarli.<\/p>\n<p>Suggerimento per la stampa: se il nome e il numero nell'immagine sono esattamente quelli desiderati, non \u00e8 necessario inserirli di nuovo. In caso contrario, inserire il nome e il numero desiderati.<\/p>\n<p>Consiglio per il lavaggio: si consiglia di lavare le maglie da calcio a mano. Se si desidera utilizzare una lavatrice, ricordarsi di girare la maglia e poi lavarla. Riempire la macchina con acqua fredda e utilizzare un ciclo di lavaggio delicato per proteggere maggiormente i colori.<\/p>","protected":false},"excerpt":{"rendered":"<p>Dizajn srajce je poklon DNK Roma s tankimi zlatimi \u010drtami, prekritimi s temno rde\u010do podlago, ki ustvarjajo prefinjen kontrast. Globlji odtenek rde\u010de dodaja dimenzijo celotnemu videzu in uravnove\u0161a tradicijo s sodobno estetiko.Grb AS Roma, ki se nahaja nad srcem, ima enako temno rde\u010do barvo kot dres, kar simbolizira povezavo med klubom in njegovimi navija\u010di. Prepoznavne [&hellip;]<\/p>","protected":false},"featured_media":22030,"comment_status":"open","ping_status":"closed","template":"","meta":[],"product_brand":[],"product_cat":[73,48],"product_tag":[754,1564,1566,153,1231,220,1565,159,1563,148,1230,147],"class_list":{"0":"post-22028","1":"product","2":"type-product","3":"status-publish","4":"has-post-thumbnail","6":"product_cat-otroski","7":"product_cat-nogometni-dresi-as-roma","8":"product_tag-as-roma-dresi-2024","9":"product_tag-dresi-as-roma-za-otroke","10":"product_tag-enzo-le-fee-dresi","11":"product_tag-nogometni-dresi","12":"product_tag-nogometni-dresi-as-roma-z-lastnim-imenom","13":"product_tag-nogometni-dresi-za-otroke","14":"product_tag-otroski-dresi-as-roma-z-lastnim-imenom","15":"product_tag-otroski-nogometni-dresi","16":"product_tag-otroski-nogometni-dresi-as-roma","17":"product_tag-poceni-nogometni-dresi","18":"product_tag-poceni-nogometni-dresi-as-roma","19":"product_tag-slovenski-nogometni-dresi","21":"first","22":"instock","23":"shipping-taxable","24":"purchasable","25":"product-type-variable"},"_links":{"self":[{"href":"https:\/\/www.nogometnizaotroke.com\/it\/wp-json\/wp\/v2\/product\/22028","targetHints":{"allow":["GET"]}}],"collection":[{"href":"https:\/\/www.nogometnizaotroke.com\/it\/wp-json\/wp\/v2\/product"}],"about":[{"href":"https:\/\/www.nogometnizaotroke.com\/it\/wp-json\/wp\/v2\/types\/product"}],"replies":[{"embeddable":true,"href":"https:\/\/www.nogometnizaotroke.com\/it\/wp-json\/wp\/v2\/comments?post=22028"}],"wp:featuredmedia":[{"embeddable":true,"href":"https:\/\/www.nogometnizaotroke.com\/it\/wp-json\/wp\/v2\/media\/22030"}],"wp:attachment":[{"href":"https:\/\/www.nogometnizaotroke.com\/it\/wp-json\/wp\/v2\/media?parent=22028"}],"wp:term":[{"taxonomy":"product_brand","embeddable":true,"href":"https:\/\/www.nogometnizaotroke.com\/it\/wp-json\/wp\/v2\/product_brand?post=22028"},{"taxonomy":"product_cat","embeddable":true,"href":"https:\/\/www.nogometnizaotroke.com\/it\/wp-json\/wp\/v2\/product_cat?post=22028"},{"taxonomy":"product_tag","embeddable":true,"href":"https:\/\/www.nogometnizaotroke.com\/it\/wp-json\/wp\/v2\/product_tag?post=22028"}],"curies":[{"name":"wp","href":"https:\/\/api.w.org\/{rel}","templated":true}]}}