{"id":21993,"date":"2024-12-15T03:44:53","date_gmt":"2024-12-15T03:44:53","guid":{"rendered":"https:\/\/www.nogometnionline.com\/?post_type=product&#038;p=21993"},"modified":"2024-12-15T03:44:56","modified_gmt":"2024-12-15T03:44:56","slug":"otroski-nogometni-dresi-kompleti-za-otroke-ac-milan-gostujoci-2024-25-bela-christian-pulisic-11","status":"publish","type":"product","link":"https:\/\/www.nogometnizaotroke.com\/it\/product\/otroski-nogometni-dresi-kompleti-za-otroke-ac-milan-gostujoci-2024-25-bela-christian-pulisic-11\/","title":{"rendered":"Maglie calcio bambini Kit per bambini AC Milan Away 2024-25 bianco Christian Pulisic 11"},"content":{"rendered":"<p>Bela majica za goste je oblikovana v klasi\u010dni barvi za AC Milan s popolnoma novim videzom za sezono 24\/25. Beli dres ima subtilno grafiko z navpi\u010dnimi \u010drtami. Rde\u010da in \u010drna obroba sedi okoli ovratnika in man\u0161et rokavov, \u010drni logotipi pa dopolnjujejo dizajn. Na voljo sta silikonsko natisnjena zna\u010dka AC Milan in dva toplotno nanesena sponzorska logotipa.<\/p>\n<p>To je gostujo\u010da majica s kratkimi rokavi in \u200b\u200brebrastim polo ovratnikom, popolna za dneve tekem AC Milan in vsak dan. Ta dres, ki je na voljo v velikostih za odrasle S-2XL, je standardno oblikovan za optimalno udobje na igri\u0161\u010du in izven njega. Ta majica je izdelana iz lahkega poliestra in je zra\u010dna ter vklju\u010duje prepoznavno tehnologijo za odvajanje znoja Duracell, ki vas ohranja hladne in suhe.<\/p>\n<p>Suggerimenti per i calzini: la maglietta non include i calzini per impostazione predefinita. Se si desiderano i calzini, selezionare le opzioni relative ai calzini per pagarli.<\/p>\n<p>Suggerimento per la stampa: se il nome e il numero nell'immagine sono esattamente quelli desiderati, non \u00e8 necessario inserirli di nuovo. In caso contrario, inserire il nome e il numero desiderati.<\/p>\n<p>Consiglio per il lavaggio: si consiglia di lavare le maglie da calcio a mano. Se si desidera utilizzare una lavatrice, ricordarsi di girare la maglia e poi lavarla. Riempire la macchina con acqua fredda e utilizzare un ciclo di lavaggio delicato per proteggere maggiormente i colori.<\/p>","protected":false},"excerpt":{"rendered":"<p>Bela majica za goste je oblikovana v klasi\u010dni barvi za AC Milan s popolnoma novim videzom za sezono 24\/25. Beli dres ima subtilno grafiko z navpi\u010dnimi \u010drtami. Rde\u010da in \u010drna obroba sedi okoli ovratnika in man\u0161et rokavov, \u010drni logotipi pa dopolnjujejo dizajn. Na voljo sta silikonsko natisnjena zna\u010dka AC Milan in dva toplotno nanesena sponzorska [&hellip;]<\/p>","protected":false},"featured_media":21995,"comment_status":"open","ping_status":"closed","template":"","meta":[],"product_brand":[],"product_cat":[73,46],"product_tag":[1559,1002,1205,220,1003,159,1001,148,1204,147],"class_list":{"0":"post-21993","1":"product","2":"type-product","3":"status-publish","4":"has-post-thumbnail","6":"product_cat-otroski","7":"product_cat-nogometni-dresi-ac-milan","8":"product_tag-christian-pulisic-dresi","9":"product_tag-dresi-ac-milan-za-otroke","10":"product_tag-nogometni-dresi-ac-milan-z-lastnim-imenom","11":"product_tag-nogometni-dresi-za-otroke","12":"product_tag-otroski-dresi-ac-milan-z-lastnim-imenom","13":"product_tag-otroski-nogometni-dresi","14":"product_tag-otroski-nogometni-dresi-ac-milan","15":"product_tag-poceni-nogometni-dresi","16":"product_tag-poceni-nogometni-dresi-ac-milan","17":"product_tag-slovenski-nogometni-dresi","19":"first","20":"instock","21":"shipping-taxable","22":"purchasable","23":"product-type-variable"},"_links":{"self":[{"href":"https:\/\/www.nogometnizaotroke.com\/it\/wp-json\/wp\/v2\/product\/21993","targetHints":{"allow":["GET"]}}],"collection":[{"href":"https:\/\/www.nogometnizaotroke.com\/it\/wp-json\/wp\/v2\/product"}],"about":[{"href":"https:\/\/www.nogometnizaotroke.com\/it\/wp-json\/wp\/v2\/types\/product"}],"replies":[{"embeddable":true,"href":"https:\/\/www.nogometnizaotroke.com\/it\/wp-json\/wp\/v2\/comments?post=21993"}],"wp:featuredmedia":[{"embeddable":true,"href":"https:\/\/www.nogometnizaotroke.com\/it\/wp-json\/wp\/v2\/media\/21995"}],"wp:attachment":[{"href":"https:\/\/www.nogometnizaotroke.com\/it\/wp-json\/wp\/v2\/media?parent=21993"}],"wp:term":[{"taxonomy":"product_brand","embeddable":true,"href":"https:\/\/www.nogometnizaotroke.com\/it\/wp-json\/wp\/v2\/product_brand?post=21993"},{"taxonomy":"product_cat","embeddable":true,"href":"https:\/\/www.nogometnizaotroke.com\/it\/wp-json\/wp\/v2\/product_cat?post=21993"},{"taxonomy":"product_tag","embeddable":true,"href":"https:\/\/www.nogometnizaotroke.com\/it\/wp-json\/wp\/v2\/product_tag?post=21993"}],"curies":[{"name":"wp","href":"https:\/\/api.w.org\/{rel}","templated":true}]}}