{"id":21947,"date":"2024-12-13T08:16:43","date_gmt":"2024-12-13T08:16:43","guid":{"rendered":"https:\/\/www.nogometnionline.com\/?post_type=product&#038;p=21947"},"modified":"2024-12-13T08:16:47","modified_gmt":"2024-12-13T08:16:47","slug":"otroski-nogometni-dresi-kompleti-za-otroke-ac-milan-domaci-2024-25-rdeca-crna-fikayo-tomori-23","status":"publish","type":"product","link":"https:\/\/www.nogometnizaotroke.com\/it\/product\/otroski-nogometni-dresi-kompleti-za-otroke-ac-milan-domaci-2024-25-rdeca-crna-fikayo-tomori-23\/","title":{"rendered":"Maglie calcio bambini Kit per bambini AC Milan Home 2024-25 rosso nero Fikayo Tomori 23"},"content":{"rendered":"<p>La nuova maglia home del Milan 24-25 torna a un design classico dopo la maglia sperimentale della scorsa stagione. All'interno delle strisce rosse c'\u00e8 un disegno molto sottile, probabilmente legato al 125\u00b0 anniversario del club. Il Milan \u00e8 stato fondato nel 1899, ovvero 125 anni fa.<\/p>\n<p>Suggerimenti per i calzini: la maglietta non include i calzini per impostazione predefinita. Se si desiderano i calzini, selezionare le opzioni relative ai calzini per pagarli.<\/p>\n<p>Suggerimento per la stampa: se il nome e il numero nell'immagine sono esattamente quelli desiderati, non \u00e8 necessario inserirli di nuovo. In caso contrario, inserire il nome e il numero desiderati.<\/p>\n<p>Consiglio per il lavaggio: si consiglia di lavare le maglie da calcio a mano. Se si desidera utilizzare una lavatrice, ricordarsi di girare la maglia e poi lavarla. Riempire la macchina con acqua fredda e utilizzare un ciclo di lavaggio delicato per proteggere maggiormente i colori.<\/p>","protected":false},"excerpt":{"rendered":"<p>Novi doma\u010di dres AC Milan 24-25 se vra\u010da h klasi\u010dnemu dizajnu, potem ko je bil dres prej\u0161nje sezone eksperimentalen. Vsebuje rde\u010de in \u010drne \u010drte kluba v kombinaciji z belimi logotipi.Znotraj rde\u010dih \u010drt je zelo subtilen dizajn, ki je verjetno povezan s 125-letnico kluba. Milano je bilo ustanovljeno leta 1899, pred 125 leti od danes. Nasveti [&hellip;]<\/p>","protected":false},"featured_media":21949,"comment_status":"open","ping_status":"closed","template":"","meta":[],"product_brand":[],"product_cat":[73,46],"product_tag":[1002,1562,153,220,1003,159,1001,148,147],"class_list":{"0":"post-21947","1":"product","2":"type-product","3":"status-publish","4":"has-post-thumbnail","6":"product_cat-otroski","7":"product_cat-nogometni-dresi-ac-milan","8":"product_tag-dresi-ac-milan-za-otroke","9":"product_tag-fikayo-tomorir-dresi","10":"product_tag-nogometni-dresi","11":"product_tag-nogometni-dresi-za-otroke","12":"product_tag-otroski-dresi-ac-milan-z-lastnim-imenom","13":"product_tag-otroski-nogometni-dresi","14":"product_tag-otroski-nogometni-dresi-ac-milan","15":"product_tag-poceni-nogometni-dresi","16":"product_tag-slovenski-nogometni-dresi","18":"first","19":"instock","20":"shipping-taxable","21":"purchasable","22":"product-type-variable"},"_links":{"self":[{"href":"https:\/\/www.nogometnizaotroke.com\/it\/wp-json\/wp\/v2\/product\/21947","targetHints":{"allow":["GET"]}}],"collection":[{"href":"https:\/\/www.nogometnizaotroke.com\/it\/wp-json\/wp\/v2\/product"}],"about":[{"href":"https:\/\/www.nogometnizaotroke.com\/it\/wp-json\/wp\/v2\/types\/product"}],"replies":[{"embeddable":true,"href":"https:\/\/www.nogometnizaotroke.com\/it\/wp-json\/wp\/v2\/comments?post=21947"}],"wp:featuredmedia":[{"embeddable":true,"href":"https:\/\/www.nogometnizaotroke.com\/it\/wp-json\/wp\/v2\/media\/21949"}],"wp:attachment":[{"href":"https:\/\/www.nogometnizaotroke.com\/it\/wp-json\/wp\/v2\/media?parent=21947"}],"wp:term":[{"taxonomy":"product_brand","embeddable":true,"href":"https:\/\/www.nogometnizaotroke.com\/it\/wp-json\/wp\/v2\/product_brand?post=21947"},{"taxonomy":"product_cat","embeddable":true,"href":"https:\/\/www.nogometnizaotroke.com\/it\/wp-json\/wp\/v2\/product_cat?post=21947"},{"taxonomy":"product_tag","embeddable":true,"href":"https:\/\/www.nogometnizaotroke.com\/it\/wp-json\/wp\/v2\/product_tag?post=21947"}],"curies":[{"name":"wp","href":"https:\/\/api.w.org\/{rel}","templated":true}]}}