{"id":21754,"date":"2024-12-11T12:17:51","date_gmt":"2024-12-11T12:17:51","guid":{"rendered":"https:\/\/www.nogometnionline.com\/?post_type=product&#038;p=21754"},"modified":"2024-12-11T12:17:54","modified_gmt":"2024-12-11T12:17:54","slug":"otroski-nogometni-dresi-kompleti-za-otroke-bvb-borussia-dortmund-tretji-2024-25-ramy-bensebaini-5","status":"publish","type":"product","link":"https:\/\/www.nogometnizaotroke.com\/it\/product\/otroski-nogometni-dresi-kompleti-za-otroke-bvb-borussia-dortmund-tretji-2024-25-ramy-bensebaini-5\/","title":{"rendered":"Maglie calcio bambini Kit per bambini BVB Borussia Dortmund Terzo 2024-25 Ramy Bensebaini 5"},"content":{"rendered":"<p>Novi tretji dres Dortmund 24-25 zdru\u017euje glavno belo barvo z znamenito \u010drno in rumeno barvo BVB.Grb BVB je v beli barvi, medtem ko sponzor 1&amp;1 izstopata v beli in \u010drni barvi \u2013 neposre\u010dena izbira, saj klub nikoli ne bi smel biti tako neviden kot sponzor.Kar nam je v\u0161e\u010d pri tretji dresi BVB 2024-25, so \u010drne in rumene man\u0161ete na rokavih. Velika ovratnica pa je popolnoma \u010drna. Verjetno bi bilo videti \u0161e bolje, \u010de bi se ujemala z man\u0161etami, na primer z rumeno \u010drto po sredini.<\/p>\n<p>Suggerimenti per i calzini: la maglietta non include i calzini per impostazione predefinita. Se si desiderano i calzini, selezionare le opzioni relative ai calzini per pagarli.<\/p>\n<p>Suggerimento per la stampa: se il nome e il numero nell'immagine sono esattamente quelli desiderati, non \u00e8 necessario inserirli di nuovo. In caso contrario, inserire il nome e il numero desiderati.<\/p>\n<p>Consiglio per il lavaggio: si consiglia di lavare le maglie da calcio a mano. Se si desidera utilizzare una lavatrice, ricordarsi di girare la maglia e poi lavarla. Riempire la macchina con acqua fredda e utilizzare un ciclo di lavaggio delicato per proteggere maggiormente i colori.<\/p>","protected":false},"excerpt":{"rendered":"<p>Novi tretji dres Dortmund 24-25 zdru\u017euje glavno belo barvo z znamenito \u010drno in rumeno barvo BVB.Grb BVB je v beli barvi, medtem ko sponzor 1&amp;1 izstopata v beli in \u010drni barvi \u2013 neposre\u010dena izbira, saj klub nikoli ne bi smel biti tako neviden kot sponzor.Kar nam je v\u0161e\u010d pri tretji dresi BVB 2024-25, so \u010drne [&hellip;]<\/p>","protected":false},"featured_media":21756,"comment_status":"open","ping_status":"closed","template":"","meta":[],"product_brand":[],"product_cat":[73,45],"product_tag":[1541,153,1542,159,1540,148,195,1545,147],"class_list":{"0":"post-21754","1":"product","2":"type-product","3":"status-publish","4":"has-post-thumbnail","6":"product_cat-otroski","7":"product_cat-nogometni-dresi-dortmund","8":"product_tag-dresi-borussia-dortmund-za-otroke","9":"product_tag-nogometni-dresi","10":"product_tag-otroski-dresi-borussia-dortmund-z-lastnim-imenom","11":"product_tag-otroski-nogometni-dresi","12":"product_tag-otroski-nogometni-dresi-borussia-dortmund","13":"product_tag-poceni-nogometni-dresi","14":"product_tag-poceni-otroski-nogometni-dresi-dortmund-z-lastnim-imenom","15":"product_tag-ramy-bensebaini-dresi","16":"product_tag-slovenski-nogometni-dresi","18":"first","19":"instock","20":"shipping-taxable","21":"purchasable","22":"product-type-variable"},"_links":{"self":[{"href":"https:\/\/www.nogometnizaotroke.com\/it\/wp-json\/wp\/v2\/product\/21754","targetHints":{"allow":["GET"]}}],"collection":[{"href":"https:\/\/www.nogometnizaotroke.com\/it\/wp-json\/wp\/v2\/product"}],"about":[{"href":"https:\/\/www.nogometnizaotroke.com\/it\/wp-json\/wp\/v2\/types\/product"}],"replies":[{"embeddable":true,"href":"https:\/\/www.nogometnizaotroke.com\/it\/wp-json\/wp\/v2\/comments?post=21754"}],"wp:featuredmedia":[{"embeddable":true,"href":"https:\/\/www.nogometnizaotroke.com\/it\/wp-json\/wp\/v2\/media\/21756"}],"wp:attachment":[{"href":"https:\/\/www.nogometnizaotroke.com\/it\/wp-json\/wp\/v2\/media?parent=21754"}],"wp:term":[{"taxonomy":"product_brand","embeddable":true,"href":"https:\/\/www.nogometnizaotroke.com\/it\/wp-json\/wp\/v2\/product_brand?post=21754"},{"taxonomy":"product_cat","embeddable":true,"href":"https:\/\/www.nogometnizaotroke.com\/it\/wp-json\/wp\/v2\/product_cat?post=21754"},{"taxonomy":"product_tag","embeddable":true,"href":"https:\/\/www.nogometnizaotroke.com\/it\/wp-json\/wp\/v2\/product_tag?post=21754"}],"curies":[{"name":"wp","href":"https:\/\/api.w.org\/{rel}","templated":true}]}}