{"id":21467,"date":"2024-12-07T05:21:23","date_gmt":"2024-12-07T05:21:23","guid":{"rendered":"https:\/\/www.nogometnionline.com\/?post_type=product&#038;p=21467"},"modified":"2024-12-07T05:21:26","modified_gmt":"2024-12-07T05:21:26","slug":"otroski-nogometni-dresi-za-otroke-tottenham-hotspur-gostujoci-2024-25-dejan-kulusevski-21","status":"publish","type":"product","link":"https:\/\/www.nogometnizaotroke.com\/it\/product\/otroski-nogometni-dresi-za-otroke-tottenham-hotspur-gostujoci-2024-25-dejan-kulusevski-21\/","title":{"rendered":"Maglie calcio per bambini Tottenham Hotspur Away 2024-25 Dejan Kulusevski 21"},"content":{"rendered":"<p>Un ritorno agli anni Ottanta. Replicando alcuni dei migliori e pi\u00f9 ironici kit dei primi anni '80, questa maglia da trasferta del Tottenham Hotspur 2024-2025 \u00e8 subito vincente grazie a una palette di colori e a un modello di design che cattura il glamour dello stile pur mantenendolo basso. I primi anni '80 furono un periodo in cui il Tottenham adott\u00f2 il blu brillante come colore del club, spesso presente sulle seconde e terze maglie, e queste famose maglie includevano la memorabile sponsorizzazione Bosporus orgogliosamente sul davanti, che rimase con il club per oltre un decennio. Due FA Cup, una Community Shield e la vittoria di una Coppa Europa tra l'80 e l'85 riassumono un'epoca di successo e rimangono in blu brillante quando gli Spurs cercano di ripetere quel successo in questa stagione. Il kit da trasferta 2024\/25 del Tottenham Hotspur presenta un design elegante e contemporaneo, con una base blu profondo accentuata da dettagli blu e marroni vivaci. La maglia presenta un sorprendente motivo a righe diagonali che aggiunge un tocco dinamico e contemporaneo.<\/p>\n<p>Suggerimenti per i calzini: la maglietta non include i calzini per impostazione predefinita. Se si desiderano i calzini, selezionare le opzioni relative ai calzini per pagarli.<\/p>\n<p>Suggerimento per la stampa: se il nome e il numero nell'immagine sono esattamente quelli desiderati, non \u00e8 necessario inserirli di nuovo. In caso contrario, inserire il nome e il numero desiderati.<\/p>\n<p>Consiglio per il lavaggio: si consiglia di lavare le maglie da calcio a mano. Se si desidera utilizzare una lavatrice, ricordarsi di girare la maglia e poi lavarla. Riempire la macchina con acqua fredda e utilizzare un ciclo di lavaggio delicato per proteggere maggiormente i colori.<\/p>","protected":false},"excerpt":{"rendered":"<p>Ta je vrnitev v 80. leta. Ta Nogometni dresi Tottenham Hotspur Gostujo\u010di 2024-2025, ki posnema nekatere izmed najbolj\u0161ih in najbolj ironi\u010dnih kompletov iz zgodnjih 80-ih, je takoj\u0161en zmagovalec z barvno paleto in oblikovno predlogo, ki ujame slogovni bli\u0161\u010d, hkrati pa ga ohranja nizko. Zgodnja 80. leta je obdobje, ko je Tottenham sprejel svetlo modro kot [&hellip;]<\/p>","protected":false},"featured_media":21469,"comment_status":"open","ping_status":"closed","template":"","meta":[],"product_brand":[],"product_cat":[73,42],"product_tag":[1421,220,591,159,148,590,147],"class_list":{"0":"post-21467","1":"product","2":"type-product","3":"status-publish","4":"has-post-thumbnail","6":"product_cat-otroski","7":"product_cat-nogometni-dresi-tottenham-hotspur","8":"product_tag-dejan-kulusevski-dresi","9":"product_tag-nogometni-dresi-za-otroke","10":"product_tag-otroski-dresi-tottenham-hotspur-z-lastnim-imenom","11":"product_tag-otroski-nogometni-dresi","12":"product_tag-poceni-nogometni-dresi","13":"product_tag-poceni-nogometni-dresi-tottenham-hotspurz-lastnim-imenom-online","14":"product_tag-slovenski-nogometni-dresi","16":"first","17":"instock","18":"shipping-taxable","19":"purchasable","20":"product-type-variable"},"_links":{"self":[{"href":"https:\/\/www.nogometnizaotroke.com\/it\/wp-json\/wp\/v2\/product\/21467","targetHints":{"allow":["GET"]}}],"collection":[{"href":"https:\/\/www.nogometnizaotroke.com\/it\/wp-json\/wp\/v2\/product"}],"about":[{"href":"https:\/\/www.nogometnizaotroke.com\/it\/wp-json\/wp\/v2\/types\/product"}],"replies":[{"embeddable":true,"href":"https:\/\/www.nogometnizaotroke.com\/it\/wp-json\/wp\/v2\/comments?post=21467"}],"wp:featuredmedia":[{"embeddable":true,"href":"https:\/\/www.nogometnizaotroke.com\/it\/wp-json\/wp\/v2\/media\/21469"}],"wp:attachment":[{"href":"https:\/\/www.nogometnizaotroke.com\/it\/wp-json\/wp\/v2\/media?parent=21467"}],"wp:term":[{"taxonomy":"product_brand","embeddable":true,"href":"https:\/\/www.nogometnizaotroke.com\/it\/wp-json\/wp\/v2\/product_brand?post=21467"},{"taxonomy":"product_cat","embeddable":true,"href":"https:\/\/www.nogometnizaotroke.com\/it\/wp-json\/wp\/v2\/product_cat?post=21467"},{"taxonomy":"product_tag","embeddable":true,"href":"https:\/\/www.nogometnizaotroke.com\/it\/wp-json\/wp\/v2\/product_tag?post=21467"}],"curies":[{"name":"wp","href":"https:\/\/api.w.org\/{rel}","templated":true}]}}