{"id":21138,"date":"2024-12-02T03:20:04","date_gmt":"2024-12-02T03:20:04","guid":{"rendered":"https:\/\/www.nogometnionline.com\/?post_type=product&#038;p=21138"},"modified":"2024-12-02T03:20:07","modified_gmt":"2024-12-02T03:20:07","slug":"otroski-nogometni-dresi-kompleti-za-otroke-newcastle-united-gostujoci-2024-25-harvey-barnes-11","status":"publish","type":"product","link":"https:\/\/www.nogometnizaotroke.com\/it\/product\/otroski-nogometni-dresi-kompleti-za-otroke-newcastle-united-gostujoci-2024-25-harvey-barnes-11\/","title":{"rendered":"Maglie calcio bambini Kit per bambini Newcastle United Away 2024-25 Harvey Barnes 11"},"content":{"rendered":"<p>Gostujo\u010di dres Newcastle United 2024-2025 vra\u010da videz dresi za goste 1995-96. Ima kostanjeve in modre vodoravne \u010drte v kombinaciji z belimi logotipi.Uradno so barve gostujo\u010di dresi Newcastle 24-25 \u201cTeam College Burgundy\/Night Sky\/White\u201d. Team College Burgundy se uporablja tudi za komplet za trening Newcastle United 24-25, kar daje dober vtis barve.<\/p>\n<p>Suggerimenti per i calzini: la maglietta non include i calzini per impostazione predefinita. Se si desiderano i calzini, selezionare le opzioni relative ai calzini per pagarli.<\/p>\n<p>Suggerimento per la stampa: se il nome e il numero nell'immagine sono esattamente quelli desiderati, non \u00e8 necessario inserirli di nuovo. In caso contrario, inserire il nome e il numero desiderati.<\/p>\n<p>Consiglio per il lavaggio: si consiglia di lavare le maglie da calcio a mano. Se si desidera utilizzare una lavatrice, ricordarsi di girare la maglia e poi lavarla. Riempire la macchina con acqua fredda e utilizzare un ciclo di lavaggio delicato per proteggere maggiormente i colori.<\/p>","protected":false},"excerpt":{"rendered":"<p>Gostujo\u010di dres Newcastle United 2024-2025 vra\u010da videz dresi za goste 1995-96. Ima kostanjeve in modre vodoravne \u010drte v kombinaciji z belimi logotipi.Uradno so barve gostujo\u010di dresi Newcastle 24-25 \u201cTeam College Burgundy\/Night Sky\/White\u201d. Team College Burgundy se uporablja tudi za komplet za trening Newcastle United 24-25, kar daje dober vtis barve. Nasveti za nogavice: Majica ne [&hellip;]<\/p>","protected":false},"featured_media":21140,"comment_status":"open","ping_status":"closed","template":"","meta":[],"product_brand":[],"product_cat":[73,68],"product_tag":[1005,1526,153,220,1006,159,1004,148,147],"class_list":{"0":"post-21138","1":"product","2":"type-product","3":"status-publish","4":"has-post-thumbnail","6":"product_cat-otroski","7":"product_cat-nogometni-dresi-newcastle-united","8":"product_tag-dresi-newcastle-united-za-otroke","9":"product_tag-harvey-barnes-dresi","10":"product_tag-nogometni-dresi","11":"product_tag-nogometni-dresi-za-otroke","12":"product_tag-otroski-dresi-newcastle-united-z-lastnim-imenom","13":"product_tag-otroski-nogometni-dresi","14":"product_tag-otroski-nogometni-dresi-newcastle-united","15":"product_tag-poceni-nogometni-dresi","16":"product_tag-slovenski-nogometni-dresi","18":"first","19":"instock","20":"shipping-taxable","21":"purchasable","22":"product-type-variable"},"_links":{"self":[{"href":"https:\/\/www.nogometnizaotroke.com\/it\/wp-json\/wp\/v2\/product\/21138","targetHints":{"allow":["GET"]}}],"collection":[{"href":"https:\/\/www.nogometnizaotroke.com\/it\/wp-json\/wp\/v2\/product"}],"about":[{"href":"https:\/\/www.nogometnizaotroke.com\/it\/wp-json\/wp\/v2\/types\/product"}],"replies":[{"embeddable":true,"href":"https:\/\/www.nogometnizaotroke.com\/it\/wp-json\/wp\/v2\/comments?post=21138"}],"wp:featuredmedia":[{"embeddable":true,"href":"https:\/\/www.nogometnizaotroke.com\/it\/wp-json\/wp\/v2\/media\/21140"}],"wp:attachment":[{"href":"https:\/\/www.nogometnizaotroke.com\/it\/wp-json\/wp\/v2\/media?parent=21138"}],"wp:term":[{"taxonomy":"product_brand","embeddable":true,"href":"https:\/\/www.nogometnizaotroke.com\/it\/wp-json\/wp\/v2\/product_brand?post=21138"},{"taxonomy":"product_cat","embeddable":true,"href":"https:\/\/www.nogometnizaotroke.com\/it\/wp-json\/wp\/v2\/product_cat?post=21138"},{"taxonomy":"product_tag","embeddable":true,"href":"https:\/\/www.nogometnizaotroke.com\/it\/wp-json\/wp\/v2\/product_tag?post=21138"}],"curies":[{"name":"wp","href":"https:\/\/api.w.org\/{rel}","templated":true}]}}