{"id":19924,"date":"2024-11-11T02:36:19","date_gmt":"2024-11-11T02:36:19","guid":{"rendered":"https:\/\/www.nogometnionline.com\/?post_type=product&#038;p=19924"},"modified":"2024-11-11T03:04:54","modified_gmt":"2024-11-11T03:04:54","slug":"otroski-nogometni-dresi-kompleti-za-otroke-ajax-tretji-2024-25-bela-z-lastnim-tiskom","status":"publish","type":"product","link":"https:\/\/www.nogometnizaotroke.com\/it\/product\/otroski-nogometni-dresi-kompleti-za-otroke-ajax-tretji-2024-25-bela-z-lastnim-tiskom\/","title":{"rendered":"Otro\u0161ki Nogometni dresi kompleti za otroke Ajax Tretji 2024-25 bela z lastnim tiskom"},"content":{"rendered":"<p>Nova tretji nogometni dresi majica AFC Ajax 2024-25 je prete\u017eno &#8220;Clear Grey&#8221; v kombinaciji s temno poudarjeno barvo.\u0160e en klju\u010dni oblikovni element novega dresa Ajax 24-25 za tretje gostovanje je seveda subtilen geometrijski vzorec na sprednji in zadnji strani. Na vzorcu so znameniti trije kri\u017ei amsterdamske zastave. Kri\u017e se v manj\u0161i obliki pojavlja tudi na zgornjem delu hrbta dresa, pod ovratnikom.Tretji dres Ajax 24-25 ima na sprednji strani geometrijski vzorec, ki ga navdihuje arhitekturni slog amsterdamske \u0161ole. Arhitekturni slog, ki ga lahko opazimo po vsem mestu in je, tako kot \u0161ola Ajax, za katerega je zna\u010dilna uporaba ekspresivnih in domiselnih oblik.<\/p>\n<p>Suggerimenti per i calzini: la maglietta non include i calzini per impostazione predefinita. Se si desiderano i calzini, selezionare le opzioni relative ai calzini per pagarli.<\/p>\n<p>Suggerimento per la stampa: se il nome e il numero nell'immagine sono esattamente quelli desiderati, non \u00e8 necessario inserirli di nuovo. In caso contrario, inserire il nome e il numero desiderati.<\/p>\n<p>Consiglio per il lavaggio: si consiglia di lavare le maglie da calcio a mano. Se si desidera utilizzare una lavatrice, ricordarsi di girare la maglia e poi lavarla. Riempire la macchina con acqua fredda e utilizzare un ciclo di lavaggio delicato per proteggere maggiormente i colori.<\/p>","protected":false},"excerpt":{"rendered":"<p>Nova tretji nogometni dresi majica AFC Ajax 2024-25 je prete\u017eno &#8220;Clear Grey&#8221; v kombinaciji s temno poudarjeno barvo.\u0160e en klju\u010dni oblikovni element novega dresa Ajax 24-25 za tretje gostovanje je seveda subtilen geometrijski vzorec na sprednji in zadnji strani. Na vzorcu so znameniti trije kri\u017ei amsterdamske zastave. Kri\u017e se v manj\u0161i obliki pojavlja tudi na [&hellip;]<\/p>","protected":false},"featured_media":19926,"comment_status":"open","ping_status":"closed","template":"","meta":[],"product_brand":[],"product_cat":[73,57],"product_tag":[1008,153,220,1009,159,1007,148,147],"class_list":{"0":"post-19924","1":"product","2":"type-product","3":"status-publish","4":"has-post-thumbnail","6":"product_cat-otroski","7":"product_cat-nogometni-dresi-ajax","8":"product_tag-dresi-ajax-za-otroke","9":"product_tag-nogometni-dresi","10":"product_tag-nogometni-dresi-za-otroke","11":"product_tag-otroski-dresi-ajax-z-lastnim-imenom","12":"product_tag-otroski-nogometni-dresi","13":"product_tag-otroski-nogometni-dresi-ajax","14":"product_tag-poceni-nogometni-dresi","15":"product_tag-slovenski-nogometni-dresi","17":"first","18":"instock","19":"shipping-taxable","20":"purchasable","21":"product-type-variable"},"_links":{"self":[{"href":"https:\/\/www.nogometnizaotroke.com\/it\/wp-json\/wp\/v2\/product\/19924","targetHints":{"allow":["GET"]}}],"collection":[{"href":"https:\/\/www.nogometnizaotroke.com\/it\/wp-json\/wp\/v2\/product"}],"about":[{"href":"https:\/\/www.nogometnizaotroke.com\/it\/wp-json\/wp\/v2\/types\/product"}],"replies":[{"embeddable":true,"href":"https:\/\/www.nogometnizaotroke.com\/it\/wp-json\/wp\/v2\/comments?post=19924"}],"wp:featuredmedia":[{"embeddable":true,"href":"https:\/\/www.nogometnizaotroke.com\/it\/wp-json\/wp\/v2\/media\/19926"}],"wp:attachment":[{"href":"https:\/\/www.nogometnizaotroke.com\/it\/wp-json\/wp\/v2\/media?parent=19924"}],"wp:term":[{"taxonomy":"product_brand","embeddable":true,"href":"https:\/\/www.nogometnizaotroke.com\/it\/wp-json\/wp\/v2\/product_brand?post=19924"},{"taxonomy":"product_cat","embeddable":true,"href":"https:\/\/www.nogometnizaotroke.com\/it\/wp-json\/wp\/v2\/product_cat?post=19924"},{"taxonomy":"product_tag","embeddable":true,"href":"https:\/\/www.nogometnizaotroke.com\/it\/wp-json\/wp\/v2\/product_tag?post=19924"}],"curies":[{"name":"wp","href":"https:\/\/api.w.org\/{rel}","templated":true}]}}