{"id":19887,"date":"2024-11-10T05:33:44","date_gmt":"2024-11-10T05:33:44","guid":{"rendered":"https:\/\/www.nogometnionline.com\/?post_type=product&#038;p=19887"},"modified":"2024-11-10T05:33:48","modified_gmt":"2024-11-10T05:33:48","slug":"otroski-nogometni-dresi-kompleti-za-otroke-juventus-gostujoci-2024-25-manuel-locatelli-5","status":"publish","type":"product","link":"https:\/\/www.nogometnizaotroke.com\/it\/product\/otroski-nogometni-dresi-kompleti-za-otroke-juventus-gostujoci-2024-25-manuel-locatelli-5\/","title":{"rendered":"Otro\u0161ki Nogometni dresi kompleti za otroke Juventus Gostujo\u010di 2024-25 Manuel Locatelli 5"},"content":{"rendered":"<p>Juventus Gostujo\u010di 2024-25 dresi je najmodernej\u0161i v kolekciji dresov Juventus 24-25. Glavna barva gostujo\u010dega dresa Juventus 24-25 je son\u010dno rumena z logotipom, grbom Juventus in tremi \u010drtami na ramenih v temno sivi barvi.Gostujo\u010di dres Juventus 24-25, ki ga navdihujejo neraziskane galaksije vesolja, ima \u010drtasto obliko kot poklon mestu Torino.Izrez na strani dresa je svetlo roza barve. Komplet za goste Juventus 24-25 lahko prilagodite z abstraktnim vzorcem za edinstven videz.<\/p>\n<p>Suggerimenti per i calzini: la maglietta non include i calzini per impostazione predefinita. Se si desiderano i calzini, selezionare le opzioni relative ai calzini per pagarli.<\/p>\n<p>Suggerimento per la stampa: se il nome e il numero nell'immagine sono esattamente quelli desiderati, non \u00e8 necessario inserirli di nuovo. In caso contrario, inserire il nome e il numero desiderati.<\/p>\n<p>Consiglio per il lavaggio: si consiglia di lavare le maglie da calcio a mano. Se si desidera utilizzare una lavatrice, ricordarsi di girare la maglia e poi lavarla. Riempire la macchina con acqua fredda e utilizzare un ciclo di lavaggio delicato per proteggere maggiormente i colori.<\/p>","protected":false},"excerpt":{"rendered":"<p>Juventus Gostujo\u010di 2024-25 dresi je najmodernej\u0161i v kolekciji dresov Juventus 24-25. Glavna barva gostujo\u010dega dresa Juventus 24-25 je son\u010dno rumena z logotipom, grbom Juventus in tremi \u010drtami na ramenih v temno sivi barvi.Gostujo\u010di dres Juventus 24-25, ki ga navdihujejo neraziskane galaksije vesolja, ima \u010drtasto obliko kot poklon mestu Torino.Izrez na strani dresa je svetlo roza [&hellip;]<\/p>","protected":false},"featured_media":19889,"comment_status":"open","ping_status":"closed","template":"","meta":[],"product_brand":[],"product_cat":[73,36],"product_tag":[1092,1473,220,1093,159,1091,148,198,373,147],"class_list":{"0":"post-19887","1":"product","2":"type-product","3":"status-publish","4":"has-post-thumbnail","6":"product_cat-otroski","7":"product_cat-nogometni-dresi-juventus","8":"product_tag-dresi-juventus-za-otroke","9":"product_tag-manuel-locatelli-dresi","10":"product_tag-nogometni-dresi-za-otroke","11":"product_tag-otroski-dresi-juventus-z-lastnim-imenom","12":"product_tag-otroski-nogometni-dresi","13":"product_tag-otroski-nogometni-dresi-juventus","14":"product_tag-poceni-nogometni-dresi","15":"product_tag-poceni-nogometni-dresi-juventus-z-lastnim-imenom-online","16":"product_tag-poceni-otroski-nogometni-dresi-juventus-z-lastnim-imenom","17":"product_tag-slovenski-nogometni-dresi","19":"first","20":"instock","21":"shipping-taxable","22":"purchasable","23":"product-type-variable"},"_links":{"self":[{"href":"https:\/\/www.nogometnizaotroke.com\/it\/wp-json\/wp\/v2\/product\/19887","targetHints":{"allow":["GET"]}}],"collection":[{"href":"https:\/\/www.nogometnizaotroke.com\/it\/wp-json\/wp\/v2\/product"}],"about":[{"href":"https:\/\/www.nogometnizaotroke.com\/it\/wp-json\/wp\/v2\/types\/product"}],"replies":[{"embeddable":true,"href":"https:\/\/www.nogometnizaotroke.com\/it\/wp-json\/wp\/v2\/comments?post=19887"}],"wp:featuredmedia":[{"embeddable":true,"href":"https:\/\/www.nogometnizaotroke.com\/it\/wp-json\/wp\/v2\/media\/19889"}],"wp:attachment":[{"href":"https:\/\/www.nogometnizaotroke.com\/it\/wp-json\/wp\/v2\/media?parent=19887"}],"wp:term":[{"taxonomy":"product_brand","embeddable":true,"href":"https:\/\/www.nogometnizaotroke.com\/it\/wp-json\/wp\/v2\/product_brand?post=19887"},{"taxonomy":"product_cat","embeddable":true,"href":"https:\/\/www.nogometnizaotroke.com\/it\/wp-json\/wp\/v2\/product_cat?post=19887"},{"taxonomy":"product_tag","embeddable":true,"href":"https:\/\/www.nogometnizaotroke.com\/it\/wp-json\/wp\/v2\/product_tag?post=19887"}],"curies":[{"name":"wp","href":"https:\/\/api.w.org\/{rel}","templated":true}]}}