{"id":19834,"date":"2024-11-09T04:31:54","date_gmt":"2024-11-09T04:31:54","guid":{"rendered":"https:\/\/www.nogometnionline.com\/?post_type=product&#038;p=19834"},"modified":"2025-03-11T02:24:18","modified_gmt":"2025-03-11T02:24:18","slug":"otroski-nogometni-dresi-kompleti-za-otroke-juventus-tretji-2024-25-dusan-vlahovic-9","status":"publish","type":"product","link":"https:\/\/www.nogometnizaotroke.com\/it\/product\/otroski-nogometni-dresi-kompleti-za-otroke-juventus-tretji-2024-25-dusan-vlahovic-9\/","title":{"rendered":"Poceni Otro\u0161ki Nogometni dresi za nogomet Aston Villa Gostujo\u010di 2024-25 Jacob Ramsey 41"},"content":{"rendered":"<p>Novi Otro\u0161ki tretji dres Juventus FC 24-25 je prete\u017eno antraciten z zlatimi logotipi.Najbolj zanimiva lastnost tretji dresi Juventus FC 24-25 je videz logotipa Trefoil in grba Juventus zebra. To prina\u0161a klasiko in nostalgijo v tretji dres Juventus 24-25.<\/p>\n<p>Suggerimenti per i calzini: la maglietta non include i calzini per impostazione predefinita. Se si desiderano i calzini, selezionare le opzioni relative ai calzini per pagarli.<\/p>\n<p>Suggerimento per la stampa: se il nome e il numero nell'immagine sono esattamente quelli desiderati, non \u00e8 necessario inserirli di nuovo. In caso contrario, inserire il nome e il numero desiderati.<\/p>\n<p>Consiglio per il lavaggio: si consiglia di lavare le maglie da calcio a mano. Se si desidera utilizzare una lavatrice, ricordarsi di girare la maglia e poi lavarla. Riempire la macchina con acqua fredda e utilizzare un ciclo di lavaggio delicato per proteggere maggiormente i colori.<\/p>","protected":false},"excerpt":{"rendered":"<p>Novi Otro\u0161ki tretji dres Juventus FC 24-25 je prete\u017eno antraciten z zlatimi logotipi.Najbolj zanimiva lastnost tretji dresi Juventus FC 24-25 je videz logotipa Trefoil in grba Juventus zebra. To prina\u0161a klasiko in nostalgijo v tretji dres Juventus 24-25. Nasveti za nogavice: Majica ne vsebuje nogavic privzeto. \u010ce \u017eelite nogavice, izberite mo\u017enosti nogavic, da jih pla\u010date. [&hellip;]<\/p>","protected":false},"featured_media":23782,"comment_status":"open","ping_status":"closed","template":"","meta":[],"product_brand":[],"product_cat":[73,36],"product_tag":[1073,1652,693,1074,159,692,1649,1650,148],"class_list":{"0":"post-19834","1":"product","2":"type-product","3":"status-publish","4":"has-post-thumbnail","6":"product_cat-otroski","7":"product_cat-nogometni-dresi-juventus","8":"product_tag-dresi-aston-villa-za-otroke","9":"product_tag-jacob-ramsey-dresi","10":"product_tag-nogometni-dresi-aston-villa-z-lastnim-imenom","11":"product_tag-otroski-dresi-aston-villa-z-lastnim-imenom","12":"product_tag-otroski-nogometni-dresi","13":"product_tag-otroski-nogometni-dresi-aston-villa","14":"product_tag-otroski-nogometni-dresi-za-nogomet","15":"product_tag-otroski-nogometni-kompleti","16":"product_tag-poceni-nogometni-dresi","18":"first","19":"instock","20":"shipping-taxable","21":"purchasable","22":"product-type-variable"},"_links":{"self":[{"href":"https:\/\/www.nogometnizaotroke.com\/it\/wp-json\/wp\/v2\/product\/19834","targetHints":{"allow":["GET"]}}],"collection":[{"href":"https:\/\/www.nogometnizaotroke.com\/it\/wp-json\/wp\/v2\/product"}],"about":[{"href":"https:\/\/www.nogometnizaotroke.com\/it\/wp-json\/wp\/v2\/types\/product"}],"replies":[{"embeddable":true,"href":"https:\/\/www.nogometnizaotroke.com\/it\/wp-json\/wp\/v2\/comments?post=19834"}],"wp:featuredmedia":[{"embeddable":true,"href":"https:\/\/www.nogometnizaotroke.com\/it\/wp-json\/wp\/v2\/media\/23782"}],"wp:attachment":[{"href":"https:\/\/www.nogometnizaotroke.com\/it\/wp-json\/wp\/v2\/media?parent=19834"}],"wp:term":[{"taxonomy":"product_brand","embeddable":true,"href":"https:\/\/www.nogometnizaotroke.com\/it\/wp-json\/wp\/v2\/product_brand?post=19834"},{"taxonomy":"product_cat","embeddable":true,"href":"https:\/\/www.nogometnizaotroke.com\/it\/wp-json\/wp\/v2\/product_cat?post=19834"},{"taxonomy":"product_tag","embeddable":true,"href":"https:\/\/www.nogometnizaotroke.com\/it\/wp-json\/wp\/v2\/product_tag?post=19834"}],"curies":[{"name":"wp","href":"https:\/\/api.w.org\/{rel}","templated":true}]}}