{"id":18765,"date":"2024-10-22T11:17:40","date_gmt":"2024-10-22T11:17:40","guid":{"rendered":"https:\/\/www.nogometnionline.com\/?post_type=product&#038;p=18765"},"modified":"2024-10-22T11:17:45","modified_gmt":"2024-10-22T11:17:45","slug":"sportni-dresi-za-otroke-komplet-arsenal-gostujoci-2024-25-william-saliba-2","status":"publish","type":"product","link":"https:\/\/www.nogometnizaotroke.com\/it\/product\/sportni-dresi-za-otroke-komplet-arsenal-gostujoci-2024-25-william-saliba-2\/","title":{"rendered":"Maglie sportive per bambini Arsenal Away kit 2024-25 William Saliba 2"},"content":{"rendered":"<p>La maglia da trasferta dell'Arsenal 2024-25 presenta un colore di base nero combinato con il rosso e il verde come tributo agli ex giocatori dell'Arsenal David Rocastle e Ian Wright.Questi colori erano gi\u00e0 presenti sulla maglia in edizione limitata, progettata per celebrare l'amicizia tra le leggende del club Wrighty e Rocky Rocastle (Ian Wright &amp; David Rocastle). Il nome dell'allenatore, Honor Oak, \u00e8 un riferimento alla zona di Londra in cui entrambi i giocatori sono cresciuti.La maglia da trasferta dell'Arsenal 2024-2025 \u00e8 rossa, il logo \u00e8 verde e il logo Emirates Fly Better \u00e8 bianco. La maglia da trasferta dell'Arsenal 2024-25 presenta un motivo grafico bianco sulla parte anteriore e inferiore.<\/p>\n<p>Suggerimenti per i calzini: la maglietta non include i calzini per impostazione predefinita. Se si desiderano i calzini, selezionare le opzioni relative ai calzini per pagarli.<\/p>\n<p>Suggerimento per la stampa: se il nome e il numero nell'immagine sono esattamente quelli desiderati, non \u00e8 necessario inserirli di nuovo. In caso contrario, inserire il nome e il numero desiderati.<\/p>\n<p>Consiglio per il lavaggio: si consiglia di lavare le maglie da calcio a mano. Se si desidera utilizzare una lavatrice, ricordarsi di girare la maglia e poi lavarla. Riempire la macchina con acqua fredda e utilizzare un ciclo di lavaggio delicato per proteggere maggiormente i colori.<\/p>","protected":false},"excerpt":{"rendered":"<p>Gostujo\u010di dres Arsenal 2024-25 ima \u010drno osnovno barvo v kombinaciji z rde\u010do in zeleno kot poklon nekdanjima igralcema Arsenal Davidu Rocastlu in Ianu Wrightu.Te barve so \u017ee bile predstavljene na dresu iz omejene izdaje, ki je bil zasnovan za praznovanje prijateljstva med klubskima legendama Wrightyjem in Rockyjem Rocastlom (Ian Wright &amp; David Rocastle). Trenerjevo ime, [&hellip;]<\/p>","protected":false},"featured_media":18767,"comment_status":"open","ping_status":"closed","template":"","meta":[],"product_brand":[],"product_cat":[73,38],"product_tag":[996,153,220,997,159,995,148,189,147,1144],"class_list":{"0":"post-18765","1":"product","2":"type-product","3":"status-publish","4":"has-post-thumbnail","6":"product_cat-otroski","7":"product_cat-nogometni-dresi-arsenal","8":"product_tag-dresi-arsenal-za-otroke","9":"product_tag-nogometni-dresi","10":"product_tag-nogometni-dresi-za-otroke","11":"product_tag-otroski-dresi-arsenal-z-lastnim-imenom","12":"product_tag-otroski-nogometni-dresi","13":"product_tag-otroski-nogometni-dresi-arsenal","14":"product_tag-poceni-nogometni-dresi","15":"product_tag-poceni-nogometni-dresi-arsenal-z-lastnim-imenom-online","16":"product_tag-slovenski-nogometni-dresi","17":"product_tag-william-saliba-dresi","19":"first","20":"instock","21":"shipping-taxable","22":"purchasable","23":"product-type-variable"},"_links":{"self":[{"href":"https:\/\/www.nogometnizaotroke.com\/it\/wp-json\/wp\/v2\/product\/18765","targetHints":{"allow":["GET"]}}],"collection":[{"href":"https:\/\/www.nogometnizaotroke.com\/it\/wp-json\/wp\/v2\/product"}],"about":[{"href":"https:\/\/www.nogometnizaotroke.com\/it\/wp-json\/wp\/v2\/types\/product"}],"replies":[{"embeddable":true,"href":"https:\/\/www.nogometnizaotroke.com\/it\/wp-json\/wp\/v2\/comments?post=18765"}],"wp:featuredmedia":[{"embeddable":true,"href":"https:\/\/www.nogometnizaotroke.com\/it\/wp-json\/wp\/v2\/media\/18767"}],"wp:attachment":[{"href":"https:\/\/www.nogometnizaotroke.com\/it\/wp-json\/wp\/v2\/media?parent=18765"}],"wp:term":[{"taxonomy":"product_brand","embeddable":true,"href":"https:\/\/www.nogometnizaotroke.com\/it\/wp-json\/wp\/v2\/product_brand?post=18765"},{"taxonomy":"product_cat","embeddable":true,"href":"https:\/\/www.nogometnizaotroke.com\/it\/wp-json\/wp\/v2\/product_cat?post=18765"},{"taxonomy":"product_tag","embeddable":true,"href":"https:\/\/www.nogometnizaotroke.com\/it\/wp-json\/wp\/v2\/product_tag?post=18765"}],"curies":[{"name":"wp","href":"https:\/\/api.w.org\/{rel}","templated":true}]}}