{"id":18605,"date":"2024-10-18T08:22:11","date_gmt":"2024-10-18T08:22:11","guid":{"rendered":"https:\/\/www.nogometnionline.com\/?post_type=product&#038;p=18605"},"modified":"2024-10-18T08:22:17","modified_gmt":"2024-10-18T08:22:17","slug":"otroski-nogometni-dresi-komplet-za-otroke-arsenal-tretji-2024-25-gabriel-martinelli-11","status":"publish","type":"product","link":"https:\/\/www.nogometnizaotroke.com\/it\/product\/otroski-nogometni-dresi-komplet-za-otroke-arsenal-tretji-2024-25-gabriel-martinelli-11\/","title":{"rendered":"Otro\u0161ki Nogometni dresi komplet za otroke Arsenal Tretji 2024-25 Gabriel Martinelli 11"},"content":{"rendered":"<p>La terza maglia da calcio dell'Arsenal FC 24-25 \u00e8 di colore blu acqua in combinazione con viola chiaro e blu navy. Il design della terza maglia da calcio dell'Arsenal FC 2024-25 \u00e8 moderno in contrasto con il classico logo Trefoil. Presenta un moderno design sfumato che ricorda l'aurora boreale.<\/p>\n<p>Suggerimenti per i calzini: la maglietta non include i calzini per impostazione predefinita. Se si desiderano i calzini, selezionare le opzioni relative ai calzini per pagarli.<\/p>\n<p>Suggerimento per la stampa: se il nome e il numero nell'immagine sono esattamente quelli desiderati, non \u00e8 necessario inserirli di nuovo. In caso contrario, inserire il nome e il numero desiderati.<\/p>\n<p>Consiglio per il lavaggio: si consiglia di lavare le maglie da calcio a mano. Se si desidera utilizzare una lavatrice, ricordarsi di girare la maglia e poi lavarla. Riempire la macchina con acqua fredda e utilizzare un ciclo di lavaggio delicato per proteggere maggiormente i colori.<\/p>","protected":false},"excerpt":{"rendered":"<p>Tretja nogometni dresi majica Arsenal 24-25 je vodno modre barve v kombinaciji s svetlo vijoli\u010dno in mornarsko modro.Dizajn tretjega nogometni dresi Arsenal FC 2024-25 je moderen v nasprotju s klasi\u010dnim logotipom Trefoil. Ima sodoben gradientni dizajn, ki spominja na severni sij. Nasveti za nogavice: Majica ne vsebuje nogavic privzeto. \u010ce \u017eelite nogavice, izberite mo\u017enosti nogavic, [&hellip;]<\/p>","protected":false},"featured_media":18607,"comment_status":"open","ping_status":"closed","template":"","meta":[],"product_brand":[],"product_cat":[73,38],"product_tag":[996,1158,153,220,997,159,995,148,189,147],"class_list":{"0":"post-18605","1":"product","2":"type-product","3":"status-publish","4":"has-post-thumbnail","6":"product_cat-otroski","7":"product_cat-nogometni-dresi-arsenal","8":"product_tag-dresi-arsenal-za-otroke","9":"product_tag-gabriel-martinelli-dresi","10":"product_tag-nogometni-dresi","11":"product_tag-nogometni-dresi-za-otroke","12":"product_tag-otroski-dresi-arsenal-z-lastnim-imenom","13":"product_tag-otroski-nogometni-dresi","14":"product_tag-otroski-nogometni-dresi-arsenal","15":"product_tag-poceni-nogometni-dresi","16":"product_tag-poceni-nogometni-dresi-arsenal-z-lastnim-imenom-online","17":"product_tag-slovenski-nogometni-dresi","19":"first","20":"instock","21":"shipping-taxable","22":"purchasable","23":"product-type-variable"},"_links":{"self":[{"href":"https:\/\/www.nogometnizaotroke.com\/it\/wp-json\/wp\/v2\/product\/18605","targetHints":{"allow":["GET"]}}],"collection":[{"href":"https:\/\/www.nogometnizaotroke.com\/it\/wp-json\/wp\/v2\/product"}],"about":[{"href":"https:\/\/www.nogometnizaotroke.com\/it\/wp-json\/wp\/v2\/types\/product"}],"replies":[{"embeddable":true,"href":"https:\/\/www.nogometnizaotroke.com\/it\/wp-json\/wp\/v2\/comments?post=18605"}],"wp:featuredmedia":[{"embeddable":true,"href":"https:\/\/www.nogometnizaotroke.com\/it\/wp-json\/wp\/v2\/media\/18607"}],"wp:attachment":[{"href":"https:\/\/www.nogometnizaotroke.com\/it\/wp-json\/wp\/v2\/media?parent=18605"}],"wp:term":[{"taxonomy":"product_brand","embeddable":true,"href":"https:\/\/www.nogometnizaotroke.com\/it\/wp-json\/wp\/v2\/product_brand?post=18605"},{"taxonomy":"product_cat","embeddable":true,"href":"https:\/\/www.nogometnizaotroke.com\/it\/wp-json\/wp\/v2\/product_cat?post=18605"},{"taxonomy":"product_tag","embeddable":true,"href":"https:\/\/www.nogometnizaotroke.com\/it\/wp-json\/wp\/v2\/product_tag?post=18605"}],"curies":[{"name":"wp","href":"https:\/\/api.w.org\/{rel}","templated":true}]}}