{"id":18337,"date":"2024-10-12T09:13:49","date_gmt":"2024-10-12T09:13:49","guid":{"rendered":"https:\/\/www.nogometnionline.com\/?post_type=product&#038;p=18337"},"modified":"2024-10-12T09:13:54","modified_gmt":"2024-10-12T09:13:54","slug":"moski-nogometni-dresi-kompleti-chelsea-gostujoci-2024-2025-bela-benoit-badiashile-5","status":"publish","type":"product","link":"https:\/\/www.nogometnizaotroke.com\/it\/product\/moski-nogometni-dresi-kompleti-chelsea-gostujoci-2024-2025-bela-benoit-badiashile-5\/","title":{"rendered":"Maglie calcio uomo Kit Chelsea Away 2024-2025 bianco Benoit Badiashile 5"},"content":{"rendered":"<p>Il tema \"Blue Blame\" di questa maglia home 24\/25 del Chelsea FC si estende anche alla maglia da trasferta, evidenziando l'ambizione condivisa del club, la passione bruciante e la determinazione al successo. Il sorprendente colore arancione simboleggia il fuoco che rappresenta la spinta collettiva di tutti coloro che sono associati al Chelsea, sia dentro che fuori dal campo. Lo slogan \"Together, We Burn Blue\" riassume questa etica, riflettendo l'unit\u00e0 e l'intensit\u00e0 che il club vuole portare nella nuova stagione. La maglia sostitutiva del Chelsea 2024\/25 presenta un tessuto in \"guava ice\", una tonalit\u00e0 pi\u00f9 chiara di arancione che introduce un'estetica pulita, giovane e di tendenza. Questa scelta cromatica non solo conferisce un aspetto fresco, ma si integra anche con i colori pi\u00f9 tradizionali associati al Chelsea. Il design mira a conquistare sia i giocatori che i tifosi, offrendo un look moderno ma senza tempo, in linea con le attuali tendenze della moda.<\/p>\n<p>Suggerimenti per i calzini: la maglietta non include i calzini per impostazione predefinita. Se si desiderano i calzini, selezionare le opzioni relative ai calzini per pagarli.<\/p>\n<p>Suggerimento per la stampa: se il nome e il numero nell'immagine sono esattamente quelli desiderati, non \u00e8 necessario inserirli di nuovo. In caso contrario, inserire il nome e il numero desiderati.<\/p>\n<p>Consiglio per il lavaggio: si consiglia di lavare le maglie da calcio a mano. Se si desidera utilizzare una lavatrice, ricordarsi di girare la maglia e poi lavarla. Riempire la macchina con acqua fredda e utilizzare un ciclo di lavaggio delicato per proteggere maggiormente i colori.<\/p>","protected":false},"excerpt":{"rendered":"<p>Tema \u2018Blue Blame\u2019 iz tega doma\u010dega dresa FC Chelsea 24\/25 se raz\u0161iri na gostujo\u010do majico in poudarja skupno ambicioznost kluba, gore\u010do strast in odlo\u010denost za uspeh. Osupljiva oran\u017ena poudarjena barva simbolizira ogenj, ki predstavlja kolektivni zagon vseh, ki so povezani s Chelseajem, tako na igri\u0161\u010du kot izven njega. Slogan \u00bbTogether, We Burn Blue\u00ab povzema ta [&hellip;]<\/p>","protected":false},"featured_media":18339,"comment_status":"open","ping_status":"closed","template":"","meta":[],"product_brand":[],"product_cat":[140,43],"product_tag":[1408,281,150,282,1036,148,647,165,147],"class_list":{"0":"post-18337","1":"product","2":"type-product","3":"status-publish","4":"has-post-thumbnail","6":"product_cat-moski","7":"product_cat-nogometni-dresi-chelsea","8":"product_tag-benoit-badiashile-dresi","9":"product_tag-dresi-chelsea-za-otroke","10":"product_tag-moski-nogometni-dresi","11":"product_tag-otroski-dresi-chelsea-z-lastnim-imenom","12":"product_tag-otroski-nogometni-dresi-chelsea","13":"product_tag-poceni-nogometni-dresi","14":"product_tag-poceni-nogometni-dresi-otroski-z-lastnim-imenom-online","15":"product_tag-poceni-otroski-nogometni-dresi-chelsea-z-lastnim-imenom","16":"product_tag-slovenski-nogometni-dresi","18":"first","19":"instock","20":"shipping-taxable","21":"purchasable","22":"product-type-variable"},"_links":{"self":[{"href":"https:\/\/www.nogometnizaotroke.com\/it\/wp-json\/wp\/v2\/product\/18337","targetHints":{"allow":["GET"]}}],"collection":[{"href":"https:\/\/www.nogometnizaotroke.com\/it\/wp-json\/wp\/v2\/product"}],"about":[{"href":"https:\/\/www.nogometnizaotroke.com\/it\/wp-json\/wp\/v2\/types\/product"}],"replies":[{"embeddable":true,"href":"https:\/\/www.nogometnizaotroke.com\/it\/wp-json\/wp\/v2\/comments?post=18337"}],"wp:featuredmedia":[{"embeddable":true,"href":"https:\/\/www.nogometnizaotroke.com\/it\/wp-json\/wp\/v2\/media\/18339"}],"wp:attachment":[{"href":"https:\/\/www.nogometnizaotroke.com\/it\/wp-json\/wp\/v2\/media?parent=18337"}],"wp:term":[{"taxonomy":"product_brand","embeddable":true,"href":"https:\/\/www.nogometnizaotroke.com\/it\/wp-json\/wp\/v2\/product_brand?post=18337"},{"taxonomy":"product_cat","embeddable":true,"href":"https:\/\/www.nogometnizaotroke.com\/it\/wp-json\/wp\/v2\/product_cat?post=18337"},{"taxonomy":"product_tag","embeddable":true,"href":"https:\/\/www.nogometnizaotroke.com\/it\/wp-json\/wp\/v2\/product_tag?post=18337"}],"curies":[{"name":"wp","href":"https:\/\/api.w.org\/{rel}","templated":true}]}}