{"id":17999,"date":"2024-10-06T02:40:53","date_gmt":"2024-10-06T02:40:53","guid":{"rendered":"https:\/\/www.nogometnionline.com\/?post_type=product&#038;p=17999"},"modified":"2025-05-23T04:22:09","modified_gmt":"2025-05-23T04:22:09","slug":"moski-nogometni-dresi-manchester-city-4th-2024-25-z-lastnim-tiskom","status":"publish","type":"product","link":"https:\/\/www.nogometnizaotroke.com\/it\/product\/moski-nogometni-dresi-manchester-city-4th-2024-25-z-lastnim-tiskom\/","title":{"rendered":"Mo\u0161ki Nogometni dresi Manchester City 4th 2024-25 z lastnim tiskom"},"content":{"rendered":"<p>\u010cetrti dres Manchester City 24-25 ima dizajn in barvno kombinacijo, ki zagotovo ni za vsakogar. \u010cetrti dres Manchester Cityja 2024\u201325 zdru\u017euje svetlo rumeno osnovno barvo z mornarsko-turkiznimi logotipi in modro-rjavimi aplikacijami.\u010cetrti nogometni dres Manchester City 24-25 ima dizajn, ki ga je navdihnila kultna naslovnica albuma Definitely Maybe.<\/p>\n<p>Suggerimenti per i calzini: la maglietta non include i calzini per impostazione predefinita. Se si desiderano i calzini, selezionare le opzioni relative ai calzini per pagarli.<\/p>\n<p>Suggerimento per la stampa: se il nome e il numero nell'immagine sono esattamente quelli desiderati, non \u00e8 necessario inserirli di nuovo. In caso contrario, inserire il nome e il numero desiderati.<\/p>\n<p>Consiglio per il lavaggio: si consiglia di lavare le maglie da calcio a mano. Se si desidera utilizzare una lavatrice, ricordarsi di girare la maglia e poi lavarla. Riempire la macchina con acqua fredda e utilizzare un ciclo di lavaggio delicato per proteggere maggiormente i colori.<\/p>","protected":false},"excerpt":{"rendered":"<p>\u010cetrti dres Manchester City 24-25 ima dizajn in barvno kombinacijo, ki zagotovo ni za vsakogar. \u010cetrti dres Manchester Cityja 2024\u201325 zdru\u017euje svetlo rumeno osnovno barvo z mornarsko-turkiznimi logotipi in modro-rjavimi aplikacijami.\u010cetrti nogometni dres Manchester City 24-25 ima dizajn, ki ga je navdihnila kultna naslovnica albuma Definitely Maybe. Nasveti za nogavice: Majica ne vsebuje nogavic privzeto. [&hellip;]<\/p>","protected":false},"featured_media":18001,"comment_status":"open","ping_status":"closed","template":"","meta":[],"product_brand":[],"product_cat":[140,44],"product_tag":[821,883,150,153,148,253,147],"class_list":{"0":"post-17999","1":"product","2":"type-product","3":"status-publish","4":"has-post-thumbnail","6":"product_cat-moski","7":"product_cat-nogometni-dresi-manchester-city","8":"product_tag-manchester-city-dres","9":"product_tag-manchester-city-dresi-2024","10":"product_tag-moski-nogometni-dresi","11":"product_tag-nogometni-dresi","12":"product_tag-poceni-nogometni-dresi","13":"product_tag-poceni-nogometni-dresi-manchester-city-z-lastnim-imenom-online","14":"product_tag-slovenski-nogometni-dresi","16":"first","17":"instock","18":"shipping-taxable","19":"purchasable","20":"product-type-variable"},"_links":{"self":[{"href":"https:\/\/www.nogometnizaotroke.com\/it\/wp-json\/wp\/v2\/product\/17999","targetHints":{"allow":["GET"]}}],"collection":[{"href":"https:\/\/www.nogometnizaotroke.com\/it\/wp-json\/wp\/v2\/product"}],"about":[{"href":"https:\/\/www.nogometnizaotroke.com\/it\/wp-json\/wp\/v2\/types\/product"}],"replies":[{"embeddable":true,"href":"https:\/\/www.nogometnizaotroke.com\/it\/wp-json\/wp\/v2\/comments?post=17999"}],"wp:featuredmedia":[{"embeddable":true,"href":"https:\/\/www.nogometnizaotroke.com\/it\/wp-json\/wp\/v2\/media\/18001"}],"wp:attachment":[{"href":"https:\/\/www.nogometnizaotroke.com\/it\/wp-json\/wp\/v2\/media?parent=17999"}],"wp:term":[{"taxonomy":"product_brand","embeddable":true,"href":"https:\/\/www.nogometnizaotroke.com\/it\/wp-json\/wp\/v2\/product_brand?post=17999"},{"taxonomy":"product_cat","embeddable":true,"href":"https:\/\/www.nogometnizaotroke.com\/it\/wp-json\/wp\/v2\/product_cat?post=17999"},{"taxonomy":"product_tag","embeddable":true,"href":"https:\/\/www.nogometnizaotroke.com\/it\/wp-json\/wp\/v2\/product_tag?post=17999"}],"curies":[{"name":"wp","href":"https:\/\/api.w.org\/{rel}","templated":true}]}}