{"id":17431,"date":"2024-09-20T09:09:56","date_gmt":"2024-09-20T09:09:56","guid":{"rendered":"https:\/\/www.nogometnionline.com\/?post_type=product&#038;p=17431"},"modified":"2024-09-20T09:10:01","modified_gmt":"2024-09-20T09:10:01","slug":"poceni-otroski-nogometni-dresi-kompleti-za-otroke-everton-tretji-2024-2025","status":"publish","type":"product","link":"https:\/\/www.nogometnizaotroke.com\/it\/product\/poceni-otroski-nogometni-dresi-kompleti-za-otroke-everton-tretji-2024-2025\/","title":{"rendered":"Maglie di calcio per bambini a buon mercato Kit per bambini Everton Terzo 2024-2025"},"content":{"rendered":"<p>Tretji dres Castore Everton 2024-25 ima novo barvo \u2013 svetlo limonasta in \u010drna. Ovratnik in man\u0161ete imajo \u010dudovite zlate obrobe.Tretji dres nogometnega kluba Everton za sezono 2024\u201325 ima barvo, ki jo je navdihnila bejzbolska tekma, ki je bila 23. oktobra 1924 v znamenitem Evertonovem Goodison Parku. Takrat so igralci stopili na znamenito igri\u0161\u010de stadiona, ko je Goodison Park postal Goodison Ballpark.Sprednji del Evertonovega novega tretjega dresa 24-25 ima ne\u017ene \u010drte. Na levem prsnem ko\u0161u je grb Evertona v spremenjeni barvi.<\/p>\n<p>Suggerimenti per i calzini: la maglietta non include i calzini per impostazione predefinita. Se si desiderano i calzini, selezionare le opzioni relative ai calzini per pagarli.<\/p>\n<p>Suggerimento per la stampa: se il nome e il numero nell'immagine sono esattamente quelli desiderati, non \u00e8 necessario inserirli di nuovo. In caso contrario, inserire il nome e il numero desiderati.<\/p>\n<p>Consiglio per il lavaggio: si consiglia di lavare le maglie da calcio a mano. Se si desidera utilizzare una lavatrice, ricordarsi di girare la maglia e poi lavarla. Riempire la macchina con acqua fredda e utilizzare un ciclo di lavaggio delicato per proteggere maggiormente i colori.<\/p>","protected":false},"excerpt":{"rendered":"<p>Tretji dres Castore Everton 2024-25 ima novo barvo \u2013 svetlo limonasta in \u010drna. Ovratnik in man\u0161ete imajo \u010dudovite zlate obrobe.Tretji dres nogometnega kluba Everton za sezono 2024\u201325 ima barvo, ki jo je navdihnila bejzbolska tekma, ki je bila 23. oktobra 1924 v znamenitem Evertonovem Goodison Parku. Takrat so igralci stopili na znamenito igri\u0161\u010de stadiona, ko [&hellip;]<\/p>","protected":false},"featured_media":17433,"comment_status":"open","ping_status":"closed","template":"","meta":[],"product_brand":[],"product_cat":[73,49],"product_tag":[1101,153,220,1102,159,1100,148,774,147],"class_list":{"0":"post-17431","1":"product","2":"type-product","3":"status-publish","4":"has-post-thumbnail","6":"product_cat-otroski","7":"product_cat-nogometni-dresi-everton","8":"product_tag-dresi-everton-za-otroke","9":"product_tag-nogometni-dresi","10":"product_tag-nogometni-dresi-za-otroke","11":"product_tag-otroski-dresi-everton-z-lastnim-imenom","12":"product_tag-otroski-nogometni-dresi","13":"product_tag-otroski-nogometni-dresi-everton","14":"product_tag-poceni-nogometni-dresi","15":"product_tag-poceni-otroski-nogometni-dresi-everton-z-lastnim-imenom","16":"product_tag-slovenski-nogometni-dresi","18":"first","19":"instock","20":"shipping-taxable","21":"purchasable","22":"product-type-variable"},"_links":{"self":[{"href":"https:\/\/www.nogometnizaotroke.com\/it\/wp-json\/wp\/v2\/product\/17431","targetHints":{"allow":["GET"]}}],"collection":[{"href":"https:\/\/www.nogometnizaotroke.com\/it\/wp-json\/wp\/v2\/product"}],"about":[{"href":"https:\/\/www.nogometnizaotroke.com\/it\/wp-json\/wp\/v2\/types\/product"}],"replies":[{"embeddable":true,"href":"https:\/\/www.nogometnizaotroke.com\/it\/wp-json\/wp\/v2\/comments?post=17431"}],"wp:featuredmedia":[{"embeddable":true,"href":"https:\/\/www.nogometnizaotroke.com\/it\/wp-json\/wp\/v2\/media\/17433"}],"wp:attachment":[{"href":"https:\/\/www.nogometnizaotroke.com\/it\/wp-json\/wp\/v2\/media?parent=17431"}],"wp:term":[{"taxonomy":"product_brand","embeddable":true,"href":"https:\/\/www.nogometnizaotroke.com\/it\/wp-json\/wp\/v2\/product_brand?post=17431"},{"taxonomy":"product_cat","embeddable":true,"href":"https:\/\/www.nogometnizaotroke.com\/it\/wp-json\/wp\/v2\/product_cat?post=17431"},{"taxonomy":"product_tag","embeddable":true,"href":"https:\/\/www.nogometnizaotroke.com\/it\/wp-json\/wp\/v2\/product_tag?post=17431"}],"curies":[{"name":"wp","href":"https:\/\/api.w.org\/{rel}","templated":true}]}}