{"id":17074,"date":"2024-09-10T08:00:58","date_gmt":"2024-09-10T08:00:58","guid":{"rendered":"https:\/\/www.nogometnionline.com\/?post_type=product&#038;p=17074"},"modified":"2024-09-10T08:01:03","modified_gmt":"2024-09-10T08:01:03","slug":"moski-nogometni-dresi-kompleti-reprezentance-anglija-gostujoci-euro-2024-jude-bellingham-10","status":"publish","type":"product","link":"https:\/\/www.nogometnizaotroke.com\/it\/product\/moski-nogometni-dresi-kompleti-reprezentance-anglija-gostujoci-euro-2024-jude-bellingham-10\/","title":{"rendered":"Uomini Inghilterra nazionale calcio kit away Euro 2024 Jude Bellingham 10"},"content":{"rendered":"<p>La maglia da trasferta dell'Inghilterra 2024\/25 adotta un approccio audace, reimmaginando i kit iconici della nazionale con un tocco di freschezza. A differenza dei modelli tradizionali, la maglia da trasferta \u00e8 decorata con un'accattivante tonalit\u00e0 di viola, che simboleggia lo spirito giovane ed energico che permea sia dentro che fuori dal campo.<\/p>\n<p>Suggerimenti per i calzini: la maglietta non include i calzini per impostazione predefinita. Se si desiderano i calzini, selezionare le opzioni relative ai calzini per pagarli.<\/p>\n<p>Suggerimento per la stampa: se il nome e il numero nell'immagine sono esattamente quelli desiderati, non \u00e8 necessario inserirli di nuovo. In caso contrario, inserire il nome e il numero desiderati.<\/p>\n<p>Consiglio per il lavaggio: si consiglia di lavare le maglie da calcio a mano. Se si desidera utilizzare una lavatrice, ricordarsi di girare la maglia e poi lavarla. Riempire la macchina con acqua fredda e utilizzare un ciclo di lavaggio delicato per proteggere maggiormente i colori.<\/p>","protected":false},"excerpt":{"rendered":"<p>Gostujo\u010di dres Anglije 2024\/25 ima drzen pristop s preoblikovanjem ikoni\u010dnih reprezentan\u010dnih kompletov z osve\u017eujo\u010dim pridihom. Za razliko od tradicionalnih norm je majica za goste okra\u0161ena v privla\u010dnem vijoli\u010dnem odtenku, ki simbolizira mladosten in energi\u010den duh, ki pre\u017eema tako na igri\u0161\u010du kot izven njega. Nasveti za nogavice: Majica ne vsebuje nogavic privzeto. \u010ce \u017eelite nogavice, izberite [&hellip;]<\/p>","protected":false},"featured_media":17076,"comment_status":"open","ping_status":"closed","template":"","meta":[],"product_brand":[],"product_cat":[778,140,79],"product_tag":[785,983,150,153,1318,148,147],"class_list":{"0":"post-17074","1":"product","2":"type-product","3":"status-publish","4":"has-post-thumbnail","6":"product_cat-euro-2024","7":"product_cat-moski","8":"product_cat-dresi-anglija-reprezentance","9":"product_tag-anglija-euro-2024-dresi","10":"product_tag-jude-bellingham-dresi","11":"product_tag-moski-nogometni-dresi","12":"product_tag-nogometni-dresi","13":"product_tag-nogometni-dresi-za-nogomet","14":"product_tag-poceni-nogometni-dresi","15":"product_tag-slovenski-nogometni-dresi","17":"first","18":"instock","19":"shipping-taxable","20":"purchasable","21":"product-type-variable"},"_links":{"self":[{"href":"https:\/\/www.nogometnizaotroke.com\/it\/wp-json\/wp\/v2\/product\/17074","targetHints":{"allow":["GET"]}}],"collection":[{"href":"https:\/\/www.nogometnizaotroke.com\/it\/wp-json\/wp\/v2\/product"}],"about":[{"href":"https:\/\/www.nogometnizaotroke.com\/it\/wp-json\/wp\/v2\/types\/product"}],"replies":[{"embeddable":true,"href":"https:\/\/www.nogometnizaotroke.com\/it\/wp-json\/wp\/v2\/comments?post=17074"}],"wp:featuredmedia":[{"embeddable":true,"href":"https:\/\/www.nogometnizaotroke.com\/it\/wp-json\/wp\/v2\/media\/17076"}],"wp:attachment":[{"href":"https:\/\/www.nogometnizaotroke.com\/it\/wp-json\/wp\/v2\/media?parent=17074"}],"wp:term":[{"taxonomy":"product_brand","embeddable":true,"href":"https:\/\/www.nogometnizaotroke.com\/it\/wp-json\/wp\/v2\/product_brand?post=17074"},{"taxonomy":"product_cat","embeddable":true,"href":"https:\/\/www.nogometnizaotroke.com\/it\/wp-json\/wp\/v2\/product_cat?post=17074"},{"taxonomy":"product_tag","embeddable":true,"href":"https:\/\/www.nogometnizaotroke.com\/it\/wp-json\/wp\/v2\/product_tag?post=17074"}],"curies":[{"name":"wp","href":"https:\/\/api.w.org\/{rel}","templated":true}]}}