{"id":16969,"date":"2024-09-09T02:22:54","date_gmt":"2024-09-09T02:22:54","guid":{"rendered":"https:\/\/www.nogometnionline.com\/?post_type=product&#038;p=16969"},"modified":"2024-09-09T02:23:55","modified_gmt":"2024-09-09T02:23:55","slug":"moski-nogometni-dresi-bayer-04-leverkusen-domaci-2024-2025-z-imenom","status":"publish","type":"product","link":"https:\/\/www.nogometnizaotroke.com\/it\/product\/moski-nogometni-dresi-bayer-04-leverkusen-domaci-2024-2025-z-imenom\/","title":{"rendered":"Mo\u0161ki Nogometni dresi Bayer 04 Leverkusen Doma\u010di 2024-2025 z imenom"},"content":{"rendered":"<p>Doma\u010di dres Bayer Leverkusen 24\/25 se pona\u0161a z o\u010darljivo \u010drno-rde\u010do barvo in prvi\u010d na desnem rokavu ponosno prikazuje zlato zna\u010dko nem\u0161kega prvaka. Razli\u010dni mestni elementi so prefinjeno vklju\u010deni v ta zgodovinski dres in tako izkazujejo poklon dedi\u0161\u010dini Leverkusna. Diamanti iz vodnega stolpa, kri\u017e iz grba in deli zemljevida mesta krasijo dres, kar ustvarja edinstven in pomenljiv dizajn.<\/p>\n<p>Suggerimenti per i calzini: la maglietta non include i calzini per impostazione predefinita. Se si desiderano i calzini, selezionare le opzioni relative ai calzini per pagarli.<\/p>\n<p>Suggerimento per la stampa: se il nome e il numero nell'immagine sono esattamente quelli desiderati, non \u00e8 necessario inserirli di nuovo. In caso contrario, inserire il nome e il numero desiderati.<\/p>\n<p>Consiglio per il lavaggio: si consiglia di lavare le maglie da calcio a mano. Se si desidera utilizzare una lavatrice, ricordarsi di girare la maglia e poi lavarla. Riempire la macchina con acqua fredda e utilizzare un ciclo di lavaggio delicato per proteggere maggiormente i colori.<\/p>","protected":false},"excerpt":{"rendered":"<p>Doma\u010di dres Bayer Leverkusen 24\/25 se pona\u0161a z o\u010darljivo \u010drno-rde\u010do barvo in prvi\u010d na desnem rokavu ponosno prikazuje zlato zna\u010dko nem\u0161kega prvaka. Razli\u010dni mestni elementi so prefinjeno vklju\u010deni v ta zgodovinski dres in tako izkazujejo poklon dedi\u0161\u010dini Leverkusna. Diamanti iz vodnega stolpa, kri\u017e iz grba in deli zemljevida mesta krasijo dres, kar ustvarja edinstven in [&hellip;]<\/p>","protected":false},"featured_media":16971,"comment_status":"open","ping_status":"closed","template":"","meta":[],"product_brand":[],"product_cat":[888,140],"product_tag":[890,150,217,153,891,148,889,147],"class_list":{"0":"post-16969","1":"product","2":"type-product","3":"status-publish","4":"has-post-thumbnail","6":"product_cat-nogometni-dresi-bayer-leverkusen","7":"product_cat-moski","8":"product_tag-bayer-leverkusen-dresi-z-lastnim-imenom","9":"product_tag-moski-nogometni-dresi","10":"product_tag-najcenejsi-nogometni-dresi","11":"product_tag-nogometni-dresi","12":"product_tag-poceni-bayer-leverkusen-dresi","13":"product_tag-poceni-nogometni-dresi","14":"product_tag-poceni-nogometni-dresi-bayer-leverkusen-z-lastnim-imenom-online","15":"product_tag-slovenski-nogometni-dresi","17":"first","18":"instock","19":"shipping-taxable","20":"purchasable","21":"product-type-variable"},"_links":{"self":[{"href":"https:\/\/www.nogometnizaotroke.com\/it\/wp-json\/wp\/v2\/product\/16969","targetHints":{"allow":["GET"]}}],"collection":[{"href":"https:\/\/www.nogometnizaotroke.com\/it\/wp-json\/wp\/v2\/product"}],"about":[{"href":"https:\/\/www.nogometnizaotroke.com\/it\/wp-json\/wp\/v2\/types\/product"}],"replies":[{"embeddable":true,"href":"https:\/\/www.nogometnizaotroke.com\/it\/wp-json\/wp\/v2\/comments?post=16969"}],"wp:featuredmedia":[{"embeddable":true,"href":"https:\/\/www.nogometnizaotroke.com\/it\/wp-json\/wp\/v2\/media\/16971"}],"wp:attachment":[{"href":"https:\/\/www.nogometnizaotroke.com\/it\/wp-json\/wp\/v2\/media?parent=16969"}],"wp:term":[{"taxonomy":"product_brand","embeddable":true,"href":"https:\/\/www.nogometnizaotroke.com\/it\/wp-json\/wp\/v2\/product_brand?post=16969"},{"taxonomy":"product_cat","embeddable":true,"href":"https:\/\/www.nogometnizaotroke.com\/it\/wp-json\/wp\/v2\/product_cat?post=16969"},{"taxonomy":"product_tag","embeddable":true,"href":"https:\/\/www.nogometnizaotroke.com\/it\/wp-json\/wp\/v2\/product_tag?post=16969"}],"curies":[{"name":"wp","href":"https:\/\/api.w.org\/{rel}","templated":true}]}}