{"id":16673,"date":"2024-09-02T07:43:47","date_gmt":"2024-09-02T07:43:47","guid":{"rendered":"https:\/\/www.nogometnionline.com\/?post_type=product&#038;p=16673"},"modified":"2024-09-18T13:12:20","modified_gmt":"2024-09-18T13:12:20","slug":"otroski-nogometni-dresi-kompleti-za-otroke-valencia-domaci-2024-25-z-lastnim-tiskom","status":"publish","type":"product","link":"https:\/\/www.nogometnizaotroke.com\/it\/product\/otroski-nogometni-dresi-kompleti-za-otroke-valencia-domaci-2024-25-z-lastnim-tiskom\/","title":{"rendered":"Set di maglie da calcio per bambini Valencia Home 2024-25 stampato"},"content":{"rendered":"<p>Dizajn majice Valencia CF 24\/25 je zlitje retro elementov in sodobne tehnologije. Vsebuje ikoni\u010dne \u010drne rokave iz kompleta sezone 2003\/04, posodobljene z vrhunskimi zlatimi logotipi in vrhunskimi detajli v po\u010dastitev 20. obletnice zmagovitega Tripleta.Dres je me\u0161anica \u010drne in bele barve, ki jo poudarjajo zlati detajli, kot je klubski grb, ki simbolizira uspeh te nepozabne sezone. Motiv netopirja je vidno prikazan na zadnji strani ovratnika.<\/p>\n<p>Suggerimenti per i calzini: la maglietta non include i calzini per impostazione predefinita. Se si desiderano i calzini, selezionare le opzioni relative ai calzini per pagarli.<\/p>\n<p>Suggerimento per la stampa: se il nome e il numero nell'immagine sono esattamente quelli desiderati, non \u00e8 necessario inserirli di nuovo. In caso contrario, inserire il nome e il numero desiderati.<\/p>\n<p>Consiglio per il lavaggio: si consiglia di lavare le maglie da calcio a mano. Se si desidera utilizzare una lavatrice, ricordarsi di girare la maglia e poi lavarla. Riempire la macchina con acqua fredda e utilizzare un ciclo di lavaggio delicato per proteggere maggiormente i colori.<\/p>","protected":false},"excerpt":{"rendered":"<p>Dizajn majice Valencia CF 24\/25 je zlitje retro elementov in sodobne tehnologije. Vsebuje ikoni\u010dne \u010drne rokave iz kompleta sezone 2003\/04, posodobljene z vrhunskimi zlatimi logotipi in vrhunskimi detajli v po\u010dastitev 20. obletnice zmagovitega Tripleta.Dres je me\u0161anica \u010drne in bele barve, ki jo poudarjajo zlati detajli, kot je klubski grb, ki simbolizira uspeh te nepozabne sezone. [&hellip;]<\/p>","protected":false},"featured_media":16675,"comment_status":"open","ping_status":"closed","template":"","meta":[],"product_brand":[],"product_cat":[73,56],"product_tag":[1253,837,1254,1255,1256,148,1257,147,1252],"class_list":{"0":"post-16673","1":"product","2":"type-product","3":"status-publish","4":"has-post-thumbnail","6":"product_cat-otroski","7":"product_cat-nogometni-dresi-valencia","8":"product_tag-dresi-valencia-za-otroke","9":"product_tag-dresi-za-nogomet","10":"product_tag-nogometni-dresi-valencia-prodaja","11":"product_tag-nogometni-dresi-valencia-z-lastnim-imenom","12":"product_tag-nogometni-dresi-valencia-z-lastnim-tiskom","13":"product_tag-poceni-nogometni-dresi","14":"product_tag-poceni-nogometni-dresi-valencia","15":"product_tag-slovenski-nogometni-dresi","16":"product_tag-valencia-dresi-2024","18":"first","19":"instock","20":"shipping-taxable","21":"purchasable","22":"product-type-variable"},"_links":{"self":[{"href":"https:\/\/www.nogometnizaotroke.com\/it\/wp-json\/wp\/v2\/product\/16673","targetHints":{"allow":["GET"]}}],"collection":[{"href":"https:\/\/www.nogometnizaotroke.com\/it\/wp-json\/wp\/v2\/product"}],"about":[{"href":"https:\/\/www.nogometnizaotroke.com\/it\/wp-json\/wp\/v2\/types\/product"}],"replies":[{"embeddable":true,"href":"https:\/\/www.nogometnizaotroke.com\/it\/wp-json\/wp\/v2\/comments?post=16673"}],"wp:featuredmedia":[{"embeddable":true,"href":"https:\/\/www.nogometnizaotroke.com\/it\/wp-json\/wp\/v2\/media\/16675"}],"wp:attachment":[{"href":"https:\/\/www.nogometnizaotroke.com\/it\/wp-json\/wp\/v2\/media?parent=16673"}],"wp:term":[{"taxonomy":"product_brand","embeddable":true,"href":"https:\/\/www.nogometnizaotroke.com\/it\/wp-json\/wp\/v2\/product_brand?post=16673"},{"taxonomy":"product_cat","embeddable":true,"href":"https:\/\/www.nogometnizaotroke.com\/it\/wp-json\/wp\/v2\/product_cat?post=16673"},{"taxonomy":"product_tag","embeddable":true,"href":"https:\/\/www.nogometnizaotroke.com\/it\/wp-json\/wp\/v2\/product_tag?post=16673"}],"curies":[{"name":"wp","href":"https:\/\/api.w.org\/{rel}","templated":true}]}}