{"id":16587,"date":"2024-08-31T03:36:59","date_gmt":"2024-08-31T03:36:59","guid":{"rendered":"https:\/\/www.nogometnionline.com\/?post_type=product&#038;p=16587"},"modified":"2024-08-31T03:37:03","modified_gmt":"2024-08-31T03:37:03","slug":"moski-nogometni-dresi-west-ham-united-domaci-2024-25-z-lastnim-tiskom","status":"publish","type":"product","link":"https:\/\/www.nogometnizaotroke.com\/it\/product\/moski-nogometni-dresi-west-ham-united-domaci-2024-25-z-lastnim-tiskom\/","title":{"rendered":"Maglia West Ham United Home da uomo stampata 2024-25"},"content":{"rendered":"<p>Novi dres Umbro West Ham 24-25 je popolna sprememba klubskega dresa Bubble 23-24 in je hkrati eleganten in klasi\u010den.Dizajn doma\u010dega dresa West Ham 24-25 se zgleduje po \u0161estdesetih letih prej\u0161njega stoletja, ko je klub osvojil pokal pokalnih zmagovalcev.Kot obi\u010dajno ima dres Ambro West Ham United 24-25 bordo osnovne barve z nebe\u0161ko modrimi rokavi. Tako ovratnik kot man\u0161ete imajo \u010dudovite vinsko rde\u010de, nebesno modre in bele \u010drte.Doma\u010da majica Umbro West Ham United FC 24-25 ima nov logotip Umbro v beli in nebesno modri barvi na desni strani prsi, medtem ko je zna\u010dka West Ham prikazana na levi strani prsi v prebarvani nebesno modri\/prozorni\/beli razli\u010dici.<\/p>\n<p>Suggerimenti per i calzini: la maglietta non include i calzini per impostazione predefinita. Se si desiderano i calzini, selezionare le opzioni relative ai calzini per pagarli.<\/p>\n<p>Suggerimento per la stampa: se il nome e il numero nell'immagine sono esattamente quelli desiderati, non \u00e8 necessario inserirli di nuovo. In caso contrario, inserire il nome e il numero desiderati.<\/p>\n<p>Consiglio per il lavaggio: si consiglia di lavare le maglie da calcio a mano. Se si desidera utilizzare una lavatrice, ricordarsi di girare la maglia e poi lavarla. Riempire la macchina con acqua fredda e utilizzare un ciclo di lavaggio delicato per proteggere maggiormente i colori.<\/p>","protected":false},"excerpt":{"rendered":"<p>Novi dres Umbro West Ham 24-25 je popolna sprememba klubskega dresa Bubble 23-24 in je hkrati eleganten in klasi\u010den.Dizajn doma\u010dega dresa West Ham 24-25 se zgleduje po \u0161estdesetih letih prej\u0161njega stoletja, ko je klub osvojil pokal pokalnih zmagovalcev.Kot obi\u010dajno ima dres Ambro West Ham United 24-25 bordo osnovne barve z nebe\u0161ko modrimi rokavi. Tako ovratnik [&hellip;]<\/p>","protected":false},"featured_media":16589,"comment_status":"open","ping_status":"closed","template":"","meta":[],"product_brand":[],"product_cat":[140,53],"product_tag":[150,153,1239,220,148,1238,147],"class_list":{"0":"post-16587","1":"product","2":"type-product","3":"status-publish","4":"has-post-thumbnail","6":"product_cat-moski","7":"product_cat-nogometni-dresi-west-ham-united","8":"product_tag-moski-nogometni-dresi","9":"product_tag-nogometni-dresi","10":"product_tag-nogometni-dresi-west-ham-united-z-lastnim-imenom","11":"product_tag-nogometni-dresi-za-otroke","12":"product_tag-poceni-nogometni-dresi","13":"product_tag-poceni-nogometni-dresi-west-ham-united","14":"product_tag-slovenski-nogometni-dresi","16":"first","17":"instock","18":"shipping-taxable","19":"purchasable","20":"product-type-variable"},"_links":{"self":[{"href":"https:\/\/www.nogometnizaotroke.com\/it\/wp-json\/wp\/v2\/product\/16587","targetHints":{"allow":["GET"]}}],"collection":[{"href":"https:\/\/www.nogometnizaotroke.com\/it\/wp-json\/wp\/v2\/product"}],"about":[{"href":"https:\/\/www.nogometnizaotroke.com\/it\/wp-json\/wp\/v2\/types\/product"}],"replies":[{"embeddable":true,"href":"https:\/\/www.nogometnizaotroke.com\/it\/wp-json\/wp\/v2\/comments?post=16587"}],"wp:featuredmedia":[{"embeddable":true,"href":"https:\/\/www.nogometnizaotroke.com\/it\/wp-json\/wp\/v2\/media\/16589"}],"wp:attachment":[{"href":"https:\/\/www.nogometnizaotroke.com\/it\/wp-json\/wp\/v2\/media?parent=16587"}],"wp:term":[{"taxonomy":"product_brand","embeddable":true,"href":"https:\/\/www.nogometnizaotroke.com\/it\/wp-json\/wp\/v2\/product_brand?post=16587"},{"taxonomy":"product_cat","embeddable":true,"href":"https:\/\/www.nogometnizaotroke.com\/it\/wp-json\/wp\/v2\/product_cat?post=16587"},{"taxonomy":"product_tag","embeddable":true,"href":"https:\/\/www.nogometnizaotroke.com\/it\/wp-json\/wp\/v2\/product_tag?post=16587"}],"curies":[{"name":"wp","href":"https:\/\/api.w.org\/{rel}","templated":true}]}}