{"id":16566,"date":"2024-08-29T05:00:39","date_gmt":"2024-08-29T05:00:39","guid":{"rendered":"https:\/\/www.nogometnionline.com\/?post_type=product&#038;p=16566"},"modified":"2024-08-29T05:00:43","modified_gmt":"2024-08-29T05:00:43","slug":"otroski-nogometni-dresi-kompleti-za-otroke-poljska-domaci-ep-2024-z-lastnim-imenom","status":"publish","type":"product","link":"https:\/\/www.nogometnizaotroke.com\/it\/product\/otroski-nogometni-dresi-kompleti-za-otroke-poljska-domaci-ep-2024-z-lastnim-imenom\/","title":{"rendered":"Maglie da calcio per bambini Kit per bambini Polonia Home EP 2024 con il proprio nome"},"content":{"rendered":"<p>Majica Poljska Euro 2024 ima zelo klasi\u010den dizajn v beli in rde\u010di barvi dr\u017eave.Majica Poljska Euro 2024 je bela z vsemi logotipi na sredini, rde\u010da barva in rde\u010di man\u0161eti na rokavih.<\/p>\n<p>Suggerimenti per i calzini: la maglietta non include i calzini per impostazione predefinita. Se si desiderano i calzini, selezionare le opzioni relative ai calzini per pagarli.<\/p>\n<p>Suggerimento per la stampa: se il nome e il numero nell'immagine sono esattamente quelli desiderati, non \u00e8 necessario inserirli di nuovo. In caso contrario, inserire il nome e il numero desiderati.<\/p>\n<p>Consiglio per il lavaggio: si consiglia di lavare le maglie da calcio a mano. Se si desidera utilizzare una lavatrice, ricordarsi di girare la maglia e poi lavarla. Riempire la macchina con acqua fredda e utilizzare un ciclo di lavaggio delicato per proteggere maggiormente i colori.<\/p>","protected":false},"excerpt":{"rendered":"<p>Majica Poljska Euro 2024 ima zelo klasi\u010den dizajn v beli in rde\u010di barvi dr\u017eave.Majica Poljska Euro 2024 je bela z vsemi logotipi na sredini, rde\u010da barva in rde\u010di man\u0161eti na rokavih. Nasveti za nogavice: Majica ne vsebuje nogavic privzeto. \u010ce \u017eelite nogavice, izberite mo\u017enosti nogavic, da jih pla\u010date. Nasveti za tiskom: \u010ce sta ime in [&hellip;]<\/p>","protected":false},"featured_media":16568,"comment_status":"open","ping_status":"closed","template":"","meta":[],"product_brand":[],"product_cat":[778,73,98],"product_tag":[782,153,1237,159,768,148,1236,790,147],"class_list":{"0":"post-16566","1":"product","2":"type-product","3":"status-publish","4":"has-post-thumbnail","6":"product_cat-euro-2024","7":"product_cat-otroski","8":"product_cat-dresi-poljska-reprezentance","9":"product_tag-euro-2024-dresi","10":"product_tag-nogometni-dresi","11":"product_tag-otroske-poljska-ep-2024-dresi-za-nogomet","12":"product_tag-otroski-nogometni-dresi","13":"product_tag-poceni-moski-nogometni-dresi","14":"product_tag-poceni-nogometni-dresi","15":"product_tag-poljska-ep-2024-nogometni-dresi-za-otroske","16":"product_tag-poljska-euro-2024-dresi","17":"product_tag-slovenski-nogometni-dresi","19":"first","20":"instock","21":"shipping-taxable","22":"purchasable","23":"product-type-variable"},"_links":{"self":[{"href":"https:\/\/www.nogometnizaotroke.com\/it\/wp-json\/wp\/v2\/product\/16566","targetHints":{"allow":["GET"]}}],"collection":[{"href":"https:\/\/www.nogometnizaotroke.com\/it\/wp-json\/wp\/v2\/product"}],"about":[{"href":"https:\/\/www.nogometnizaotroke.com\/it\/wp-json\/wp\/v2\/types\/product"}],"replies":[{"embeddable":true,"href":"https:\/\/www.nogometnizaotroke.com\/it\/wp-json\/wp\/v2\/comments?post=16566"}],"wp:featuredmedia":[{"embeddable":true,"href":"https:\/\/www.nogometnizaotroke.com\/it\/wp-json\/wp\/v2\/media\/16568"}],"wp:attachment":[{"href":"https:\/\/www.nogometnizaotroke.com\/it\/wp-json\/wp\/v2\/media?parent=16566"}],"wp:term":[{"taxonomy":"product_brand","embeddable":true,"href":"https:\/\/www.nogometnizaotroke.com\/it\/wp-json\/wp\/v2\/product_brand?post=16566"},{"taxonomy":"product_cat","embeddable":true,"href":"https:\/\/www.nogometnizaotroke.com\/it\/wp-json\/wp\/v2\/product_cat?post=16566"},{"taxonomy":"product_tag","embeddable":true,"href":"https:\/\/www.nogometnizaotroke.com\/it\/wp-json\/wp\/v2\/product_tag?post=16566"}],"curies":[{"name":"wp","href":"https:\/\/api.w.org\/{rel}","templated":true}]}}