{"id":16305,"date":"2024-08-23T09:36:37","date_gmt":"2024-08-23T09:36:37","guid":{"rendered":"https:\/\/www.nogometnionline.com\/?post_type=product&#038;p=16305"},"modified":"2024-08-23T09:36:42","modified_gmt":"2024-08-23T09:36:42","slug":"moski-nogometni-dresi-za-nogomet-rb-leipzig-gostujoci-2024-2025-openda-11","status":"publish","type":"product","link":"https:\/\/www.nogometnizaotroke.com\/it\/product\/moski-nogometni-dresi-za-nogomet-rb-leipzig-gostujoci-2024-2025-openda-11\/","title":{"rendered":"Maglie calcio uomo RB Leipzig Away 2024-2025 Openda 11"},"content":{"rendered":"<p>Gostujo\u010di dresi RB Leipzig 2024-25 ima eleganten dizajn za klub v lasti Red Bulls. Zdru\u017euje dva odtenka rde\u010de v edinstvenem vzorcu z vsemi logotipi v beli barvi.Dizajn gostujo\u010dega dresa Leipziga 24-25 simbolizira klub \u201cUnstoppable\u201d.Klubski grb gostujo\u010dega dresa RB Leipzig 2024-25 je bel na rde\u010de-rjavi podlagi, izdelan iz visokokakovostnega TPU s 3D u\u010dinkom. Ovratnica je \u017eivo rde\u010de barve in ima spredaj kostanjev vlo\u017eek.<\/p>\n<p>Suggerimenti per i calzini: la maglietta non include i calzini per impostazione predefinita. Se si desiderano i calzini, selezionare le opzioni relative ai calzini per pagarli.<\/p>\n<p>Suggerimento per la stampa: se il nome e il numero nell'immagine sono esattamente quelli desiderati, non \u00e8 necessario inserirli di nuovo. In caso contrario, inserire il nome e il numero desiderati.<\/p>\n<p>Consiglio per il lavaggio: si consiglia di lavare le maglie da calcio a mano. Se si desidera utilizzare una lavatrice, ricordarsi di girare la maglia e poi lavarla. Riempire la macchina con acqua fredda e utilizzare un ciclo di lavaggio delicato per proteggere maggiormente i colori.<\/p>","protected":false},"excerpt":{"rendered":"<p>Gostujo\u010di dresi RB Leipzig 2024-25 ima eleganten dizajn za klub v lasti Red Bulls. Zdru\u017euje dva odtenka rde\u010de v edinstvenem vzorcu z vsemi logotipi v beli barvi.Dizajn gostujo\u010dega dresa Leipziga 24-25 simbolizira klub \u201cUnstoppable\u201d.Klubski grb gostujo\u010dega dresa RB Leipzig 2024-25 je bel na rde\u010de-rjavi podlagi, izdelan iz visokokakovostnega TPU s 3D u\u010dinkom. Ovratnica je \u017eivo [&hellip;]<\/p>","protected":false},"featured_media":16307,"comment_status":"open","ping_status":"closed","template":"","meta":[],"product_brand":[],"product_cat":[140,62],"product_tag":[150,153,555,1193,554,545,148,1192,199],"class_list":{"0":"post-16305","1":"product","2":"type-product","3":"status-publish","4":"has-post-thumbnail","6":"product_cat-moski","7":"product_cat-nogometni-dresi-rb-leipzig","8":"product_tag-moski-nogometni-dresi","9":"product_tag-nogometni-dresi","10":"product_tag-nogometni-dresi-rb-leipzig-prodaja","11":"product_tag-nogometni-dresi-rb-leipzig-z-lastnim-imenom","12":"product_tag-nogometni-dresi-rb-leipzig-z-lastnim-tiskom","13":"product_tag-nogometni-dresi-slovenija","14":"product_tag-poceni-nogometni-dresi","15":"product_tag-poceni-nogometni-dresi-rb-leipzig","16":"product_tag-poceni-nogometni-dresi-rb-leipzig-z-lastnim-imenom-online","18":"first","19":"instock","20":"shipping-taxable","21":"purchasable","22":"product-type-variable"},"_links":{"self":[{"href":"https:\/\/www.nogometnizaotroke.com\/it\/wp-json\/wp\/v2\/product\/16305","targetHints":{"allow":["GET"]}}],"collection":[{"href":"https:\/\/www.nogometnizaotroke.com\/it\/wp-json\/wp\/v2\/product"}],"about":[{"href":"https:\/\/www.nogometnizaotroke.com\/it\/wp-json\/wp\/v2\/types\/product"}],"replies":[{"embeddable":true,"href":"https:\/\/www.nogometnizaotroke.com\/it\/wp-json\/wp\/v2\/comments?post=16305"}],"wp:featuredmedia":[{"embeddable":true,"href":"https:\/\/www.nogometnizaotroke.com\/it\/wp-json\/wp\/v2\/media\/16307"}],"wp:attachment":[{"href":"https:\/\/www.nogometnizaotroke.com\/it\/wp-json\/wp\/v2\/media?parent=16305"}],"wp:term":[{"taxonomy":"product_brand","embeddable":true,"href":"https:\/\/www.nogometnizaotroke.com\/it\/wp-json\/wp\/v2\/product_brand?post=16305"},{"taxonomy":"product_cat","embeddable":true,"href":"https:\/\/www.nogometnizaotroke.com\/it\/wp-json\/wp\/v2\/product_cat?post=16305"},{"taxonomy":"product_tag","embeddable":true,"href":"https:\/\/www.nogometnizaotroke.com\/it\/wp-json\/wp\/v2\/product_tag?post=16305"}],"curies":[{"name":"wp","href":"https:\/\/api.w.org\/{rel}","templated":true}]}}