{"id":16140,"date":"2024-08-20T06:05:19","date_gmt":"2024-08-20T06:05:19","guid":{"rendered":"https:\/\/www.nogometnionline.com\/?post_type=product&#038;p=16140"},"modified":"2024-08-20T06:05:24","modified_gmt":"2024-08-20T06:05:24","slug":"najcenejsi-moski-nogometni-dresi-kompleti-spanija-gostujoci-euro-2024-raul-7","status":"publish","type":"product","link":"https:\/\/www.nogometnizaotroke.com\/it\/product\/najcenejsi-moski-nogometni-dresi-kompleti-spanija-gostujoci-euro-2024-raul-7\/","title":{"rendered":"Najcenej\u0161i Mo\u0161ki Nogometni dresi kompleti \u0160panija Gostujo\u010di Euro 2024 Raul 7"},"content":{"rendered":"<p>La maglia da trasferta della Spagna per Euro 2024 presenta una combinazione di colori fresca e sorprendente. Si tratta per lo pi\u00f9 di un giallo neon pallido, forse ispirato alle dune di sabbia del Paese. Ufficialmente, il nome del colore della maglia da trasferta della Spagna 2024 \u00e8 \"Pulse Yellow\". Una caratteristica unica del kit da trasferta della Spagna per Euro 2024 \u00e8 rappresentata dai pannelli: i pannelli azzurri presentano la grafica di una duna di sabbia.<\/p>\n<p>Suggerimenti per i calzini: la maglietta non include i calzini per impostazione predefinita. Se si desiderano i calzini, selezionare le opzioni relative ai calzini per pagarli.<\/p>\n<p>Suggerimento per la stampa: se il nome e il numero nell'immagine sono esattamente quelli desiderati, non \u00e8 necessario inserirli di nuovo. In caso contrario, inserire il nome e il numero desiderati.<\/p>\n<p>Consiglio per il lavaggio: si consiglia di lavare le maglie da calcio a mano. Se si desidera utilizzare una lavatrice, ricordarsi di girare la maglia e poi lavarla. Riempire la macchina con acqua fredda e utilizzare un ciclo di lavaggio delicato per proteggere maggiormente i colori.<\/p>","protected":false},"excerpt":{"rendered":"<p>\u0160panija Gostujo\u010di Euro 2024 dresi ima sve\u017eo in osupljivo barvno kombinacijo. Ve\u010dinoma je bledo neonsko rumena, ki jo morda navdihujejo pe\u0161\u010dene sipine v dr\u017eavi. Uradno je ime barve nogometnega dresa za gostovanje v \u0160paniji 2024 \u201cPulse Yellow.\u201dEdinstvena zna\u010dilnost gostujo\u010dega kompleta \u0161panskega Euro 2024 je na plo\u0161\u010dah \u2013 svetlo modre plo\u0161\u010de imajo grafiko pe\u0161\u010dene sipine. Nasveti [&hellip;]<\/p>","protected":false},"featured_media":16142,"comment_status":"open","ping_status":"closed","template":"","meta":[],"product_brand":[],"product_cat":[778,140,85],"product_tag":[150,153,940,148,939,147,784],"class_list":{"0":"post-16140","1":"product","2":"type-product","3":"status-publish","4":"has-post-thumbnail","6":"product_cat-euro-2024","7":"product_cat-moski","8":"product_cat-dresi-spanija-reprezentance","9":"product_tag-moski-nogometni-dresi","10":"product_tag-nogometni-dresi","11":"product_tag-nogometni-dresi-spanija-z-lastnim-imenom","12":"product_tag-poceni-nogometni-dresi","13":"product_tag-poceni-nogometni-dresi-spanija","14":"product_tag-slovenski-nogometni-dresi","15":"product_tag-spanija-euro-2024-dresi","17":"first","18":"instock","19":"shipping-taxable","20":"purchasable","21":"product-type-variable"},"_links":{"self":[{"href":"https:\/\/www.nogometnizaotroke.com\/it\/wp-json\/wp\/v2\/product\/16140","targetHints":{"allow":["GET"]}}],"collection":[{"href":"https:\/\/www.nogometnizaotroke.com\/it\/wp-json\/wp\/v2\/product"}],"about":[{"href":"https:\/\/www.nogometnizaotroke.com\/it\/wp-json\/wp\/v2\/types\/product"}],"replies":[{"embeddable":true,"href":"https:\/\/www.nogometnizaotroke.com\/it\/wp-json\/wp\/v2\/comments?post=16140"}],"wp:featuredmedia":[{"embeddable":true,"href":"https:\/\/www.nogometnizaotroke.com\/it\/wp-json\/wp\/v2\/media\/16142"}],"wp:attachment":[{"href":"https:\/\/www.nogometnizaotroke.com\/it\/wp-json\/wp\/v2\/media?parent=16140"}],"wp:term":[{"taxonomy":"product_brand","embeddable":true,"href":"https:\/\/www.nogometnizaotroke.com\/it\/wp-json\/wp\/v2\/product_brand?post=16140"},{"taxonomy":"product_cat","embeddable":true,"href":"https:\/\/www.nogometnizaotroke.com\/it\/wp-json\/wp\/v2\/product_cat?post=16140"},{"taxonomy":"product_tag","embeddable":true,"href":"https:\/\/www.nogometnizaotroke.com\/it\/wp-json\/wp\/v2\/product_tag?post=16140"}],"curies":[{"name":"wp","href":"https:\/\/api.w.org\/{rel}","templated":true}]}}