{"id":15145,"date":"2024-08-01T05:37:06","date_gmt":"2024-08-01T05:37:06","guid":{"rendered":"https:\/\/www.nogometnionline.com\/?post_type=product&#038;p=15145"},"modified":"2024-08-01T05:37:11","modified_gmt":"2024-08-01T05:37:11","slug":"poceni-moski-nogometni-dresi-za-ekipe-ajax-gostujoci-2024-25-kenneth-taylor-8","status":"publish","type":"product","link":"https:\/\/www.nogometnizaotroke.com\/it\/product\/poceni-moski-nogometni-dresi-za-ekipe-ajax-gostujoci-2024-25-kenneth-taylor-8\/","title":{"rendered":"Maglie calcio uomo a buon mercato per le squadre Ajax Away 2024-25 Kenneth Taylor 8"},"content":{"rendered":"<p>Gostujo\u010di dres Ajax 24-25 je bledo denim modre barve in novi gostujo\u010di dres AFC Ajax 2024-25 je prete\u017eno \u201cCrew Blue\u201d v kombinaciji z \u201cPulse Yellow\u201d za logotipe. \u201cCrew Blue\u201d je denim modra barva, medtem ko je \u201cPulse Yellow\u201d zelo svetlo fluo rumena.Ne samo barve, ampak tudi dizajn gostujo\u010dega dresa Ajax 24-25 je edinstven. Predstavlja kreativno plat Ajaxa in Amsterdama in je bil oblikovan s potezami \u010dopi\u010da.Predloga za gostujo\u010di dres AFC Ajax 24-25 temelji na novi predlogi Tiro 24, ki je bila uporabljena tudi za vse reprezentan\u010dne drese 2024.<\/p>\n<p>Suggerimenti per i calzini: la maglietta non include i calzini per impostazione predefinita. Se si desiderano i calzini, selezionare le opzioni relative ai calzini per pagarli.<\/p>\n<p>Suggerimento per la stampa: se il nome e il numero nell'immagine sono esattamente quelli desiderati, non \u00e8 necessario inserirli di nuovo. In caso contrario, inserire il nome e il numero desiderati.<\/p>\n<p>Consiglio per il lavaggio: si consiglia di lavare le maglie da calcio a mano. Se si desidera utilizzare una lavatrice, ricordarsi di girare la maglia e poi lavarla. Riempire la macchina con acqua fredda e utilizzare un ciclo di lavaggio delicato per proteggere maggiormente i colori.<\/p>","protected":false},"excerpt":{"rendered":"<p>Gostujo\u010di dres Ajax 24-25 je bledo denim modre barve in novi gostujo\u010di dres AFC Ajax 2024-25 je prete\u017eno \u201cCrew Blue\u201d v kombinaciji z \u201cPulse Yellow\u201d za logotipe. \u201cCrew Blue\u201d je denim modra barva, medtem ko je \u201cPulse Yellow\u201d zelo svetlo fluo rumena.Ne samo barve, ampak tudi dizajn gostujo\u010dega dresa Ajax 24-25 je edinstven. Predstavlja kreativno [&hellip;]<\/p>","protected":false},"featured_media":15147,"comment_status":"open","ping_status":"closed","template":"","meta":[],"product_brand":[],"product_cat":[140,57],"product_tag":[1032,1022,150,1023,153,1028,148,1027,147],"class_list":{"0":"post-15145","1":"product","2":"type-product","3":"status-publish","4":"has-post-thumbnail","6":"product_cat-moski","7":"product_cat-nogometni-dresi-ajax","8":"product_tag-kenneth-taylor-dresi","9":"product_tag-moski-dresi-ajax-z-lastnim-imenom","10":"product_tag-moski-nogometni-dresi","11":"product_tag-moski-nogometni-dresi-ajax","12":"product_tag-nogometni-dresi","13":"product_tag-nogometni-dresi-ajax-z-lastnim-imenom","14":"product_tag-poceni-nogometni-dresi","15":"product_tag-poceni-nogometni-dresi-ajax","16":"product_tag-slovenski-nogometni-dresi","18":"first","19":"instock","20":"shipping-taxable","21":"purchasable","22":"product-type-variable"},"_links":{"self":[{"href":"https:\/\/www.nogometnizaotroke.com\/it\/wp-json\/wp\/v2\/product\/15145","targetHints":{"allow":["GET"]}}],"collection":[{"href":"https:\/\/www.nogometnizaotroke.com\/it\/wp-json\/wp\/v2\/product"}],"about":[{"href":"https:\/\/www.nogometnizaotroke.com\/it\/wp-json\/wp\/v2\/types\/product"}],"replies":[{"embeddable":true,"href":"https:\/\/www.nogometnizaotroke.com\/it\/wp-json\/wp\/v2\/comments?post=15145"}],"wp:featuredmedia":[{"embeddable":true,"href":"https:\/\/www.nogometnizaotroke.com\/it\/wp-json\/wp\/v2\/media\/15147"}],"wp:attachment":[{"href":"https:\/\/www.nogometnizaotroke.com\/it\/wp-json\/wp\/v2\/media?parent=15145"}],"wp:term":[{"taxonomy":"product_brand","embeddable":true,"href":"https:\/\/www.nogometnizaotroke.com\/it\/wp-json\/wp\/v2\/product_brand?post=15145"},{"taxonomy":"product_cat","embeddable":true,"href":"https:\/\/www.nogometnizaotroke.com\/it\/wp-json\/wp\/v2\/product_cat?post=15145"},{"taxonomy":"product_tag","embeddable":true,"href":"https:\/\/www.nogometnizaotroke.com\/it\/wp-json\/wp\/v2\/product_tag?post=15145"}],"curies":[{"name":"wp","href":"https:\/\/api.w.org\/{rel}","templated":true}]}}