{"id":15110,"date":"2024-07-30T12:10:17","date_gmt":"2024-07-30T12:10:17","guid":{"rendered":"https:\/\/www.nogometnionline.com\/?post_type=product&#038;p=15110"},"modified":"2024-07-30T12:10:21","modified_gmt":"2024-07-30T12:10:21","slug":"moski-nogometni-dresi-athletic-bilbao-gostujoci-2024-25-nico-williams-11","status":"publish","type":"product","link":"https:\/\/www.nogometnizaotroke.com\/it\/product\/moski-nogometni-dresi-athletic-bilbao-gostujoci-2024-25-nico-williams-11\/","title":{"rendered":"Maglie calcio uomo Athletic Bilbao Away 2024-25 Nico Williams 11"},"content":{"rendered":"<p>Gostujo\u010di dres Athletic Bilbao 24-25 ima kraljevsko modro glavno barvo v kombinaciji s sivim ovratnikom z rde\u010do obrobo. Stranski del srajce je prav tako siv in rde\u010d.Nazadnje je Bilbao v sezoni 2018\/19 uporabil kraljevsko modro barvo za svoj dres v gosteh.Na sprednji strani je subtilen tisk, na zadnji pa baskovska zastava v obliki levje glave.<\/p>\n<p>Suggerimenti per i calzini: la maglietta non include i calzini per impostazione predefinita. Se si desiderano i calzini, selezionare le opzioni relative ai calzini per pagarli.<\/p>\n<p>Suggerimento per la stampa: se il nome e il numero nell'immagine sono esattamente quelli desiderati, non \u00e8 necessario inserirli di nuovo. In caso contrario, inserire il nome e il numero desiderati.<\/p>\n<p>Consiglio per il lavaggio: si consiglia di lavare le maglie da calcio a mano. Se si desidera utilizzare una lavatrice, ricordarsi di girare la maglia e poi lavarla. Riempire la macchina con acqua fredda e utilizzare un ciclo di lavaggio delicato per proteggere maggiormente i colori.<\/p>","protected":false},"excerpt":{"rendered":"<p>Gostujo\u010di dres Athletic Bilbao 24-25 ima kraljevsko modro glavno barvo v kombinaciji s sivim ovratnikom z rde\u010do obrobo. Stranski del srajce je prav tako siv in rde\u010d.Nazadnje je Bilbao v sezoni 2018\/19 uporabil kraljevsko modro barvo za svoj dres v gosteh.Na sprednji strani je subtilen tisk, na zadnji pa baskovska zastava v obliki levje glave. [&hellip;]<\/p>","protected":false},"featured_media":15112,"comment_status":"open","ping_status":"closed","template":"","meta":[],"product_brand":[],"product_cat":[140,52],"product_tag":[150,936,148,704,147],"class_list":{"0":"post-15110","1":"product","2":"type-product","3":"status-publish","4":"has-post-thumbnail","6":"product_cat-moski","7":"product_cat-nogometni-dresi-athletic-bilbao","8":"product_tag-moski-nogometni-dresi","9":"product_tag-nico-williams-dresi","10":"product_tag-poceni-nogometni-dresi","11":"product_tag-poceni-nogometni-dresi-athletic-bilbao-z-lastnim-imenom-online","12":"product_tag-slovenski-nogometni-dresi","14":"first","15":"instock","16":"shipping-taxable","17":"purchasable","18":"product-type-variable"},"_links":{"self":[{"href":"https:\/\/www.nogometnizaotroke.com\/it\/wp-json\/wp\/v2\/product\/15110","targetHints":{"allow":["GET"]}}],"collection":[{"href":"https:\/\/www.nogometnizaotroke.com\/it\/wp-json\/wp\/v2\/product"}],"about":[{"href":"https:\/\/www.nogometnizaotroke.com\/it\/wp-json\/wp\/v2\/types\/product"}],"replies":[{"embeddable":true,"href":"https:\/\/www.nogometnizaotroke.com\/it\/wp-json\/wp\/v2\/comments?post=15110"}],"wp:featuredmedia":[{"embeddable":true,"href":"https:\/\/www.nogometnizaotroke.com\/it\/wp-json\/wp\/v2\/media\/15112"}],"wp:attachment":[{"href":"https:\/\/www.nogometnizaotroke.com\/it\/wp-json\/wp\/v2\/media?parent=15110"}],"wp:term":[{"taxonomy":"product_brand","embeddable":true,"href":"https:\/\/www.nogometnizaotroke.com\/it\/wp-json\/wp\/v2\/product_brand?post=15110"},{"taxonomy":"product_cat","embeddable":true,"href":"https:\/\/www.nogometnizaotroke.com\/it\/wp-json\/wp\/v2\/product_cat?post=15110"},{"taxonomy":"product_tag","embeddable":true,"href":"https:\/\/www.nogometnizaotroke.com\/it\/wp-json\/wp\/v2\/product_tag?post=15110"}],"curies":[{"name":"wp","href":"https:\/\/api.w.org\/{rel}","templated":true}]}}