{"id":15094,"date":"2024-07-30T05:43:41","date_gmt":"2024-07-30T05:43:41","guid":{"rendered":"https:\/\/www.nogometnionline.com\/?post_type=product&#038;p=15094"},"modified":"2024-07-30T05:43:46","modified_gmt":"2024-07-30T05:43:46","slug":"poceni-moski-nogometni-dresi-ajax-domaci-2024-2025","status":"publish","type":"product","link":"https:\/\/www.nogometnizaotroke.com\/it\/product\/poceni-moski-nogometni-dresi-ajax-domaci-2024-2025\/","title":{"rendered":"Poceni Mo\u0161ki Nogometni dresi Ajax Doma\u010di 2024 2025"},"content":{"rendered":"<p>Majica Nogometni dresi Ajax Doma\u010di 2024-2025 se zgleduje po klubskih polo majicah z ovratnikom iz devetdesetih in dvajsetega stoletja. Ve\u010dinoma je bel z ikoni\u010dno veliko rde\u010do \u010drto spredaj in rde\u010dim polo ovratnikom.<br \/>\nMinimalisti\u010den, klasi\u010den videz je \u0161e posebej poklon ekipi ekipe Super Invincible iz leta 1995. V sezoni 1994-95 je Ajax zmagal v Eredivisie in Ligi prvakov brez ene same izgubljene tekme.<\/p>\n<p>Suggerimenti per i calzini: la maglietta non include i calzini per impostazione predefinita. Se si desiderano i calzini, selezionare le opzioni relative ai calzini per pagarli.<\/p>\n<p>Suggerimento per la stampa: se il nome e il numero nell'immagine sono esattamente quelli desiderati, non \u00e8 necessario inserirli di nuovo. In caso contrario, inserire il nome e il numero desiderati.<\/p>\n<p>Consiglio per il lavaggio: si consiglia di lavare le maglie da calcio a mano. Se si desidera utilizzare una lavatrice, ricordarsi di girare la maglia e poi lavarla. Riempire la macchina con acqua fredda e utilizzare un ciclo di lavaggio delicato per proteggere maggiormente i colori.<\/p>","protected":false},"excerpt":{"rendered":"<p>Majica Nogometni dresi Ajax Doma\u010di 2024-2025 se zgleduje po klubskih polo majicah z ovratnikom iz devetdesetih in dvajsetega stoletja. Ve\u010dinoma je bel z ikoni\u010dno veliko rde\u010do \u010drto spredaj in rde\u010dim polo ovratnikom. Minimalisti\u010den, klasi\u010den videz je \u0161e posebej poklon ekipi ekipe Super Invincible iz leta 1995. V sezoni 1994-95 je Ajax zmagal v Eredivisie in [&hellip;]<\/p>","protected":false},"featured_media":15096,"comment_status":"open","ping_status":"closed","template":"","meta":[],"product_brand":[],"product_cat":[140,57],"product_tag":[1022,150,1023,153,148,147],"class_list":{"0":"post-15094","1":"product","2":"type-product","3":"status-publish","4":"has-post-thumbnail","6":"product_cat-moski","7":"product_cat-nogometni-dresi-ajax","8":"product_tag-moski-dresi-ajax-z-lastnim-imenom","9":"product_tag-moski-nogometni-dresi","10":"product_tag-moski-nogometni-dresi-ajax","11":"product_tag-nogometni-dresi","12":"product_tag-poceni-nogometni-dresi","13":"product_tag-slovenski-nogometni-dresi","15":"first","16":"instock","17":"shipping-taxable","18":"purchasable","19":"product-type-variable"},"_links":{"self":[{"href":"https:\/\/www.nogometnizaotroke.com\/it\/wp-json\/wp\/v2\/product\/15094","targetHints":{"allow":["GET"]}}],"collection":[{"href":"https:\/\/www.nogometnizaotroke.com\/it\/wp-json\/wp\/v2\/product"}],"about":[{"href":"https:\/\/www.nogometnizaotroke.com\/it\/wp-json\/wp\/v2\/types\/product"}],"replies":[{"embeddable":true,"href":"https:\/\/www.nogometnizaotroke.com\/it\/wp-json\/wp\/v2\/comments?post=15094"}],"wp:featuredmedia":[{"embeddable":true,"href":"https:\/\/www.nogometnizaotroke.com\/it\/wp-json\/wp\/v2\/media\/15096"}],"wp:attachment":[{"href":"https:\/\/www.nogometnizaotroke.com\/it\/wp-json\/wp\/v2\/media?parent=15094"}],"wp:term":[{"taxonomy":"product_brand","embeddable":true,"href":"https:\/\/www.nogometnizaotroke.com\/it\/wp-json\/wp\/v2\/product_brand?post=15094"},{"taxonomy":"product_cat","embeddable":true,"href":"https:\/\/www.nogometnizaotroke.com\/it\/wp-json\/wp\/v2\/product_cat?post=15094"},{"taxonomy":"product_tag","embeddable":true,"href":"https:\/\/www.nogometnizaotroke.com\/it\/wp-json\/wp\/v2\/product_tag?post=15094"}],"curies":[{"name":"wp","href":"https:\/\/api.w.org\/{rel}","templated":true}]}}