{"id":14891,"date":"2024-07-27T03:34:45","date_gmt":"2024-07-27T03:34:45","guid":{"rendered":"https:\/\/www.nogometnionline.com\/?post_type=product&#038;p=14891"},"modified":"2024-07-27T03:34:53","modified_gmt":"2024-07-27T03:34:53","slug":"moski-nogometni-dresi-za-nogomet-anglija-domaci-euro-2024-jarrod-bowen-20","status":"publish","type":"product","link":"https:\/\/www.nogometnizaotroke.com\/it\/product\/moski-nogometni-dresi-za-nogomet-anglija-domaci-euro-2024-jarrod-bowen-20\/","title":{"rendered":"Maglie calcio uomo Inghilterra Home Euro 2024 Jarrod Bowen 20"},"content":{"rendered":"<p>La maglia home dell'Inghilterra per gli Europei 2024 rappresenta un grande cambiamento rispetto alle precedenti maglie home dell'Inghilterra. La maglia da calcio dell'Inghilterra 2024 combina il classico bianco della campagna con dettagli blu scuro e maroon\/rosso chiaro e utilizza un colletto appositamente progettato, che \u00e8 una combinazione del classico colletto a V. I polsini delle maniche del kit home dell'Inghilterra 2024 presentano eleganti dettagli a righe blu navy\/rosso chiaro\/castano.<\/p>\n<p>Suggerimenti per i calzini: la maglietta non include i calzini per impostazione predefinita. Se si desiderano i calzini, selezionare le opzioni relative ai calzini per pagarli.<\/p>\n<p>Suggerimento per la stampa: se il nome e il numero nell'immagine sono esattamente quelli desiderati, non \u00e8 necessario inserirli di nuovo. In caso contrario, inserire il nome e il numero desiderati.<\/p>\n<p>Consiglio per il lavaggio: si consiglia di lavare le maglie da calcio a mano. Se si desidera utilizzare una lavatrice, ricordarsi di girare la maglia e poi lavarla. Riempire la macchina con acqua fredda e utilizzare un ciclo di lavaggio delicato per proteggere maggiormente i colori.<\/p>","protected":false},"excerpt":{"rendered":"<p>Anglija Doma\u010di Euro 2024 dresi za Evropsko prvenstvo 2024 je velika sprememba prej\u0161njih doma\u010dih dresov Anglije. Nogometni dres Anglije 2024 zdru\u017euje klasi\u010dno belo dr\u017eavo s temno mornarsko modro barvo in kostanjevimi\/svetlo rde\u010dimi detajli.Uporablja posebno konstruiran ovratnik, ki je kombinacija klasi\u010dnega V ovratnika. Man\u0161ete rokavov doma\u010dega kompleta za Anglijo 2024 so opremljene z elegantnimi detajli mornarsko-modro-svetlo [&hellip;]<\/p>","protected":false},"featured_media":14893,"comment_status":"open","ping_status":"closed","template":"","meta":[],"product_brand":[],"product_cat":[778,140,79],"product_tag":[785,965,150,153,148,147],"class_list":{"0":"post-14891","1":"product","2":"type-product","3":"status-publish","4":"has-post-thumbnail","6":"product_cat-euro-2024","7":"product_cat-moski","8":"product_cat-dresi-anglija-reprezentance","9":"product_tag-anglija-euro-2024-dresi","10":"product_tag-jarrod-bowen-dresi","11":"product_tag-moski-nogometni-dresi","12":"product_tag-nogometni-dresi","13":"product_tag-poceni-nogometni-dresi","14":"product_tag-slovenski-nogometni-dresi","16":"first","17":"instock","18":"shipping-taxable","19":"purchasable","20":"product-type-variable"},"_links":{"self":[{"href":"https:\/\/www.nogometnizaotroke.com\/it\/wp-json\/wp\/v2\/product\/14891","targetHints":{"allow":["GET"]}}],"collection":[{"href":"https:\/\/www.nogometnizaotroke.com\/it\/wp-json\/wp\/v2\/product"}],"about":[{"href":"https:\/\/www.nogometnizaotroke.com\/it\/wp-json\/wp\/v2\/types\/product"}],"replies":[{"embeddable":true,"href":"https:\/\/www.nogometnizaotroke.com\/it\/wp-json\/wp\/v2\/comments?post=14891"}],"wp:featuredmedia":[{"embeddable":true,"href":"https:\/\/www.nogometnizaotroke.com\/it\/wp-json\/wp\/v2\/media\/14893"}],"wp:attachment":[{"href":"https:\/\/www.nogometnizaotroke.com\/it\/wp-json\/wp\/v2\/media?parent=14891"}],"wp:term":[{"taxonomy":"product_brand","embeddable":true,"href":"https:\/\/www.nogometnizaotroke.com\/it\/wp-json\/wp\/v2\/product_brand?post=14891"},{"taxonomy":"product_cat","embeddable":true,"href":"https:\/\/www.nogometnizaotroke.com\/it\/wp-json\/wp\/v2\/product_cat?post=14891"},{"taxonomy":"product_tag","embeddable":true,"href":"https:\/\/www.nogometnizaotroke.com\/it\/wp-json\/wp\/v2\/product_tag?post=14891"}],"curies":[{"name":"wp","href":"https:\/\/api.w.org\/{rel}","templated":true}]}}