{"id":14718,"date":"2024-07-21T08:46:05","date_gmt":"2024-07-21T08:46:05","guid":{"rendered":"https:\/\/www.nogometnionline.com\/?post_type=product&#038;p=14718"},"modified":"2024-07-21T08:46:10","modified_gmt":"2024-07-21T08:46:10","slug":"poceni-moski-nogometni-dresi-francija-domaci-euro-2024-modra","status":"publish","type":"product","link":"https:\/\/www.nogometnizaotroke.com\/it\/product\/poceni-moski-nogometni-dresi-francija-domaci-euro-2024-modra\/","title":{"rendered":"Maglie calcio uomo economiche Francia Home Euro 2024 Blu"},"content":{"rendered":"<p>Doma\u010da majica France 2024 ima klasi\u010den, a eleganten dizajn. V glavnem je &#8220;svetlo modra&#8221;, ki se odmika od mornarske barvne sheme leta 2022. V kombinaciji s tem modrim odtenkom sta &#8220;univerzitetna rde\u010da&#8221; in bela.Kar je najbolj presenetljivo pri dresu Francije 2024, je grb. Po enobarvnem pristopu vseh prej\u0161njih francoskih kompletov, Swoosh lansira novo klasi\u010dno barvno shemo slavnega logotipa FFF. Tudi greben ima velikansko velikost.Ovratnica ima tricolor in edinstveno zamaknjeno v-konstrukcijo.<\/p>\n<p>Suggerimenti per i calzini: la maglietta non include i calzini per impostazione predefinita. Se si desiderano i calzini, selezionare le opzioni relative ai calzini per pagarli.<\/p>\n<p>Suggerimento per la stampa: se il nome e il numero nell'immagine sono esattamente quelli desiderati, non \u00e8 necessario inserirli di nuovo. In caso contrario, inserire il nome e il numero desiderati.<\/p>\n<p>Consiglio per il lavaggio: si consiglia di lavare le maglie da calcio a mano. Se si desidera utilizzare una lavatrice, ricordarsi di girare la maglia e poi lavarla. Riempire la macchina con acqua fredda e utilizzare un ciclo di lavaggio delicato per proteggere maggiormente i colori.<\/p>","protected":false},"excerpt":{"rendered":"<p>Doma\u010da majica France 2024 ima klasi\u010den, a eleganten dizajn. V glavnem je &#8220;svetlo modra&#8221;, ki se odmika od mornarske barvne sheme leta 2022. V kombinaciji s tem modrim odtenkom sta &#8220;univerzitetna rde\u010da&#8221; in bela.Kar je najbolj presenetljivo pri dresu Francije 2024, je grb. Po enobarvnem pristopu vseh prej\u0161njih francoskih kompletov, Swoosh lansira novo klasi\u010dno barvno [&hellip;]<\/p>","protected":false},"featured_media":14720,"comment_status":"open","ping_status":"closed","template":"","meta":[],"product_brand":[],"product_cat":[778,140,76],"product_tag":[786,150,153,148,147],"class_list":{"0":"post-14718","1":"product","2":"type-product","3":"status-publish","4":"has-post-thumbnail","6":"product_cat-euro-2024","7":"product_cat-moski","8":"product_cat-dresi-francija-reprezentance","9":"product_tag-francija-euro-2024-dresi","10":"product_tag-moski-nogometni-dresi","11":"product_tag-nogometni-dresi","12":"product_tag-poceni-nogometni-dresi","13":"product_tag-slovenski-nogometni-dresi","15":"first","16":"instock","17":"shipping-taxable","18":"purchasable","19":"product-type-variable"},"_links":{"self":[{"href":"https:\/\/www.nogometnizaotroke.com\/it\/wp-json\/wp\/v2\/product\/14718","targetHints":{"allow":["GET"]}}],"collection":[{"href":"https:\/\/www.nogometnizaotroke.com\/it\/wp-json\/wp\/v2\/product"}],"about":[{"href":"https:\/\/www.nogometnizaotroke.com\/it\/wp-json\/wp\/v2\/types\/product"}],"replies":[{"embeddable":true,"href":"https:\/\/www.nogometnizaotroke.com\/it\/wp-json\/wp\/v2\/comments?post=14718"}],"wp:featuredmedia":[{"embeddable":true,"href":"https:\/\/www.nogometnizaotroke.com\/it\/wp-json\/wp\/v2\/media\/14720"}],"wp:attachment":[{"href":"https:\/\/www.nogometnizaotroke.com\/it\/wp-json\/wp\/v2\/media?parent=14718"}],"wp:term":[{"taxonomy":"product_brand","embeddable":true,"href":"https:\/\/www.nogometnizaotroke.com\/it\/wp-json\/wp\/v2\/product_brand?post=14718"},{"taxonomy":"product_cat","embeddable":true,"href":"https:\/\/www.nogometnizaotroke.com\/it\/wp-json\/wp\/v2\/product_cat?post=14718"},{"taxonomy":"product_tag","embeddable":true,"href":"https:\/\/www.nogometnizaotroke.com\/it\/wp-json\/wp\/v2\/product_tag?post=14718"}],"curies":[{"name":"wp","href":"https:\/\/api.w.org\/{rel}","templated":true}]}}