{"id":14669,"date":"2024-07-20T13:02:52","date_gmt":"2024-07-20T13:02:52","guid":{"rendered":"https:\/\/www.nogometnionline.com\/?post_type=product&#038;p=14669"},"modified":"2024-07-20T13:02:57","modified_gmt":"2024-07-20T13:02:57","slug":"poceni-moski-nogometni-dresi-kompleti-belgija-domaci-euro-2024","status":"publish","type":"product","link":"https:\/\/www.nogometnizaotroke.com\/it\/product\/poceni-moski-nogometni-dresi-kompleti-belgija-domaci-euro-2024\/","title":{"rendered":"Poceni Mo\u0161ki Nogometni dresi kompleti Belgija Doma\u010di Euro 2024"},"content":{"rendered":"<p>Novi Belgija Doma\u010di Euro 2024\u00a0 dresi uvaja veliko spremembo prej\u0161njih doma\u010dih dresov ekipe. Namesto \u017eivo rde\u010de je majica Belgije 2024 v glavnem vinsko rde\u010da. Uradno je barva novega doma\u010dega dresa Belgije 2024 &#8220;Team College Burgundy&#8221;. To barvo je \u017ee uporabil za ekipe, kot sta N\u00fcrnberg in Atlanta United.Zdru\u017euje novo majico doma\u010dega nogometa Belgija 2024 z zlatimi logotipi, kar ustvarja eleganten videz.\u010crne\/zlate kratke hla\u010de in kostanjeve zlate nogavice dopolnjujejo doma\u010do opremo Belgije za Euro 2024.<\/p>\n<p>Suggerimenti per i calzini: la maglietta non include i calzini per impostazione predefinita. Se si desiderano i calzini, selezionare le opzioni relative ai calzini per pagarli.<\/p>\n<p>Suggerimento per la stampa: se il nome e il numero nell'immagine sono esattamente quelli desiderati, non \u00e8 necessario inserirli di nuovo. In caso contrario, inserire il nome e il numero desiderati.<\/p>\n<p>Consiglio per il lavaggio: si consiglia di lavare le maglie da calcio a mano. Se si desidera utilizzare una lavatrice, ricordarsi di girare la maglia e poi lavarla. Riempire la macchina con acqua fredda e utilizzare un ciclo di lavaggio delicato per proteggere maggiormente i colori.<\/p>","protected":false},"excerpt":{"rendered":"<p>Novi Belgija Doma\u010di Euro 2024\u00a0 dresi uvaja veliko spremembo prej\u0161njih doma\u010dih dresov ekipe. Namesto \u017eivo rde\u010de je majica Belgije 2024 v glavnem vinsko rde\u010da. Uradno je barva novega doma\u010dega dresa Belgije 2024 &#8220;Team College Burgundy&#8221;. To barvo je \u017ee uporabil za ekipe, kot sta N\u00fcrnberg in Atlanta United.Zdru\u017euje novo majico doma\u010dega nogometa Belgija 2024 z [&hellip;]<\/p>","protected":false},"featured_media":14671,"comment_status":"open","ping_status":"closed","template":"","meta":[],"product_brand":[],"product_cat":[778,140,78],"product_tag":[788,150,153,148,147],"class_list":{"0":"post-14669","1":"product","2":"type-product","3":"status-publish","4":"has-post-thumbnail","6":"product_cat-euro-2024","7":"product_cat-moski","8":"product_cat-dresi-belgija-reprezentance","9":"product_tag-belgija-euro-2024-dresi","10":"product_tag-moski-nogometni-dresi","11":"product_tag-nogometni-dresi","12":"product_tag-poceni-nogometni-dresi","13":"product_tag-slovenski-nogometni-dresi","15":"first","16":"instock","17":"shipping-taxable","18":"purchasable","19":"product-type-variable"},"_links":{"self":[{"href":"https:\/\/www.nogometnizaotroke.com\/it\/wp-json\/wp\/v2\/product\/14669","targetHints":{"allow":["GET"]}}],"collection":[{"href":"https:\/\/www.nogometnizaotroke.com\/it\/wp-json\/wp\/v2\/product"}],"about":[{"href":"https:\/\/www.nogometnizaotroke.com\/it\/wp-json\/wp\/v2\/types\/product"}],"replies":[{"embeddable":true,"href":"https:\/\/www.nogometnizaotroke.com\/it\/wp-json\/wp\/v2\/comments?post=14669"}],"wp:featuredmedia":[{"embeddable":true,"href":"https:\/\/www.nogometnizaotroke.com\/it\/wp-json\/wp\/v2\/media\/14671"}],"wp:attachment":[{"href":"https:\/\/www.nogometnizaotroke.com\/it\/wp-json\/wp\/v2\/media?parent=14669"}],"wp:term":[{"taxonomy":"product_brand","embeddable":true,"href":"https:\/\/www.nogometnizaotroke.com\/it\/wp-json\/wp\/v2\/product_brand?post=14669"},{"taxonomy":"product_cat","embeddable":true,"href":"https:\/\/www.nogometnizaotroke.com\/it\/wp-json\/wp\/v2\/product_cat?post=14669"},{"taxonomy":"product_tag","embeddable":true,"href":"https:\/\/www.nogometnizaotroke.com\/it\/wp-json\/wp\/v2\/product_tag?post=14669"}],"curies":[{"name":"wp","href":"https:\/\/api.w.org\/{rel}","templated":true}]}}