{"id":14572,"date":"2024-07-18T09:29:17","date_gmt":"2024-07-18T09:29:17","guid":{"rendered":"https:\/\/www.nogometnionline.com\/?post_type=product&#038;p=14572"},"modified":"2024-07-18T09:29:23","modified_gmt":"2024-07-18T09:29:23","slug":"otroski-nogometni-dresi-za-otroke-anglija-domaci-euro-2024-kyle-walker-2","status":"publish","type":"product","link":"https:\/\/www.nogometnizaotroke.com\/it\/product\/otroski-nogometni-dresi-za-otroke-anglija-domaci-euro-2024-kyle-walker-2\/","title":{"rendered":"Maglie calcio per bambini Inghilterra Home Euro 2024 Kyle Walker 2"},"content":{"rendered":"<p>La maglia Home Euro 2024 dell'Inghilterra rappresenta un grande cambiamento rispetto alle precedenti maglie home dell'Inghilterra. La maglia da calcio dell'Inghilterra 2024 combina il classico bianco della campagna con dettagli blu scuro e maroon\/rosso chiaro, con un colletto appositamente progettato che \u00e8 una combinazione del classico colletto a V con un colletto a polo. I polsini delle maniche della maglia home dell'Inghilterra 2024 presentano eleganti dettagli a righe blu navy\/rosso chiaro\/castano.<\/p>\n<p>Suggerimenti per i calzini: la maglietta non include i calzini per impostazione predefinita. Se si desiderano i calzini, selezionare le opzioni relative ai calzini per pagarli.<\/p>\n<p>Suggerimento per la stampa: se il nome e il numero nell'immagine sono esattamente quelli desiderati, non \u00e8 necessario inserirli di nuovo. In caso contrario, inserire il nome e il numero desiderati.<\/p>\n<p>Consiglio per il lavaggio: si consiglia di lavare le maglie da calcio a mano. Se si desidera utilizzare una lavatrice, ricordarsi di girare la maglia e poi lavarla. Riempire la macchina con acqua fredda e utilizzare un ciclo di lavaggio delicato per proteggere maggiormente i colori.<\/p>","protected":false},"excerpt":{"rendered":"<p>Anglija Doma\u010di Euro 2024 dresi je velika sprememba prej\u0161njih doma\u010dih majic Anglija. Nogometni dres Anglije 2024 zdru\u017euje klasi\u010dno belo dr\u017eavo s temno mornarsko modro barvo in kostanjevimi\/svetlo rde\u010dimi detajli.S posebno izdelanim ovratnikom, ki je kombinacija klasi\u010dnega V ovratnika s Polo ovratnikom. Man\u0161ete rokavov doma\u010dega kompleta za Anglijo 2024 so opremljene z elegantnimi detajli mornarsko-modro-svetlo rde\u010de\/kostanjeve [&hellip;]<\/p>","protected":false},"featured_media":14574,"comment_status":"open","ping_status":"closed","template":"","meta":[],"product_brand":[],"product_cat":[778,73,79],"product_tag":[964,785,961,980,153,220,981,159,960,148,982,147],"class_list":{"0":"post-14572","1":"product","2":"type-product","3":"status-publish","4":"has-post-thumbnail","6":"product_cat-euro-2024","7":"product_cat-otroski","8":"product_cat-dresi-anglija-reprezentance","9":"product_tag-anglija-ep-2024-nogometni-dresi-za-otroske","10":"product_tag-anglija-euro-2024-dresi","11":"product_tag-dresi-anglija-za-otroke","12":"product_tag-kyle-walker-dresi","13":"product_tag-nogometni-dresi","14":"product_tag-nogometni-dresi-za-otroke","15":"product_tag-otroske-nogometni-dresi-kyle-walker","16":"product_tag-otroski-nogometni-dresi","17":"product_tag-otroski-nogometni-dresi-anglija","18":"product_tag-poceni-nogometni-dresi","19":"product_tag-poceni-nogometni-dresi-kyle-walker","20":"product_tag-slovenski-nogometni-dresi","22":"first","23":"instock","24":"shipping-taxable","25":"purchasable","26":"product-type-variable"},"_links":{"self":[{"href":"https:\/\/www.nogometnizaotroke.com\/it\/wp-json\/wp\/v2\/product\/14572","targetHints":{"allow":["GET"]}}],"collection":[{"href":"https:\/\/www.nogometnizaotroke.com\/it\/wp-json\/wp\/v2\/product"}],"about":[{"href":"https:\/\/www.nogometnizaotroke.com\/it\/wp-json\/wp\/v2\/types\/product"}],"replies":[{"embeddable":true,"href":"https:\/\/www.nogometnizaotroke.com\/it\/wp-json\/wp\/v2\/comments?post=14572"}],"wp:featuredmedia":[{"embeddable":true,"href":"https:\/\/www.nogometnizaotroke.com\/it\/wp-json\/wp\/v2\/media\/14574"}],"wp:attachment":[{"href":"https:\/\/www.nogometnizaotroke.com\/it\/wp-json\/wp\/v2\/media?parent=14572"}],"wp:term":[{"taxonomy":"product_brand","embeddable":true,"href":"https:\/\/www.nogometnizaotroke.com\/it\/wp-json\/wp\/v2\/product_brand?post=14572"},{"taxonomy":"product_cat","embeddable":true,"href":"https:\/\/www.nogometnizaotroke.com\/it\/wp-json\/wp\/v2\/product_cat?post=14572"},{"taxonomy":"product_tag","embeddable":true,"href":"https:\/\/www.nogometnizaotroke.com\/it\/wp-json\/wp\/v2\/product_tag?post=14572"}],"curies":[{"name":"wp","href":"https:\/\/api.w.org\/{rel}","templated":true}]}}