{"id":14442,"date":"2024-07-13T09:24:55","date_gmt":"2024-07-13T09:24:55","guid":{"rendered":"https:\/\/www.nogometnionline.com\/?post_type=product&#038;p=14442"},"modified":"2024-07-13T09:25:00","modified_gmt":"2024-07-13T09:25:00","slug":"moski-nogometni-dresi-bvb-borussia-dortmund-domaci-2024-25-donyell-malen-21","status":"publish","type":"product","link":"https:\/\/www.nogometnizaotroke.com\/it\/product\/moski-nogometni-dresi-bvb-borussia-dortmund-domaci-2024-25-donyell-malen-21\/","title":{"rendered":"Mo\u0161ki Nogometni dresi BVB Borussia Dortmund Doma\u010di 2024-25 Donyell Malen 21"},"content":{"rendered":"<p>Borussia Dortmund Doma\u010di dresi 2024-25 nadaljuje ironi\u010den \u010crna in rumena dizajn, ki je sinonim za BVB. V skladu s klubsko dedi\u0161\u010dino je glavni del rumene barve s \u010drtastimi detajli, ki utele\u0161ajo bistvo Borussia Dortmund. \u010crni rokavi dopolnjujejo ovratnik z okroglim izrezom enake barve, kar daje majici \u010disti kroj.<\/p>\n<p>Suggerimenti per i calzini: la maglietta non include i calzini per impostazione predefinita. Se si desiderano i calzini, selezionare le opzioni relative ai calzini per pagarli.<\/p>\n<p>Suggerimento per la stampa: se il nome e il numero nell'immagine sono esattamente quelli desiderati, non \u00e8 necessario inserirli di nuovo. In caso contrario, inserire il nome e il numero desiderati.<\/p>\n<p>Consiglio per il lavaggio: si consiglia di lavare le maglie da calcio a mano. Se si desidera utilizzare una lavatrice, ricordarsi di girare la maglia e poi lavarla. Riempire la macchina con acqua fredda e utilizzare un ciclo di lavaggio delicato per proteggere maggiormente i colori.<\/p>","protected":false},"excerpt":{"rendered":"<p>Borussia Dortmund Doma\u010di dresi 2024-25 nadaljuje ironi\u010den \u010crna in rumena dizajn, ki je sinonim za BVB. V skladu s klubsko dedi\u0161\u010dino je glavni del rumene barve s \u010drtastimi detajli, ki utele\u0161ajo bistvo Borussia Dortmund. \u010crni rokavi dopolnjujejo ovratnik z okroglim izrezom enake barve, kar daje majici \u010disti kroj. Nasveti za nogavice: Majica ne vsebuje nogavic [&hellip;]<\/p>","protected":false},"featured_media":14444,"comment_status":"open","ping_status":"closed","template":"","meta":[],"product_brand":[],"product_cat":[140,45],"product_tag":[946,150,153,196,148,147],"class_list":{"0":"post-14442","1":"product","2":"type-product","3":"status-publish","4":"has-post-thumbnail","6":"product_cat-moski","7":"product_cat-nogometni-dresi-dortmund","8":"product_tag-moske-nogometnih-dresov","9":"product_tag-moski-nogometni-dresi","10":"product_tag-nogometni-dresi","11":"product_tag-poceni-moski-nogometni-dresi-dortmund-z-lastnim-imenom","12":"product_tag-poceni-nogometni-dresi","13":"product_tag-slovenski-nogometni-dresi","15":"first","16":"instock","17":"shipping-taxable","18":"purchasable","19":"product-type-variable"},"_links":{"self":[{"href":"https:\/\/www.nogometnizaotroke.com\/it\/wp-json\/wp\/v2\/product\/14442","targetHints":{"allow":["GET"]}}],"collection":[{"href":"https:\/\/www.nogometnizaotroke.com\/it\/wp-json\/wp\/v2\/product"}],"about":[{"href":"https:\/\/www.nogometnizaotroke.com\/it\/wp-json\/wp\/v2\/types\/product"}],"replies":[{"embeddable":true,"href":"https:\/\/www.nogometnizaotroke.com\/it\/wp-json\/wp\/v2\/comments?post=14442"}],"wp:featuredmedia":[{"embeddable":true,"href":"https:\/\/www.nogometnizaotroke.com\/it\/wp-json\/wp\/v2\/media\/14444"}],"wp:attachment":[{"href":"https:\/\/www.nogometnizaotroke.com\/it\/wp-json\/wp\/v2\/media?parent=14442"}],"wp:term":[{"taxonomy":"product_brand","embeddable":true,"href":"https:\/\/www.nogometnizaotroke.com\/it\/wp-json\/wp\/v2\/product_brand?post=14442"},{"taxonomy":"product_cat","embeddable":true,"href":"https:\/\/www.nogometnizaotroke.com\/it\/wp-json\/wp\/v2\/product_cat?post=14442"},{"taxonomy":"product_tag","embeddable":true,"href":"https:\/\/www.nogometnizaotroke.com\/it\/wp-json\/wp\/v2\/product_tag?post=14442"}],"curies":[{"name":"wp","href":"https:\/\/api.w.org\/{rel}","templated":true}]}}