{"id":14366,"date":"2024-07-11T03:34:49","date_gmt":"2024-07-11T03:34:49","guid":{"rendered":"https:\/\/www.nogometnionline.com\/?post_type=product&#038;p=14366"},"modified":"2024-07-11T03:34:54","modified_gmt":"2024-07-11T03:34:54","slug":"moski-nogometni-dresi-spanija-domaci-euro-2024-tisk-nico-williams-17","status":"publish","type":"product","link":"https:\/\/www.nogometnizaotroke.com\/it\/product\/moski-nogometni-dresi-spanija-domaci-euro-2024-tisk-nico-williams-17\/","title":{"rendered":"Mo\u0161ki Nogometni dresi \u0160panija Doma\u010di Euro 2024 tisk Nico Williams 17"},"content":{"rendered":"<p>Il kit Spagna 2024 Home ha un look sorprendente che fa risaltare il 2024. Combina il rosso saturo con il giallo saturo per tutti i loghi e le applicazioni.<\/p>\n<p>Suggerimenti per i calzini: la maglietta non include i calzini per impostazione predefinita. Se si desiderano i calzini, selezionare le opzioni relative ai calzini per pagarli.<\/p>\n<p>Suggerimento per la stampa: se il nome e il numero nell'immagine sono esattamente quelli desiderati, non \u00e8 necessario inserirli di nuovo. In caso contrario, inserire il nome e il numero desiderati.<\/p>\n<p>Consiglio per il lavaggio: si consiglia di lavare le maglie da calcio a mano. Se si desidera utilizzare una lavatrice, ricordarsi di girare la maglia e poi lavarla. Riempire la macchina con acqua fredda e utilizzare un ciclo di lavaggio delicato per proteggere maggiormente i colori.<\/p>","protected":false},"excerpt":{"rendered":"<p>Komplet za dom \u0160panija 2024 ima osupljiv videz, ki omogo\u010da, da predloga 2024 izstopa. Zdru\u017euje nasi\u010deno rde\u010do z nasi\u010deno rumeno za vse logotipe in aplikacije. Nasveti za nogavice: Majica ne vsebuje nogavic privzeto. \u010ce \u017eelite nogavice, izberite mo\u017enosti nogavic, da jih pla\u010date. Nasveti za tiskom: \u010ce sta ime in \u0161tevilka na sliki natanko to, kar [&hellip;]<\/p>","protected":false},"featured_media":14368,"comment_status":"open","ping_status":"closed","template":"","meta":[],"product_brand":[],"product_cat":[778,140,85],"product_tag":[150,936,153,940,148,939,147,784],"class_list":{"0":"post-14366","1":"product","2":"type-product","3":"status-publish","4":"has-post-thumbnail","6":"product_cat-euro-2024","7":"product_cat-moski","8":"product_cat-dresi-spanija-reprezentance","9":"product_tag-moski-nogometni-dresi","10":"product_tag-nico-williams-dresi","11":"product_tag-nogometni-dresi","12":"product_tag-nogometni-dresi-spanija-z-lastnim-imenom","13":"product_tag-poceni-nogometni-dresi","14":"product_tag-poceni-nogometni-dresi-spanija","15":"product_tag-slovenski-nogometni-dresi","16":"product_tag-spanija-euro-2024-dresi","18":"first","19":"instock","20":"shipping-taxable","21":"purchasable","22":"product-type-variable"},"_links":{"self":[{"href":"https:\/\/www.nogometnizaotroke.com\/it\/wp-json\/wp\/v2\/product\/14366","targetHints":{"allow":["GET"]}}],"collection":[{"href":"https:\/\/www.nogometnizaotroke.com\/it\/wp-json\/wp\/v2\/product"}],"about":[{"href":"https:\/\/www.nogometnizaotroke.com\/it\/wp-json\/wp\/v2\/types\/product"}],"replies":[{"embeddable":true,"href":"https:\/\/www.nogometnizaotroke.com\/it\/wp-json\/wp\/v2\/comments?post=14366"}],"wp:featuredmedia":[{"embeddable":true,"href":"https:\/\/www.nogometnizaotroke.com\/it\/wp-json\/wp\/v2\/media\/14368"}],"wp:attachment":[{"href":"https:\/\/www.nogometnizaotroke.com\/it\/wp-json\/wp\/v2\/media?parent=14366"}],"wp:term":[{"taxonomy":"product_brand","embeddable":true,"href":"https:\/\/www.nogometnizaotroke.com\/it\/wp-json\/wp\/v2\/product_brand?post=14366"},{"taxonomy":"product_cat","embeddable":true,"href":"https:\/\/www.nogometnizaotroke.com\/it\/wp-json\/wp\/v2\/product_cat?post=14366"},{"taxonomy":"product_tag","embeddable":true,"href":"https:\/\/www.nogometnizaotroke.com\/it\/wp-json\/wp\/v2\/product_tag?post=14366"}],"curies":[{"name":"wp","href":"https:\/\/api.w.org\/{rel}","templated":true}]}}