{"id":14093,"date":"2024-07-04T02:55:33","date_gmt":"2024-07-04T02:55:33","guid":{"rendered":"https:\/\/www.nogometnionline.com\/?post_type=product&#038;p=14093"},"modified":"2024-07-04T02:55:38","modified_gmt":"2024-07-04T02:55:38","slug":"zenski-nogometni-dresi-za-nizko-ceno-francija-reprezentance-domaci-em-2024-ibrahima-konate-24","status":"publish","type":"product","link":"https:\/\/www.nogometnizaotroke.com\/it\/product\/zenski-nogometni-dresi-za-nizko-ceno-francija-reprezentance-domaci-em-2024-ibrahima-konate-24\/","title":{"rendered":"Maglie Calcio Donna Prezzo Basso Nazionale Francia Home EM 2024 Ibrahima Konate 24"},"content":{"rendered":"<p>Francija Reprezentance Doma\u010di EM 2024\u00a0 dresi ima klasi\u010den, a eleganten dizajn. V glavnem je &#8220;svetlo modra&#8221;, ki se odmika od mornarske barvne sheme leta 2022. V kombinaciji s tem modrim odtenkom sta &#8220;univerzitetna rde\u010da&#8221; in bela.<br \/>\nLa cosa pi\u00f9 sorprendente della maglia di Francia 2024 \u00e8 lo stemma. Lo Swoosh ha lanciato una nuova combinazione di colori classici del famoso logo della FFF. Anche lo stemma \u00e8 di dimensioni gigantesche. Il colletto presenta una tromba e un'esclusiva costruzione a V sfalsata.<\/p>\n<p>Suggerimenti per i calzini: la maglietta non include i calzini per impostazione predefinita. Se si desiderano i calzini, selezionare le opzioni relative ai calzini per pagarli.<\/p>\n<p>Suggerimento per la stampa: se il nome e il numero nell'immagine sono esattamente quelli desiderati, non \u00e8 necessario inserirli di nuovo. In caso contrario, inserire il nome e il numero desiderati.<\/p>\n<p>Consiglio per il lavaggio: si consiglia di lavare le maglie da calcio a mano. Se si desidera utilizzare una lavatrice, ricordarsi di girare la maglia e poi lavarla. Riempire la macchina con acqua fredda e utilizzare un ciclo di lavaggio delicato per proteggere maggiormente i colori.<\/p>","protected":false},"excerpt":{"rendered":"<p>Francija Reprezentance Doma\u010di EM 2024\u00a0 dresi ima klasi\u010den, a eleganten dizajn. V glavnem je &#8220;svetlo modra&#8221;, ki se odmika od mornarske barvne sheme leta 2022. V kombinaciji s tem modrim odtenkom sta &#8220;univerzitetna rde\u010da&#8221; in bela. Kar je najbolj presenetljivo pri dresu Francije 2024, je grb. Swoosh se je za\u010del novo klasi\u010dno barvno shemo slavnega [&hellip;]<\/p>","protected":false},"featured_media":14097,"comment_status":"open","ping_status":"closed","template":"","meta":[],"product_brand":[],"product_cat":[778,74,76],"product_tag":[831,832,916,153,148,147,320,917],"class_list":{"0":"post-14093","1":"product","2":"type-product","3":"status-publish","4":"has-post-thumbnail","6":"product_cat-euro-2024","7":"product_cat-zenski","8":"product_cat-dresi-francija-reprezentance","9":"product_tag-dresi-francija-reprezentance","10":"product_tag-euro-2024","11":"product_tag-francija-em-2024-ibrahima-konate-dresi","12":"product_tag-nogometni-dresi","13":"product_tag-poceni-nogometni-dresi","14":"product_tag-slovenski-nogometni-dresi","15":"product_tag-zenski-nogometni-dresi","16":"product_tag-zenski-nogometni-dresi-trgovine","18":"first","19":"instock","20":"shipping-taxable","21":"purchasable","22":"product-type-variable"},"_links":{"self":[{"href":"https:\/\/www.nogometnizaotroke.com\/it\/wp-json\/wp\/v2\/product\/14093","targetHints":{"allow":["GET"]}}],"collection":[{"href":"https:\/\/www.nogometnizaotroke.com\/it\/wp-json\/wp\/v2\/product"}],"about":[{"href":"https:\/\/www.nogometnizaotroke.com\/it\/wp-json\/wp\/v2\/types\/product"}],"replies":[{"embeddable":true,"href":"https:\/\/www.nogometnizaotroke.com\/it\/wp-json\/wp\/v2\/comments?post=14093"}],"wp:featuredmedia":[{"embeddable":true,"href":"https:\/\/www.nogometnizaotroke.com\/it\/wp-json\/wp\/v2\/media\/14097"}],"wp:attachment":[{"href":"https:\/\/www.nogometnizaotroke.com\/it\/wp-json\/wp\/v2\/media?parent=14093"}],"wp:term":[{"taxonomy":"product_brand","embeddable":true,"href":"https:\/\/www.nogometnizaotroke.com\/it\/wp-json\/wp\/v2\/product_brand?post=14093"},{"taxonomy":"product_cat","embeddable":true,"href":"https:\/\/www.nogometnizaotroke.com\/it\/wp-json\/wp\/v2\/product_cat?post=14093"},{"taxonomy":"product_tag","embeddable":true,"href":"https:\/\/www.nogometnizaotroke.com\/it\/wp-json\/wp\/v2\/product_tag?post=14093"}],"curies":[{"name":"wp","href":"https:\/\/api.w.org\/{rel}","templated":true}]}}