{"id":14026,"date":"2024-07-02T02:49:07","date_gmt":"2024-07-02T02:49:07","guid":{"rendered":"https:\/\/www.nogometnionline.com\/?post_type=product&#038;p=14026"},"modified":"2024-07-02T02:49:11","modified_gmt":"2024-07-02T02:49:11","slug":"zenski-nogometni-dresi-nemcija-reprezentance-domaci-euro-2024-z-imenom-florian-wirtz-17","status":"publish","type":"product","link":"https:\/\/www.nogometnizaotroke.com\/it\/product\/zenski-nogometni-dresi-nemcija-reprezentance-domaci-euro-2024-z-imenom-florian-wirtz-17\/","title":{"rendered":"Maglie calcio femminile Germania Home Euro 2024 con Florian Wirtz 17"},"content":{"rendered":"<p>Maglietta per <strong>Maglie calcio Germania Squadra Nazionale Home Euro 2024<\/strong> ha un design moderno ed eccezionale. Le maglie da calcio Germany Home per UEFA Euro 2024 sono un richiamo nostalgico alle ex squadre tedesche. La base bianca lascia spazio al tricolore della bandiera tedesca lungo le maniche, segno distintivo della Coppa del Mondo del 1994. \u00c8 interessante notare che la squadra del 1994 si guadagna un'altra distinzione: i loghi della DFB formano un motivo che attraversa l'intera maglia.<\/p>","protected":false},"excerpt":{"rendered":"<p>Majica za Nogometni dresi Nem\u010dija Reprezentance Doma\u010di Euro 2024 ima sodoben in izjemen dizajn. Nogometni dresi Nem\u010dija Doma\u010di za turnir UEFA Euro 2024 je nostalgi\u010dno prikimavanje nekdanjih nem\u0161kih ekip. Bela podlaga naredi prostor za tribarvnico nem\u0161ke zastave vzdol\u017e rokavov, kar je znak svetovnega prvenstva leta 1994. Zanimivo je, da si ekipa iz leta 1994 prislu\u017ei [&hellip;]<\/p>","protected":false},"featured_media":14028,"comment_status":"open","ping_status":"closed","template":"","meta":[],"product_brand":[],"product_cat":[778,74,80],"product_tag":[909,900,779,153,148,901,147,320],"class_list":{"0":"post-14026","1":"product","2":"type-product","3":"status-publish","4":"has-post-thumbnail","6":"product_cat-euro-2024","7":"product_cat-zenski","8":"product_cat-dresi-nemcija-reprezentance","9":"product_tag-florian-wirtz-dresi","10":"product_tag-kupiti-zenski-dresi-nemcija-euro-2024","11":"product_tag-nemcija-euro-2024-dresi","12":"product_tag-nogometni-dresi","13":"product_tag-poceni-nogometni-dresi","14":"product_tag-poceni-zenski-dresi-nemcija-euro-2024","15":"product_tag-slovenski-nogometni-dresi","16":"product_tag-zenski-nogometni-dresi","18":"first","19":"instock","20":"shipping-taxable","21":"purchasable","22":"product-type-variable"},"_links":{"self":[{"href":"https:\/\/www.nogometnizaotroke.com\/it\/wp-json\/wp\/v2\/product\/14026","targetHints":{"allow":["GET"]}}],"collection":[{"href":"https:\/\/www.nogometnizaotroke.com\/it\/wp-json\/wp\/v2\/product"}],"about":[{"href":"https:\/\/www.nogometnizaotroke.com\/it\/wp-json\/wp\/v2\/types\/product"}],"replies":[{"embeddable":true,"href":"https:\/\/www.nogometnizaotroke.com\/it\/wp-json\/wp\/v2\/comments?post=14026"}],"wp:featuredmedia":[{"embeddable":true,"href":"https:\/\/www.nogometnizaotroke.com\/it\/wp-json\/wp\/v2\/media\/14028"}],"wp:attachment":[{"href":"https:\/\/www.nogometnizaotroke.com\/it\/wp-json\/wp\/v2\/media?parent=14026"}],"wp:term":[{"taxonomy":"product_brand","embeddable":true,"href":"https:\/\/www.nogometnizaotroke.com\/it\/wp-json\/wp\/v2\/product_brand?post=14026"},{"taxonomy":"product_cat","embeddable":true,"href":"https:\/\/www.nogometnizaotroke.com\/it\/wp-json\/wp\/v2\/product_cat?post=14026"},{"taxonomy":"product_tag","embeddable":true,"href":"https:\/\/www.nogometnizaotroke.com\/it\/wp-json\/wp\/v2\/product_tag?post=14026"}],"curies":[{"name":"wp","href":"https:\/\/api.w.org\/{rel}","templated":true}]}}