{"id":13647,"date":"2024-06-21T02:31:14","date_gmt":"2024-06-21T02:31:14","guid":{"rendered":"https:\/\/www.nogometnionline.com\/?post_type=product&#038;p=13647"},"modified":"2024-06-22T01:15:09","modified_gmt":"2024-06-22T01:15:09","slug":"otroski-nogometni-dresi-reprezentance-kompleti-nemcija-gostujoci-em-2024","status":"publish","type":"product","link":"https:\/\/www.nogometnizaotroke.com\/it\/product\/otroski-nogometni-dresi-reprezentance-kompleti-nemcija-gostujoci-em-2024\/","title":{"rendered":"Otro\u0161ki Nogometni dresi reprezentance kompleti Nem\u010dija Gostujo\u010di EM 2024"},"content":{"rendered":"<p>Otro\u0161ki Nogometni dresi reprezentance kompleti Nem\u010dija Gostujo\u010di EM 2024<\/p>","protected":false},"excerpt":{"rendered":"<p>Otro\u0161ki Nogometni dresi reprezentance kompleti Nem\u010dija Gostujo\u010di EM 2024<\/p>","protected":false},"featured_media":13649,"comment_status":"open","ping_status":"closed","template":"","meta":[],"product_brand":[],"product_cat":[778,73,80],"product_tag":[849,779,153,159,148,850,147],"class_list":{"0":"post-13647","1":"product","2":"type-product","3":"status-publish","4":"has-post-thumbnail","6":"product_cat-euro-2024","7":"product_cat-otroski","8":"product_cat-dresi-nemcija-reprezentance","9":"product_tag-kupiti-otroski-dresi-nemcija-euro-2024","10":"product_tag-nemcija-euro-2024-dresi","11":"product_tag-nogometni-dresi","12":"product_tag-otroski-nogometni-dresi","13":"product_tag-poceni-nogometni-dresi","14":"product_tag-poceni-otroski-dresi-nemcija-euro-2024","15":"product_tag-slovenski-nogometni-dresi","17":"first","18":"instock","19":"featured","20":"shipping-taxable","21":"purchasable","22":"product-type-variable"},"_links":{"self":[{"href":"https:\/\/www.nogometnizaotroke.com\/it\/wp-json\/wp\/v2\/product\/13647","targetHints":{"allow":["GET"]}}],"collection":[{"href":"https:\/\/www.nogometnizaotroke.com\/it\/wp-json\/wp\/v2\/product"}],"about":[{"href":"https:\/\/www.nogometnizaotroke.com\/it\/wp-json\/wp\/v2\/types\/product"}],"replies":[{"embeddable":true,"href":"https:\/\/www.nogometnizaotroke.com\/it\/wp-json\/wp\/v2\/comments?post=13647"}],"wp:featuredmedia":[{"embeddable":true,"href":"https:\/\/www.nogometnizaotroke.com\/it\/wp-json\/wp\/v2\/media\/13649"}],"wp:attachment":[{"href":"https:\/\/www.nogometnizaotroke.com\/it\/wp-json\/wp\/v2\/media?parent=13647"}],"wp:term":[{"taxonomy":"product_brand","embeddable":true,"href":"https:\/\/www.nogometnizaotroke.com\/it\/wp-json\/wp\/v2\/product_brand?post=13647"},{"taxonomy":"product_cat","embeddable":true,"href":"https:\/\/www.nogometnizaotroke.com\/it\/wp-json\/wp\/v2\/product_cat?post=13647"},{"taxonomy":"product_tag","embeddable":true,"href":"https:\/\/www.nogometnizaotroke.com\/it\/wp-json\/wp\/v2\/product_tag?post=13647"}],"curies":[{"name":"wp","href":"https:\/\/api.w.org\/{rel}","templated":true}]}}