{"id":13507,"date":"2024-06-18T02:33:32","date_gmt":"2024-06-18T02:33:32","guid":{"rendered":"https:\/\/www.nogometnionline.com\/?post_type=product&#038;p=13507"},"modified":"2024-06-18T02:33:38","modified_gmt":"2024-06-18T02:33:38","slug":"najcenejsi-moski-nogometni-dresi-avstrija-gostujoci-euro-2024-marko-arnautovic-7","status":"publish","type":"product","link":"https:\/\/www.nogometnizaotroke.com\/it\/product\/najcenejsi-moski-nogometni-dresi-avstrija-gostujoci-euro-2024-marko-arnautovic-7\/","title":{"rendered":"Najcenej\u0161i Mo\u0161ki Nogometni dresi Avstrija Gostujo\u010di Euro 2024 Marko Arnautovic 7"},"content":{"rendered":"<p>Najcenej\u0161i Mo\u0161ki Nogometni dresi Avstrija Gostujo\u010di Euro 2024 Marko Arnautovic 7<\/p>","protected":false},"excerpt":{"rendered":"<p>Najcenej\u0161i Mo\u0161ki Nogometni dresi Avstrija Gostujo\u010di Euro 2024 Marko Arnautovic 7<\/p>","protected":false},"featured_media":13509,"comment_status":"open","ping_status":"closed","template":"","meta":[],"product_brand":[],"product_cat":[778,140,135],"product_tag":[789,782,150,153,768,148,147],"class_list":{"0":"post-13507","1":"product","2":"type-product","3":"status-publish","4":"has-post-thumbnail","6":"product_cat-euro-2024","7":"product_cat-moski","8":"product_cat-dresi-avstrija-reprezentance","9":"product_tag-avstrija-euro-2024-dresi","10":"product_tag-euro-2024-dresi","11":"product_tag-moski-nogometni-dresi","12":"product_tag-nogometni-dresi","13":"product_tag-poceni-moski-nogometni-dresi","14":"product_tag-poceni-nogometni-dresi","15":"product_tag-slovenski-nogometni-dresi","17":"first","18":"instock","19":"shipping-taxable","20":"purchasable","21":"product-type-variable"},"_links":{"self":[{"href":"https:\/\/www.nogometnizaotroke.com\/it\/wp-json\/wp\/v2\/product\/13507","targetHints":{"allow":["GET"]}}],"collection":[{"href":"https:\/\/www.nogometnizaotroke.com\/it\/wp-json\/wp\/v2\/product"}],"about":[{"href":"https:\/\/www.nogometnizaotroke.com\/it\/wp-json\/wp\/v2\/types\/product"}],"replies":[{"embeddable":true,"href":"https:\/\/www.nogometnizaotroke.com\/it\/wp-json\/wp\/v2\/comments?post=13507"}],"wp:featuredmedia":[{"embeddable":true,"href":"https:\/\/www.nogometnizaotroke.com\/it\/wp-json\/wp\/v2\/media\/13509"}],"wp:attachment":[{"href":"https:\/\/www.nogometnizaotroke.com\/it\/wp-json\/wp\/v2\/media?parent=13507"}],"wp:term":[{"taxonomy":"product_brand","embeddable":true,"href":"https:\/\/www.nogometnizaotroke.com\/it\/wp-json\/wp\/v2\/product_brand?post=13507"},{"taxonomy":"product_cat","embeddable":true,"href":"https:\/\/www.nogometnizaotroke.com\/it\/wp-json\/wp\/v2\/product_cat?post=13507"},{"taxonomy":"product_tag","embeddable":true,"href":"https:\/\/www.nogometnizaotroke.com\/it\/wp-json\/wp\/v2\/product_tag?post=13507"}],"curies":[{"name":"wp","href":"https:\/\/api.w.org\/{rel}","templated":true}]}}