{"id":13197,"date":"2024-06-07T05:12:17","date_gmt":"2024-06-07T05:12:17","guid":{"rendered":"https:\/\/www.nogometnionline.com\/?post_type=product&#038;p=13197"},"modified":"2024-06-07T05:12:21","modified_gmt":"2024-06-07T05:12:21","slug":"moski-nogometni-dresi-kompleti-real-madrid-domaci-2024-25-tisk-ronaldo-7","status":"publish","type":"product","link":"https:\/\/www.nogometnizaotroke.com\/it\/product\/moski-nogometni-dresi-kompleti-real-madrid-domaci-2024-25-tisk-ronaldo-7\/","title":{"rendered":"Mo\u0161ki Nogometni dresi kompleti Real Madrid Doma\u010di 2024-25 tisk Ronaldo 7"},"content":{"rendered":"<p>Mo\u0161ki Nogometni dresi kompleti Real Madrid Doma\u010di 2024-25 tisk Ronaldo 7<\/p>","protected":false},"excerpt":{"rendered":"<p>Mo\u0161ki Nogometni dresi kompleti Real Madrid Doma\u010di 2024-25 tisk Ronaldo 7<\/p>","protected":false},"featured_media":13199,"comment_status":"open","ping_status":"closed","template":"","meta":[],"product_brand":[],"product_cat":[140,33],"product_tag":[837,150,464,463,148,167,751,147],"class_list":{"0":"post-13197","1":"product","2":"type-product","3":"status-publish","4":"has-post-thumbnail","6":"product_cat-moski","7":"product_cat-nogometni-dresi-real-madrid","8":"product_tag-dresi-za-nogomet","9":"product_tag-moski-nogometni-dresi","10":"product_tag-nogometni-dresi-real-madrid-prodaja","11":"product_tag-nogometni-dresi-real-madrid-z-lastnim-tiskom","12":"product_tag-poceni-nogometni-dresi","13":"product_tag-poceni-nogometni-dresi-real-madrid-z-lastnim-imenom-online","14":"product_tag-real-madrid-dresi-2024","15":"product_tag-slovenski-nogometni-dresi","17":"first","18":"instock","19":"shipping-taxable","20":"purchasable","21":"product-type-variable"},"_links":{"self":[{"href":"https:\/\/www.nogometnizaotroke.com\/it\/wp-json\/wp\/v2\/product\/13197","targetHints":{"allow":["GET"]}}],"collection":[{"href":"https:\/\/www.nogometnizaotroke.com\/it\/wp-json\/wp\/v2\/product"}],"about":[{"href":"https:\/\/www.nogometnizaotroke.com\/it\/wp-json\/wp\/v2\/types\/product"}],"replies":[{"embeddable":true,"href":"https:\/\/www.nogometnizaotroke.com\/it\/wp-json\/wp\/v2\/comments?post=13197"}],"wp:featuredmedia":[{"embeddable":true,"href":"https:\/\/www.nogometnizaotroke.com\/it\/wp-json\/wp\/v2\/media\/13199"}],"wp:attachment":[{"href":"https:\/\/www.nogometnizaotroke.com\/it\/wp-json\/wp\/v2\/media?parent=13197"}],"wp:term":[{"taxonomy":"product_brand","embeddable":true,"href":"https:\/\/www.nogometnizaotroke.com\/it\/wp-json\/wp\/v2\/product_brand?post=13197"},{"taxonomy":"product_cat","embeddable":true,"href":"https:\/\/www.nogometnizaotroke.com\/it\/wp-json\/wp\/v2\/product_cat?post=13197"},{"taxonomy":"product_tag","embeddable":true,"href":"https:\/\/www.nogometnizaotroke.com\/it\/wp-json\/wp\/v2\/product_tag?post=13197"}],"curies":[{"name":"wp","href":"https:\/\/api.w.org\/{rel}","templated":true}]}}