{"id":12988,"date":"2024-05-29T02:33:34","date_gmt":"2024-05-29T02:33:34","guid":{"rendered":"https:\/\/www.nogometnionline.com\/?post_type=product&#038;p=12988"},"modified":"2024-05-29T02:33:39","modified_gmt":"2024-05-29T02:33:39","slug":"moski-nogometni-dresi-za-mostva-kompleti-barcelona-domaci-2024-2025","status":"publish","type":"product","link":"https:\/\/www.nogometnizaotroke.com\/it\/product\/moski-nogometni-dresi-za-mostva-kompleti-barcelona-domaci-2024-2025\/","title":{"rendered":"Mo\u0161ki Nogometni dresi za mo\u0161tva kompleti Barcelona Doma\u010di 2024 2025"},"content":{"rendered":"<p>Mo\u0161ki Nogometni dresi za mo\u0161tva kompleti Barcelona Doma\u010di 2024 2025<\/p>","protected":false},"excerpt":{"rendered":"<p>Mo\u0161ki Nogometni dresi za mo\u0161tva kompleti Barcelona Doma\u010di 2024 2025<\/p>","protected":false},"featured_media":12990,"comment_status":"open","ping_status":"closed","template":"","meta":[],"product_brand":[],"product_cat":[140,34],"product_tag":[843,150,153,191,148,161,147],"class_list":{"0":"post-12988","1":"product","2":"type-product","3":"status-publish","4":"has-post-thumbnail","6":"product_cat-moski","7":"product_cat-nogometni-dresi-barcelona","8":"product_tag-2024-25-nogometni-dresi","9":"product_tag-moski-nogometni-dresi","10":"product_tag-nogometni-dresi","11":"product_tag-nogometni-dresi-kompleti","12":"product_tag-poceni-nogometni-dresi","13":"product_tag-poceni-nogometni-dresi-barcelona-z-lastnim-imenom-online","14":"product_tag-slovenski-nogometni-dresi","16":"first","17":"instock","18":"shipping-taxable","19":"purchasable","20":"product-type-variable"},"_links":{"self":[{"href":"https:\/\/www.nogometnizaotroke.com\/it\/wp-json\/wp\/v2\/product\/12988","targetHints":{"allow":["GET"]}}],"collection":[{"href":"https:\/\/www.nogometnizaotroke.com\/it\/wp-json\/wp\/v2\/product"}],"about":[{"href":"https:\/\/www.nogometnizaotroke.com\/it\/wp-json\/wp\/v2\/types\/product"}],"replies":[{"embeddable":true,"href":"https:\/\/www.nogometnizaotroke.com\/it\/wp-json\/wp\/v2\/comments?post=12988"}],"wp:featuredmedia":[{"embeddable":true,"href":"https:\/\/www.nogometnizaotroke.com\/it\/wp-json\/wp\/v2\/media\/12990"}],"wp:attachment":[{"href":"https:\/\/www.nogometnizaotroke.com\/it\/wp-json\/wp\/v2\/media?parent=12988"}],"wp:term":[{"taxonomy":"product_brand","embeddable":true,"href":"https:\/\/www.nogometnizaotroke.com\/it\/wp-json\/wp\/v2\/product_brand?post=12988"},{"taxonomy":"product_cat","embeddable":true,"href":"https:\/\/www.nogometnizaotroke.com\/it\/wp-json\/wp\/v2\/product_cat?post=12988"},{"taxonomy":"product_tag","embeddable":true,"href":"https:\/\/www.nogometnizaotroke.com\/it\/wp-json\/wp\/v2\/product_tag?post=12988"}],"curies":[{"name":"wp","href":"https:\/\/api.w.org\/{rel}","templated":true}]}}