{"id":12940,"date":"2024-05-27T02:25:45","date_gmt":"2024-05-27T02:25:45","guid":{"rendered":"https:\/\/www.nogometnionline.com\/?post_type=product&#038;p=12940"},"modified":"2024-05-27T02:50:53","modified_gmt":"2024-05-27T02:50:53","slug":"poceni-moski-nogometni-dresi-kompleti-kolumbija-domaci-copa-america-2024-online","status":"publish","type":"product","link":"https:\/\/www.nogometnizaotroke.com\/it\/product\/poceni-moski-nogometni-dresi-kompleti-kolumbija-domaci-copa-america-2024-online\/","title":{"rendered":"Mo\u0161ki Nogometni dresi kompleti reprezentance Kolumbija Doma\u010di Copa America 2024 Rumena"},"content":{"rendered":"<p><strong>Mo\u0161ki Nogometni dresi kompleti reprezentance Kolumbija Doma\u010di Copa America 2024 Rumena.<\/strong>Kar omogo\u010da majico za doma\u010di nogomet Colombia 2024, je plo\u0161\u010da, ki poteka od strani proti hrbtu. Na voljo je v sve\u017eem oran\u017enem dizajnu.Na hrbtni strani pod ovratnikom je ime dr\u017eave Kolumbija.<\/p>","protected":false},"excerpt":{"rendered":"<p>Mo\u0161ki Nogometni dresi kompleti reprezentance Kolumbija Doma\u010di Copa America 2024 Rumena.Kar omogo\u010da majico za doma\u010di nogomet Colombia 2024, je plo\u0161\u010da, ki poteka od strani proti hrbtu. Na voljo je v sve\u017eem oran\u017enem dizajnu.Na hrbtni strani pod ovratnikom je ime dr\u017eave Kolumbija.<\/p>","protected":false},"featured_media":12942,"comment_status":"open","ping_status":"closed","template":"","meta":[],"product_brand":[],"product_cat":[140,83],"product_tag":[847,848,150,153,148,147],"class_list":{"0":"post-12940","1":"product","2":"type-product","3":"status-publish","4":"has-post-thumbnail","6":"product_cat-moski","7":"product_cat-dresi-kolumbija-reprezentance","8":"product_tag-copa-america-2024","9":"product_tag-kolumbija-copa-america-2024-dresi","10":"product_tag-moski-nogometni-dresi","11":"product_tag-nogometni-dresi","12":"product_tag-poceni-nogometni-dresi","13":"product_tag-slovenski-nogometni-dresi","15":"first","16":"instock","17":"featured","18":"shipping-taxable","19":"purchasable","20":"product-type-variable"},"_links":{"self":[{"href":"https:\/\/www.nogometnizaotroke.com\/it\/wp-json\/wp\/v2\/product\/12940","targetHints":{"allow":["GET"]}}],"collection":[{"href":"https:\/\/www.nogometnizaotroke.com\/it\/wp-json\/wp\/v2\/product"}],"about":[{"href":"https:\/\/www.nogometnizaotroke.com\/it\/wp-json\/wp\/v2\/types\/product"}],"replies":[{"embeddable":true,"href":"https:\/\/www.nogometnizaotroke.com\/it\/wp-json\/wp\/v2\/comments?post=12940"}],"wp:featuredmedia":[{"embeddable":true,"href":"https:\/\/www.nogometnizaotroke.com\/it\/wp-json\/wp\/v2\/media\/12942"}],"wp:attachment":[{"href":"https:\/\/www.nogometnizaotroke.com\/it\/wp-json\/wp\/v2\/media?parent=12940"}],"wp:term":[{"taxonomy":"product_brand","embeddable":true,"href":"https:\/\/www.nogometnizaotroke.com\/it\/wp-json\/wp\/v2\/product_brand?post=12940"},{"taxonomy":"product_cat","embeddable":true,"href":"https:\/\/www.nogometnizaotroke.com\/it\/wp-json\/wp\/v2\/product_cat?post=12940"},{"taxonomy":"product_tag","embeddable":true,"href":"https:\/\/www.nogometnizaotroke.com\/it\/wp-json\/wp\/v2\/product_tag?post=12940"}],"curies":[{"name":"wp","href":"https:\/\/api.w.org\/{rel}","templated":true}]}}