{"id":12641,"date":"2024-05-14T03:23:28","date_gmt":"2024-05-14T03:23:28","guid":{"rendered":"https:\/\/www.nogometnionline.com\/?post_type=product&#038;p=12641"},"modified":"2024-05-17T11:29:01","modified_gmt":"2024-05-17T11:29:01","slug":"poceni-moski-nogometni-dresi-ajax-tretji-2022-23-po-narocilu","status":"publish","type":"product","link":"https:\/\/www.nogometnizaotroke.com\/it\/product\/poceni-moski-nogometni-dresi-ajax-tretji-2022-23-po-narocilu\/","title":{"rendered":"Poceni Mo\u0161ki Nogometni dresi Ajax Tretji 2022-23 po naro\u010dilu"},"content":{"rendered":"<p>Poceni Mo\u0161ki Nogometni dresi Ajax Tretji 2022-23 po naro\u010dilu<\/p>","protected":false},"excerpt":{"rendered":"<p>Poceni Mo\u0161ki Nogometni dresi Ajax Tretji 2022-23 po naro\u010dilu<\/p>","protected":false},"featured_media":12643,"comment_status":"open","ping_status":"closed","template":"","meta":[],"product_brand":[],"product_cat":[140,57],"product_tag":[152,150,153,148,492,147],"class_list":{"0":"post-12641","1":"product","2":"type-product","3":"status-publish","4":"has-post-thumbnail","6":"product_cat-moski","7":"product_cat-nogometni-dresi-ajax","8":"product_tag-moski-nogometni-dres","9":"product_tag-moski-nogometni-dresi","10":"product_tag-nogometni-dresi","11":"product_tag-poceni-nogometni-dresi","12":"product_tag-poceni-nogometni-dresi-ajax-z-lastnim-imenom-online","13":"product_tag-slovenski-nogometni-dresi","15":"first","16":"instock","17":"featured","18":"shipping-taxable","19":"purchasable","20":"product-type-variable"},"_links":{"self":[{"href":"https:\/\/www.nogometnizaotroke.com\/it\/wp-json\/wp\/v2\/product\/12641","targetHints":{"allow":["GET"]}}],"collection":[{"href":"https:\/\/www.nogometnizaotroke.com\/it\/wp-json\/wp\/v2\/product"}],"about":[{"href":"https:\/\/www.nogometnizaotroke.com\/it\/wp-json\/wp\/v2\/types\/product"}],"replies":[{"embeddable":true,"href":"https:\/\/www.nogometnizaotroke.com\/it\/wp-json\/wp\/v2\/comments?post=12641"}],"wp:featuredmedia":[{"embeddable":true,"href":"https:\/\/www.nogometnizaotroke.com\/it\/wp-json\/wp\/v2\/media\/12643"}],"wp:attachment":[{"href":"https:\/\/www.nogometnizaotroke.com\/it\/wp-json\/wp\/v2\/media?parent=12641"}],"wp:term":[{"taxonomy":"product_brand","embeddable":true,"href":"https:\/\/www.nogometnizaotroke.com\/it\/wp-json\/wp\/v2\/product_brand?post=12641"},{"taxonomy":"product_cat","embeddable":true,"href":"https:\/\/www.nogometnizaotroke.com\/it\/wp-json\/wp\/v2\/product_cat?post=12641"},{"taxonomy":"product_tag","embeddable":true,"href":"https:\/\/www.nogometnizaotroke.com\/it\/wp-json\/wp\/v2\/product_tag?post=12641"}],"curies":[{"name":"wp","href":"https:\/\/api.w.org\/{rel}","templated":true}]}}