{"id":12491,"date":"2024-05-06T02:52:56","date_gmt":"2024-05-06T02:52:56","guid":{"rendered":"https:\/\/www.nogometnionline.com\/?post_type=product&#038;p=12491"},"modified":"2024-05-14T03:25:12","modified_gmt":"2024-05-14T03:25:12","slug":"najboljsi-nogometni-dresi-bayern-munich-domaci-2023-2024-harry-kane-9","status":"publish","type":"product","link":"https:\/\/www.nogometnizaotroke.com\/it\/product\/najboljsi-nogometni-dresi-bayern-munich-domaci-2023-2024-harry-kane-9\/","title":{"rendered":"Najbolj\u0161i Nogometni dresi Bayern Munich Doma\u010di 2023-2024 Harry Kane 9"},"content":{"rendered":"<p>Najbolj\u0161i Nogometni dresi Bayern Munich Doma\u010di 2023-2024 Harry Kane 9<\/p>","protected":false},"excerpt":{"rendered":"<p>Najbolj\u0161i Nogometni dresi Bayern Munich Doma\u010di 2023-2024 Harry Kane 9<\/p>","protected":false},"featured_media":12493,"comment_status":"open","ping_status":"closed","template":"","meta":[],"product_brand":[],"product_cat":[140,40],"product_tag":[377,150,379,153,378,194,148,374,147],"class_list":{"0":"post-12491","1":"product","2":"type-product","3":"status-publish","4":"has-post-thumbnail","6":"product_cat-moski","7":"product_cat-nogometni-dresi-bayern-munich","8":"product_tag-dresi-bayern-munich-za-moski","9":"product_tag-moski-nogometni-dresi","10":"product_tag-moski-nogometni-dresi-bayern-munich-z-lastnim-imenom","11":"product_tag-nogometni-dresi","12":"product_tag-nogometni-dresi-bayern-munich-za-moski-z-lastnim-tiskom","13":"product_tag-poceni-moski-nogometni-dresi-bayern-munich-z-lastnim-imenom","14":"product_tag-poceni-nogometni-dresi","15":"product_tag-poceni-nogometni-dresi-bayern-munich-z-lastnim-imenom-online","16":"product_tag-slovenski-nogometni-dresi","18":"first","19":"instock","20":"featured","21":"shipping-taxable","22":"purchasable","23":"product-type-variable"},"_links":{"self":[{"href":"https:\/\/www.nogometnizaotroke.com\/it\/wp-json\/wp\/v2\/product\/12491","targetHints":{"allow":["GET"]}}],"collection":[{"href":"https:\/\/www.nogometnizaotroke.com\/it\/wp-json\/wp\/v2\/product"}],"about":[{"href":"https:\/\/www.nogometnizaotroke.com\/it\/wp-json\/wp\/v2\/types\/product"}],"replies":[{"embeddable":true,"href":"https:\/\/www.nogometnizaotroke.com\/it\/wp-json\/wp\/v2\/comments?post=12491"}],"wp:featuredmedia":[{"embeddable":true,"href":"https:\/\/www.nogometnizaotroke.com\/it\/wp-json\/wp\/v2\/media\/12493"}],"wp:attachment":[{"href":"https:\/\/www.nogometnizaotroke.com\/it\/wp-json\/wp\/v2\/media?parent=12491"}],"wp:term":[{"taxonomy":"product_brand","embeddable":true,"href":"https:\/\/www.nogometnizaotroke.com\/it\/wp-json\/wp\/v2\/product_brand?post=12491"},{"taxonomy":"product_cat","embeddable":true,"href":"https:\/\/www.nogometnizaotroke.com\/it\/wp-json\/wp\/v2\/product_cat?post=12491"},{"taxonomy":"product_tag","embeddable":true,"href":"https:\/\/www.nogometnizaotroke.com\/it\/wp-json\/wp\/v2\/product_tag?post=12491"}],"curies":[{"name":"wp","href":"https:\/\/api.w.org\/{rel}","templated":true}]}}